{"id":436,"date":"2020-11-28T09:11:18","date_gmt":"2020-11-28T09:11:18","guid":{"rendered":"https:\/\/nauthemes.com\/wp\/kriate\/?page_id=436"},"modified":"2025-11-17T10:46:16","modified_gmt":"2025-11-17T10:46:16","slug":"contact-us","status":"publish","type":"page","link":"https:\/\/naghmouche.com\/?page_id=436","title":{"rendered":"Contact"},"content":{"rendered":"\t\t<div data-elementor-type=\"wp-page\" data-elementor-id=\"436\" class=\"elementor elementor-436\">\n\t\t\t\t\t\t<section class=\"elementor-section elementor-top-section elementor-element elementor-element-cf72398 elementor-section-full_width elementor-section-stretched elementor-section-height-default elementor-section-height-default\" data-id=\"cf72398\" data-element_type=\"section\" data-e-type=\"section\" data-settings=\"{&quot;stretch_section&quot;:&quot;section-stretched&quot;}\">\n\t\t\t\t\t\t<div class=\"elementor-container elementor-column-gap-no\">\n\t\t\t\t\t<div class=\"elementor-column elementor-col-100 elementor-top-column elementor-element elementor-element-e511d69\" data-id=\"e511d69\" data-element_type=\"column\" data-e-type=\"column\">\n\t\t\t<div class=\"elementor-widget-wrap elementor-element-populated\">\n\t\t\t\t\t\t<div class=\"elementor-element elementor-element-56aff8f elementor-widget elementor-widget-infoboxes\" data-id=\"56aff8f\" data-element_type=\"widget\" data-e-type=\"widget\" data-widget_type=\"infoboxes.default\">\n\t\t\t\t<div class=\"elementor-widget-container\">\n\t\t\t\t\t\n\t\n\t<section>\n\t\t<div class=\"w-100 pt-90 opc6 position-relative\">\n\t\t\t<div class=\"container\">\n\t\t\t\t<div class=\"cont-info-wrap w-100\">\n\t\t\t\t\t<div class=\"row\">\n\t\t\t\t\t\t\t\t\n\t\t\t\t\t\t\t\t<div class=\"col-md-6 col-sm-6 col-lg-4\">\n\t\t\t\t\t\t\t\t\t<div class=\"cont-info-box-wrap w-100\">\n\t\t\t\t\t\t\t\t\t\t<div class=\"cont-info-box text-center position-relative w-100 pat-bg white-layer opc8 back-blend-multiply bg-white\">\n\t\t\t\t\t\t\t\t\t\t<span class=\"bg-color1\">\n\t\t\t\t\t\t\t\t\t\t\t\t<i class=\"flaticon-phone-call \"><\/i>\n\t\t\t\t\t\t\t\t\t\t\t<\/span><h4 class=\"mb-0\">Num\u00e9ro de t\u00e9l\u00e9phone<\/h4><p class=\"mb-0\">+33 663 017 108<\/p>\n\t\t\t\t\t\t\t\t\t\t<\/div>\n\t\t\t\t\t\t\t\t\t<\/div>\n\t\t\t\t\t\t\t\t<\/div>\n\t\t\t\t\t\t\t\t\n\t\t\t\t\t\t\t\t<div class=\"col-md-6 col-sm-6 col-lg-4\">\n\t\t\t\t\t\t\t\t\t<div class=\"cont-info-box-wrap w-100\">\n\t\t\t\t\t\t\t\t\t\t<div class=\"cont-info-box text-center position-relative w-100 pat-bg white-layer opc8 back-blend-multiply bg-white\">\n\t\t\t\t\t\t\t\t\t\t<span class=\"bg-color1\">\n\t\t\t\t\t\t\t\t\t\t\t\t<i class=\"flaticon-mail \"><\/i>\n\t\t\t\t\t\t\t\t\t\t\t<\/span><h4 class=\"mb-0\">Adresse email<\/h4><p class=\"mb-0\">contact@naghmouche.com<\/p><p class=\"mb-0\">albasma@naghmouche.com<br>juridique@naghmouche.com<\/p>\n\t\t\t\t\t\t\t\t\t\t<\/div>\n\t\t\t\t\t\t\t\t\t<\/div>\n\t\t\t\t\t\t\t\t<\/div>\n\t\t\t\t\t\t\t\t\n\t\t\t\t\t\t\t\t<div class=\"col-md-6 col-sm-6 col-lg-4\">\n\t\t\t\t\t\t\t\t\t<div class=\"cont-info-box-wrap w-100\">\n\t\t\t\t\t\t\t\t\t\t<div class=\"cont-info-box text-center position-relative w-100 pat-bg white-layer opc8 back-blend-multiply bg-white\">\n\t\t\t\t\t\t\t\t\t\t<span class=\"bg-color1\">\n\t\t\t\t\t\t\t\t\t\t\t\t<i class=\"flaticon-placeholder \"><\/i>\n\t\t\t\t\t\t\t\t\t\t\t<\/span><h4 class=\"mb-0\">Adresse<\/h4><p class=\"mb-0\">17 boulevard de la Muette 95140,<\/p><p class=\"mb-0\"> Garges-L\u00e8s-Gonesse.<\/p>\n\t\t\t\t\t\t\t\t\t\t<\/div>\n\t\t\t\t\t\t\t\t\t<\/div>\n\t\t\t\t\t\t\t\t<\/div>\t\n\t\t\t\t\t\n\t\t\t\t\t<\/div>\n\t\t\t\t<\/div>\n\t\t\t<\/div>\n\t\t<\/div>\n\t<\/section>\t\t\t\t<\/div>\n\t\t\t\t<\/div>\n\t\t\t\t\t<\/div>\n\t\t<\/div>\n\t\t\t\t\t<\/div>\n\t\t<\/section>\n\t\t<div class=\"elementor-element elementor-element-944b8c1 e-grid e-con-boxed e-con e-parent\" data-id=\"944b8c1\" data-element_type=\"container\" data-e-type=\"container\">\n\t\t\t\t\t<div class=\"e-con-inner\">\n\t\t\t\t<div class=\"elementor-element elementor-element-9307e90 elementor-widget elementor-widget-spacer\" data-id=\"9307e90\" data-element_type=\"widget\" data-e-type=\"widget\" data-widget_type=\"spacer.default\">\n\t\t\t\t<div class=\"elementor-widget-container\">\n\t\t\t\t\t\t\t<div class=\"elementor-spacer\">\n\t\t\t<div class=\"elementor-spacer-inner\"><\/div>\n\t\t<\/div>\n\t\t\t\t\t\t<\/div>\n\t\t\t\t<\/div>\n\t\t\t\t\t<\/div>\n\t\t\t\t<\/div>\n\t\t\t\t<section class=\"elementor-section elementor-top-section elementor-element elementor-element-db2257f elementor-section-full_width elementor-section-stretched elementor-section-height-default elementor-section-height-default\" data-id=\"db2257f\" data-element_type=\"section\" data-e-type=\"section\" data-settings=\"{&quot;stretch_section&quot;:&quot;section-stretched&quot;}\">\n\t\t\t\t\t\t<div class=\"elementor-container elementor-column-gap-no\">\n\t\t\t\t\t<div class=\"elementor-column elementor-col-100 elementor-top-column elementor-element elementor-element-9f5d716\" data-id=\"9f5d716\" data-element_type=\"column\" data-e-type=\"column\">\n\t\t\t<div class=\"elementor-widget-wrap elementor-element-populated\">\n\t\t\t\t\t\t<div class=\"elementor-element elementor-element-3205ace elementor-widget elementor-widget-blaz-helpdesk\" data-id=\"3205ace\" data-element_type=\"widget\" data-e-type=\"widget\" data-widget_type=\"blaz-helpdesk.default\">\n\t\t\t\t<div class=\"elementor-widget-container\">\n\t\t\t\t\t\n    <section>\n      <div class=\"container\">\n        <div class=\"row align-items-center\">\n          <div class=\"col-lg-6\">\n            <div class=\"man-join\">\n                              <img decoding=\"async\" alt=\"rescue\" class=\"w-100 ps-sm-5\" src=\"https:\/\/naghmouche.com\/wp-content\/uploads\/2025\/01\/flag.jpg\">\n                            <img decoding=\"async\" class=\"man-img\" alt=\"man\" src=\"https:\/\/naghmouche.com\/wp-content\/uploads\/2025\/01\/Mr-naghmouchePhoto.png\">              <div class=\"help-number\">\n                                                <h3><a href=\"callto:+33 663 017 108\">+33 663 017 108<\/a><\/h3>                <a href=\"mailto:contact@naghmouche.com\">contact@naghmouche.com<\/a>              <\/div>\n            <\/div>\n          <\/div>\n          <div class=\"col-lg-6 ps-sm-5\">\n            <div class=\"train-with\">\n                             <h2>NOUS REJOINDRE<\/h2>               <h5>Rejoignez notre vision pour faire progresser la nation vers le sommet<\/h5>               <p>Vous avez des questions, des id\u00e9es de collaboration, ou vous souhaitez simplement en savoir plus sur notre travail ? N'h\u00e9sitez pas \u00e0 nous contacter via le formulaire ci-dessous. Nous lisons attentivement chaque message et ferons de notre mieux pour vous r\u00e9pondre dans les plus brefs d\u00e9lais.<\/p>                          <\/div>\n          <\/div>\n        <\/div>\n      <\/div>\n    <\/section>\n\n\t\t\t\t<\/div>\n\t\t\t\t<\/div>\n\t\t\t\t\t<\/div>\n\t\t<\/div>\n\t\t\t\t\t<\/div>\n\t\t<\/section>\n\t\t<div class=\"elementor-element elementor-element-0738d7d e-grid e-con-boxed e-con e-parent\" data-id=\"0738d7d\" data-element_type=\"container\" data-e-type=\"container\">\n\t\t\t\t\t<div class=\"e-con-inner\">\n\t\t\t\t<div class=\"elementor-element elementor-element-70265c0 elementor-widget elementor-widget-spacer\" data-id=\"70265c0\" data-element_type=\"widget\" data-e-type=\"widget\" data-widget_type=\"spacer.default\">\n\t\t\t\t<div class=\"elementor-widget-container\">\n\t\t\t\t\t\t\t<div class=\"elementor-spacer\">\n\t\t\t<div class=\"elementor-spacer-inner\"><\/div>\n\t\t<\/div>\n\t\t\t\t\t\t<\/div>\n\t\t\t\t<\/div>\n\t\t\t\t\t<\/div>\n\t\t\t\t<\/div>\n\t\t\t\t<section class=\"elementor-section elementor-top-section elementor-element elementor-element-5ea468b elementor-section-full_width elementor-section-stretched elementor-section-height-default elementor-section-height-default\" data-id=\"5ea468b\" data-element_type=\"section\" data-e-type=\"section\" data-settings=\"{&quot;stretch_section&quot;:&quot;section-stretched&quot;}\">\n\t\t\t\t\t\t<div class=\"elementor-container elementor-column-gap-no\">\n\t\t\t\t\t<div class=\"elementor-column elementor-col-100 elementor-top-column elementor-element elementor-element-811811e\" data-id=\"811811e\" data-element_type=\"column\" data-e-type=\"column\">\n\t\t\t<div class=\"elementor-widget-wrap elementor-element-populated\">\n\t\t\t\t\t\t<div class=\"elementor-element elementor-element-dd94a18 elementor-widget elementor-widget-contact_form_map\" data-id=\"dd94a18\" data-element_type=\"widget\" data-e-type=\"widget\" data-widget_type=\"contact_form_map.default\">\n\t\t\t\t<div class=\"elementor-widget-container\">\n\t\t\t\t\t\n\t\t\n\t\t<section>\n\t\t\t<div class=\"w-100 pb-250 position-relative\">\n\t\t\t\t<div class=\"container\">\n\t\t\t\t\t<div class=\"contact-wrap mt-100 w-100\">\n\t\t\t\t\t\t<div class=\"sec-title v2 text-center w-100\">\n\t\t\t\t\t\t\t<div class=\"sec-title-inner d-inline-block\"><div class=\"heading\"><p>Contactez-nous<\/p><h2>Se connecter pour aider<\/h2><\/div>\n\t\t\t\t\t\t\t\t<div id = \"social-test\" class = \"subscribe-data\">\n\t\t\t\t\t\t\t\t\t<ul class=\"social-media-icon\"><li><a href=\"https:\/\/www.facebook.com\/Naghmouche.chazil.Athmane\/?locale=fr_FR\" title=\"\" itemprop=\"url\" data-toggle=\"tooltip\" data-placement=\"bottom\" target=\"_blank\"><i class=\"fab fa-facebook-f\"><\/i><\/a><\/li><li><a href=\"https:\/\/fr.linkedin.com\/in\/athmane-chazil-naghmouche-97554634\" title=\"\" itemprop=\"url\" data-toggle=\"tooltip\" data-placement=\"bottom\" target=\"_blank\"><i class=\"fab fa-linkedin-in\"><\/i><\/a><\/li><li><a href=\"https:\/\/www.instagram.com\/chaz_nagh\/\" title=\"\" itemprop=\"url\" data-toggle=\"tooltip\" data-placement=\"bottom\" target=\"_blank\"><i class=\"fab fa-instagram\"><\/i><\/a><\/li>\n\t\t\t\t\t\t\t\t\t<\/ul>\n\t\t\t\t\t\t\t\t<\/div>\n\t\t\t\t\t\t\t<\/div>\n\t\t\t\t\t\t<\/div>\n\t\t\t\t\t\t\t<div class = \"contact-form text-center w-100\">\n\t\t\t\t\t\t\t\t<div class=\"row\">\n\t\t\t\t\t\t\t\t\t<div class = \"col-md-1 col-sm-1 col-lg-1\"><\/div>\n\t\t\t\t\t\t\t\t\t<div class=\"col-md-10 col-sm-10 col-lg-10\">\n\t\t\t\t\t\t\t\t\t\t<div class=\"contact-form text-center w-100\">\n\t\t\t\t\t\t\t\t\t\t\t<p>\n<div class=\"wpcf7 no-js\" id=\"wpcf7-f2600-o1\" lang=\"en-US\" dir=\"ltr\" data-wpcf7-id=\"2600\">\n<div class=\"screen-reader-response\"><p role=\"status\" aria-live=\"polite\" aria-atomic=\"true\"><\/p> <ul><\/ul><\/div>\n<form action=\"\/index.php?rest_route=%2Fwp%2Fv2%2Fpages%2F436#wpcf7-f2600-o1\" method=\"post\" class=\"wpcf7-form init\" aria-label=\"Contact form\" novalidate=\"novalidate\" data-status=\"init\">\n<fieldset class=\"hidden-fields-container\"><input type=\"hidden\" name=\"_wpcf7\" value=\"2600\" \/><input type=\"hidden\" name=\"_wpcf7_version\" value=\"6.1.5\" \/><input type=\"hidden\" name=\"_wpcf7_locale\" value=\"en_US\" \/><input type=\"hidden\" name=\"_wpcf7_unit_tag\" value=\"wpcf7-f2600-o1\" \/><input type=\"hidden\" name=\"_wpcf7_container_post\" value=\"0\" \/><input type=\"hidden\" name=\"_wpcf7_posted_data_hash\" value=\"\" \/><input type=\"hidden\" name=\"_wpcf7_recaptcha_response\" value=\"\" \/>\n<\/fieldset>\n<div class = \"row\">\n\t<div class=\"col-md-6 col-sm-6 col-lg-6\">\n\t\t<p><span class=\"wpcf7-form-control-wrap\" data-name=\"text-46\"><input size=\"40\" maxlength=\"400\" class=\"wpcf7-form-control wpcf7-text wpcf7-validates-as-required\" aria-required=\"true\" aria-invalid=\"false\" placeholder=\"Pr\u00e9nom\" value=\"\" type=\"text\" name=\"text-46\" \/><\/span>\n\t\t<\/p>\n\t<\/div>\n\t<div class=\"col-md-6 col-sm-6 col-lg-6\">\n\t\t<p><span class=\"wpcf7-form-control-wrap\" data-name=\"text-48\"><input size=\"40\" maxlength=\"400\" class=\"wpcf7-form-control wpcf7-text wpcf7-validates-as-required\" aria-required=\"true\" aria-invalid=\"false\" placeholder=\"Nom\" value=\"\" type=\"text\" name=\"text-48\" \/><\/span>\n\t\t<\/p>\n\t<\/div>\n\t<div class=\"col-md-6 col-sm-6 col-lg-6\">\n\t\t<p><span class=\"wpcf7-form-control-wrap\" data-name=\"email-205\"><input size=\"40\" maxlength=\"400\" class=\"wpcf7-form-control wpcf7-email wpcf7-validates-as-required wpcf7-text wpcf7-validates-as-email\" aria-required=\"true\" aria-invalid=\"false\" placeholder=\"Adresse email\" value=\"\" type=\"email\" name=\"email-205\" \/><\/span>\n\t\t<\/p>\n\t<\/div>\n\t<div class=\"col-md-6 col-sm-6 col-lg-6\">\n\t\t<p><span class=\"wpcf7-form-control-wrap\" data-name=\"tel-510\"><input size=\"40\" maxlength=\"400\" class=\"wpcf7-form-control wpcf7-tel wpcf7-validates-as-required wpcf7-text wpcf7-validates-as-tel\" aria-required=\"true\" aria-invalid=\"false\" placeholder=\"Num\u00e9ro de contact\" value=\"\" type=\"tel\" name=\"tel-510\" \/><\/span>\n\t\t<\/p>\n\t<\/div>\n\t<div class=\"col-md-12 col-sm-12 col-lg-12\">\n\t\t<p><span class=\"wpcf7-form-control-wrap\" data-name=\"textarea-810\"><textarea cols=\"40\" rows=\"10\" maxlength=\"2000\" class=\"wpcf7-form-control wpcf7-textarea\" aria-invalid=\"false\" placeholder=\"Message\" name=\"textarea-810\"><\/textarea><\/span>\n\t\t<\/p>\n\t<\/div>\n\t<div class=\"col-md-12 col-sm-12 col-lg-12\">\n\t\t<p><input class=\"wpcf7-form-control wpcf7-submit has-spinner button-style fill\" type=\"submit\" value=\"Envoyer un message\" \/>\n\t\t<\/p>\n\t<\/div>\n<\/div><div class=\"wpcf7-response-output\" aria-hidden=\"true\"><\/div>\n<\/form>\n<\/div>\n<\/p>\n\t\t\t\t\t\t\t\t\t\t<\/div>\n\t\t\t\t\t\t\t\t\t<\/div>\n\t\t\t\t\t\t\t\t\t<div class = \"col-md-1 col-sm-1 col-lg-1\"><\/div>\n\t\t\t\t\t\t\t\t<\/div>\n\t\t\t\t\t\t\t<\/div>\n\t\t\t\t\t<\/div>\n\t\t\t\t<\/div><!-- Contact Wrap -->\n\t\t<\/div>\n\t<\/section>\t\t\t\t<\/div>\n\t\t\t\t<\/div>\n\t\t\t\t\t<\/div>\n\t\t<\/div>\n\t\t\t\t\t<\/div>\n\t\t<\/section>\n\t\t\t\t<\/div>\n\t\t","protected":false},"excerpt":{"rendered":"<p>Num\u00e9ro de t\u00e9l\u00e9phone +33 663 017 108 Adresse email contact@naghmouche.com albasma@naghmouche.comjuridique@naghmouche.com Adresse 17 boulevard de la Muette 95140, Garges-L\u00e8s-Gonesse. +33 663 017 108 contact@naghmouche.com NOUS REJOINDRE Rejoignez notre vision pour faire progresser la nation vers le sommet Vous avez des questions, des id\u00e9es de collaboration, ou vous souhaitez simplement en [&hellip;]<\/p>\n","protected":false},"author":1,"featured_media":0,"parent":0,"menu_order":0,"comment_status":"closed","ping_status":"closed","template":"","meta":{"footnotes":""},"class_list":["post-436","page","type-page","status-publish","hentry"],"_links":{"self":[{"href":"https:\/\/naghmouche.com\/index.php?rest_route=\/wp\/v2\/pages\/436","targetHints":{"allow":["GET"]}}],"collection":[{"href":"https:\/\/naghmouche.com\/index.php?rest_route=\/wp\/v2\/pages"}],"about":[{"href":"https:\/\/naghmouche.com\/index.php?rest_route=\/wp\/v2\/types\/page"}],"author":[{"embeddable":true,"href":"https:\/\/naghmouche.com\/index.php?rest_route=\/wp\/v2\/users\/1"}],"replies":[{"embeddable":true,"href":"https:\/\/naghmouche.com\/index.php?rest_route=%2Fwp%2Fv2%2Fcomments&post=436"}],"version-history":[{"count":47,"href":"https:\/\/naghmouche.com\/index.php?rest_route=\/wp\/v2\/pages\/436\/revisions"}],"predecessor-version":[{"id":4446,"href":"https:\/\/naghmouche.com\/index.php?rest_route=\/wp\/v2\/pages\/436\/revisions\/4446"}],"wp:attachment":[{"href":"https:\/\/naghmouche.com\/index.php?rest_route=%2Fwp%2Fv2%2Fmedia&parent=436"}],"curies":[{"name":"wp","href":"https:\/\/api.w.org\/{rel}","templated":true}]}}