{"id":4348,"date":"2025-11-18T08:46:28","date_gmt":"2025-11-18T08:46:28","guid":{"rendered":"https:\/\/naghmouche.com\/?page_id=4348"},"modified":"2025-11-18T08:50:47","modified_gmt":"2025-11-18T08:50:47","slug":"sociale","status":"publish","type":"page","link":"https:\/\/naghmouche.com\/?page_id=4348","title":{"rendered":"Sociale"},"content":{"rendered":"\t\t<div data-elementor-type=\"wp-page\" data-elementor-id=\"4348\" class=\"elementor elementor-4348\">\n\t\t\t\t<div class=\"elementor-element elementor-element-40465a6 e-flex e-con-boxed e-con e-parent\" data-id=\"40465a6\" data-element_type=\"container\" data-e-type=\"container\">\n\t\t\t\t\t<div class=\"e-con-inner\">\n\t\t\t\t<div class=\"elementor-element elementor-element-6ae8431 elementor-widget elementor-widget-spacer\" data-id=\"6ae8431\" data-element_type=\"widget\" data-e-type=\"widget\" data-widget_type=\"spacer.default\">\n\t\t\t\t<div class=\"elementor-widget-container\">\n\t\t\t\t\t\t\t<div class=\"elementor-spacer\">\n\t\t\t<div class=\"elementor-spacer-inner\"><\/div>\n\t\t<\/div>\n\t\t\t\t\t\t<\/div>\n\t\t\t\t<\/div>\n\t\t\t\t\t<\/div>\n\t\t\t\t<\/div>\n\t\t<div class=\"elementor-element elementor-element-b800f45 e-flex e-con-boxed e-con e-parent\" data-id=\"b800f45\" data-element_type=\"container\" data-e-type=\"container\">\n\t\t\t\t\t<div class=\"e-con-inner\">\n\t\t\t\t<div class=\"elementor-element elementor-element-bd916bf elementor-widget elementor-widget-heading\" data-id=\"bd916bf\" data-element_type=\"widget\" data-e-type=\"widget\" data-widget_type=\"heading.default\">\n\t\t\t\t<div class=\"elementor-widget-container\">\n\t\t\t\t\t<h2 class=\"elementor-heading-title elementor-size-default\">Assistance aux \u00e9tudiants, soutien aux veuves et orphelins, et traitement de milliers de dossiers administratifs, m\u00e9dicaux et juridiques pour nos compatriotes<\/h2>\t\t\t\t<\/div>\n\t\t\t\t<\/div>\n\t\t\t\t\t<\/div>\n\t\t\t\t<\/div>\n\t\t<div class=\"elementor-element elementor-element-318ef6f e-grid e-con-boxed e-con e-parent\" data-id=\"318ef6f\" data-element_type=\"container\" data-e-type=\"container\">\n\t\t\t\t\t<div class=\"e-con-inner\">\n\t\t\t\t<div class=\"elementor-element elementor-element-d6a00a2 elementor-widget elementor-widget-image\" data-id=\"d6a00a2\" data-element_type=\"widget\" data-e-type=\"widget\" data-widget_type=\"image.default\">\n\t\t\t\t<div class=\"elementor-widget-container\">\n\t\t\t\t\t\t\t\t\t\t\t\t\t\t\t<img fetchpriority=\"high\" decoding=\"async\" width=\"768\" height=\"409\" src=\"https:\/\/naghmouche.com\/wp-content\/uploads\/2025\/01\/48-768x409.jpg\" class=\"attachment-medium_large size-medium_large wp-image-3151\" alt=\"\" srcset=\"https:\/\/naghmouche.com\/wp-content\/uploads\/2025\/01\/48-768x409.jpg 768w, https:\/\/naghmouche.com\/wp-content\/uploads\/2025\/01\/48-300x160.jpg 300w, https:\/\/naghmouche.com\/wp-content\/uploads\/2025\/01\/48-1024x545.jpg 1024w, https:\/\/naghmouche.com\/wp-content\/uploads\/2025\/01\/48.jpg 1078w\" sizes=\"(max-width: 768px) 100vw, 768px\" \/>\t\t\t\t\t\t\t\t\t\t\t\t\t\t\t<\/div>\n\t\t\t\t<\/div>\n\t\t\t\t<div class=\"elementor-element elementor-element-b765008 elementor-widget elementor-widget-text-editor\" data-id=\"b765008\" data-element_type=\"widget\" data-e-type=\"widget\" data-widget_type=\"text-editor.default\">\n\t\t\t\t<div class=\"elementor-widget-container\">\n\t\t\t\t\t\t\t\t\t<p><strong><span style=\"color: #000000;\">Analyse et pr\u00e9occupations concernant la mauvaise interpr\u00e9tation de la Convention de S\u00e9curit\u00e9 Sociale n\u00b02019-69 et ses r\u00e9percussions.<\/span><\/strong><\/p>\t\t\t\t\t\t\t\t<\/div>\n\t\t\t\t<\/div>\n\t\t\t\t\t<\/div>\n\t\t\t\t<\/div>\n\t\t<div class=\"elementor-element elementor-element-33540f6 e-grid e-con-boxed e-con e-parent\" data-id=\"33540f6\" data-element_type=\"container\" data-e-type=\"container\">\n\t\t\t\t\t<div class=\"e-con-inner\">\n\t\t\t\t<div class=\"elementor-element elementor-element-daffc7a elementor-widget elementor-widget-html\" data-id=\"daffc7a\" data-element_type=\"widget\" data-e-type=\"widget\" data-widget_type=\"html.default\">\n\t\t\t\t<div class=\"elementor-widget-container\">\n\t\t\t\t\t<style>\r\nul.force-list {\r\n  padding-left: 0;\r\n  margin: 10px 0;\r\n  \r\n}\r\np{\r\n     font-family: \"Epilogue\", sans-serif !important;\r\n  font-size: 16px;\r\n  color: #000;\r\n  text-align: justify;\r\n}\r\nul.force-list li {\r\n  position: relative;\r\n  padding-left: 20px;\r\n  margin-bottom: 8px;\r\n  display: block;\r\n  font-family: \"Epilogue\", sans-serif !important;\r\n  font-size: 16px;\r\n  color: #000;\r\n}\r\n\r\nul.force-list li::before {\r\n  content: \"\u2022\";\r\n  position: absolute;\r\n  left: 0;\r\n  top: 0;\r\n  color: #000;\r\n  font-size: 30px;\r\n  line-height: 1;\r\n  \r\n  \r\n}\r\n<\/style>\r\n<p >\r\nJe me permets de revenir que j\u2019ai mis en lumi\u00e8re certains points pr\u00e9occupants relatifs \u00e0 la mauvaise lecture, par le biais fran\u00e7ais, de la <b>Convention de s\u00e9curit\u00e9 sociale n\u00b02019-69 du 1er f\u00e9vrier 2019<\/b>. Cette convention porte sur la publication du protocole annexe \u00e0 la convention g\u00e9n\u00e9rale du 1er octobre 1981, et certaines anomalies ont \u00e9t\u00e9 relev\u00e9es dans son interpr\u00e9tation.<br><br>\r\n\r\nEn effet, cette mauvaise interpr\u00e9tation a conduit au <b>refus d\u2019octroyer l\u2019Aide M\u00e9dicale de l\u2019\u00c9tat aux Alg\u00e9riens en situation irr\u00e9guli\u00e8re<\/b>, leur imposant notamment la pr\u00e9sentation du formulaire SE 352-03, ce qui a accru les barri\u00e8res pour ces populations vuln\u00e9rables.<br><br>\r\nMon exp\u00e9rience personnelle dans le domaine social m\u2019a conduit \u00e0 traiter des milliers de dossiers relatifs aux \u00e9migr\u00e9s alg\u00e9riens dans les secteurs administratif, m\u00e9dical et juridique, offrant un soutien vital \u00e0 ceux dans le besoin. J\u2019ai \u00e9galement accompagn\u00e9 de nombreux \u00e9tudiants alg\u00e9riens en France pour faciliter leur acc\u00e8s \u00e0 l\u2019\u00e9ducation, notamment en r\u00e9pondant \u00e0 leurs pr\u00e9occupations financi\u00e8res et administratives.<br>\r\n<br>Depuis plusieurs ann\u00e9es, ces pr\u00e9occupations ont conduit au traitement de 2886 dossiers d\u2019adh\u00e9rents issus de diff\u00e9rentes nationalit\u00e9s, avec plus de <b>3000 personnes re\u00e7ues en permanence<\/b>. Durant l\u2019ann\u00e9e 2023-2024, <b>534 nouveaux adh\u00e9rents ont \u00e9t\u00e9 enregistr\u00e9s, et 2772 heures de b\u00e9n\u00e9volat ont \u00e9t\u00e9 r\u00e9alis\u00e9es<\/b>, t\u00e9moignant d\u2019un engagement collectif important.<br><br>\r\nLes donn\u00e9es relatives aux d\u00e9c\u00e8s au sein de notre Organisation sont pr\u00e9occupantes. Depuis 2017, le taux de d\u00e9c\u00e8s parmi les membres est de 12 %, r\u00e9partis comme suit :<br>\r\n<b style=\"color: #d6111e;\"><br>Maladies cardiovasculaires : 12 %<br>\r\nCancers : 46 %<br>Maladies respiratoires : 17 %<br>\r\nAutres causes : 25 %<br><\/b>\r\n<br>Ces chiffres r\u00e9v\u00e8lent que la majorit\u00e9 des d\u00e9c\u00e8s sont li\u00e9s \u00e0 des pathologies graves et touchent toutes les tranches d\u2019\u00e2ge. Les dossiers m\u00e9dicaux complexes n\u00e9cessitent ainsi une attention particuli\u00e8re, et l\u2019\u00e9quipe de b\u00e9n\u00e9voles a \u00e9t\u00e9 mobilis\u00e9e pour fournir des informations essentielles afin de faciliter la prise en charge et le traitement des patients concern\u00e9s.\r\n<br>\r\n<br>Les \u00e9tudiants alg\u00e9riens en France constituent \u00e9galement une population particuli\u00e8rement vuln\u00e9rable, notamment sur le plan financier. La majorit\u00e9 d\u2019entre eux financent leur parcours acad\u00e9mique en travaillant parall\u00e8lement \u00e0 leurs \u00e9tudes, ce qui repr\u00e9sente un double d\u00e9fi.<br><br>\r\nAfin de r\u00e9pondre \u00e0 leurs pr\u00e9occupations, une assistance juridique et administrative a \u00e9t\u00e9 mise en place, avec l\u2019allocation de montants financiers en faveur de plusieurs \u00e9tudiants, notamment \u00e0 <b>Paris et Rouen<\/b>. Cette d\u00e9marche vise \u00e0 leur fournir un soutien concret dans leurs d\u00e9marches administratives et financi\u00e8res.<br><br>\r\nDe m\u00eame, des mesures ont \u00e9t\u00e9 mises en \u0153uvre pour soutenir les veuves et les orphelins, reconnaissant leur vuln\u00e9rabilit\u00e9 dans le tissu social.\r\n<\/p>\t\t\t\t<\/div>\n\t\t\t\t<\/div>\n\t\t\t\t\t<\/div>\n\t\t\t\t<\/div>\n\t\t<div class=\"elementor-element elementor-element-bb81596 e-grid e-con-boxed e-con e-parent\" data-id=\"bb81596\" data-element_type=\"container\" data-e-type=\"container\">\n\t\t\t\t\t<div class=\"e-con-inner\">\n\t\t\t\t\t<\/div>\n\t\t\t\t<\/div>\n\t\t<div class=\"elementor-element elementor-element-b9c9367 e-grid e-con-boxed e-con e-parent\" data-id=\"b9c9367\" data-element_type=\"container\" data-e-type=\"container\">\n\t\t\t\t\t<div class=\"e-con-inner\">\n\t\t\t\t<div class=\"elementor-element elementor-element-ca5f3bc elementor-widget elementor-widget-shortcode\" data-id=\"ca5f3bc\" data-element_type=\"widget\" data-e-type=\"widget\" data-widget_type=\"shortcode.default\">\n\t\t\t\t<div class=\"elementor-widget-container\">\n\t\t\t\t\t\t\t<div class=\"elementor-shortcode\">\n\t\t<style type=\"text\/css\">\n\t\t\t#gallery-1 {\n\t\t\t\tmargin: auto;\n\t\t\t}\n\t\t\t#gallery-1 .gallery-item {\n\t\t\t\tfloat: left;\n\t\t\t\tmargin-top: 10px;\n\t\t\t\ttext-align: center;\n\t\t\t\twidth: 25%;\n\t\t\t}\n\t\t\t#gallery-1 img {\n\t\t\t\tborder: 2px solid #cfcfcf;\n\t\t\t}\n\t\t\t#gallery-1 .gallery-caption {\n\t\t\t\tmargin-left: 0;\n\t\t\t}\n\t\t\t\/* see gallery_shortcode() in wp-includes\/media.php *\/\n\t\t<\/style>\n\t\t<div id='gallery-1' class='gallery galleryid-4348 gallery-columns-4 gallery-size-large'><dl class='gallery-item'>\n\t\t\t<dt class='gallery-icon landscape'>\n\t\t\t\t<img decoding=\"async\" width=\"1024\" height=\"576\" src=\"https:\/\/naghmouche.com\/wp-content\/uploads\/2023\/03\/450231161_993738649418487_1529142444351903625_n-1024x576.jpg\" class=\"attachment-large size-large\" alt=\"\" srcset=\"https:\/\/naghmouche.com\/wp-content\/uploads\/2023\/03\/450231161_993738649418487_1529142444351903625_n-1024x576.jpg 1024w, https:\/\/naghmouche.com\/wp-content\/uploads\/2023\/03\/450231161_993738649418487_1529142444351903625_n-300x169.jpg 300w, https:\/\/naghmouche.com\/wp-content\/uploads\/2023\/03\/450231161_993738649418487_1529142444351903625_n-768x432.jpg 768w, https:\/\/naghmouche.com\/wp-content\/uploads\/2023\/03\/450231161_993738649418487_1529142444351903625_n-1536x864.jpg 1536w, https:\/\/naghmouche.com\/wp-content\/uploads\/2023\/03\/450231161_993738649418487_1529142444351903625_n.jpg 2048w\" sizes=\"(max-width: 1024px) 100vw, 1024px\" \/>\n\t\t\t<\/dt><\/dl><dl class='gallery-item'>\n\t\t\t<dt class='gallery-icon landscape'>\n\t\t\t\t<img decoding=\"async\" width=\"1024\" height=\"1024\" src=\"https:\/\/naghmouche.com\/wp-content\/uploads\/2023\/03\/462226585_18035765207238231_5826589006272571520_n-1024x1024.jpg\" class=\"attachment-large size-large\" alt=\"\" srcset=\"https:\/\/naghmouche.com\/wp-content\/uploads\/2023\/03\/462226585_18035765207238231_5826589006272571520_n-1024x1024.jpg 1024w, https:\/\/naghmouche.com\/wp-content\/uploads\/2023\/03\/462226585_18035765207238231_5826589006272571520_n-300x300.jpg 300w, https:\/\/naghmouche.com\/wp-content\/uploads\/2023\/03\/462226585_18035765207238231_5826589006272571520_n-150x150.jpg 150w, https:\/\/naghmouche.com\/wp-content\/uploads\/2023\/03\/462226585_18035765207238231_5826589006272571520_n-768x768.jpg 768w, https:\/\/naghmouche.com\/wp-content\/uploads\/2023\/03\/462226585_18035765207238231_5826589006272571520_n.jpg 1440w\" sizes=\"(max-width: 1024px) 100vw, 1024px\" \/>\n\t\t\t<\/dt><\/dl><dl class='gallery-item'>\n\t\t\t<dt class='gallery-icon landscape'>\n\t\t\t\t<img loading=\"lazy\" decoding=\"async\" width=\"1024\" height=\"576\" src=\"https:\/\/naghmouche.com\/wp-content\/uploads\/2023\/03\/449952907_993738586085160_331400437470812125_n-1024x576.jpg\" class=\"attachment-large size-large\" alt=\"\" srcset=\"https:\/\/naghmouche.com\/wp-content\/uploads\/2023\/03\/449952907_993738586085160_331400437470812125_n-1024x576.jpg 1024w, https:\/\/naghmouche.com\/wp-content\/uploads\/2023\/03\/449952907_993738586085160_331400437470812125_n-300x169.jpg 300w, https:\/\/naghmouche.com\/wp-content\/uploads\/2023\/03\/449952907_993738586085160_331400437470812125_n-768x432.jpg 768w, https:\/\/naghmouche.com\/wp-content\/uploads\/2023\/03\/449952907_993738586085160_331400437470812125_n-1536x864.jpg 1536w, https:\/\/naghmouche.com\/wp-content\/uploads\/2023\/03\/449952907_993738586085160_331400437470812125_n.jpg 2048w\" sizes=\"(max-width: 1024px) 100vw, 1024px\" \/>\n\t\t\t<\/dt><\/dl><dl class='gallery-item'>\n\t\t\t<dt class='gallery-icon landscape'>\n\t\t\t\t<img loading=\"lazy\" decoding=\"async\" width=\"1024\" height=\"576\" src=\"https:\/\/naghmouche.com\/wp-content\/uploads\/2023\/03\/490030715_1212567427535607_3421542382653997989_n-1024x576.jpg\" class=\"attachment-large size-large\" alt=\"\" srcset=\"https:\/\/naghmouche.com\/wp-content\/uploads\/2023\/03\/490030715_1212567427535607_3421542382653997989_n-1024x576.jpg 1024w, https:\/\/naghmouche.com\/wp-content\/uploads\/2023\/03\/490030715_1212567427535607_3421542382653997989_n-300x169.jpg 300w, https:\/\/naghmouche.com\/wp-content\/uploads\/2023\/03\/490030715_1212567427535607_3421542382653997989_n-768x432.jpg 768w, https:\/\/naghmouche.com\/wp-content\/uploads\/2023\/03\/490030715_1212567427535607_3421542382653997989_n.jpg 1280w\" sizes=\"(max-width: 1024px) 100vw, 1024px\" \/>\n\t\t\t<\/dt><\/dl><br style=\"clear: both\" \/>\n\t\t<\/div>\n<\/div>\n\t\t\t\t\t\t<\/div>\n\t\t\t\t<\/div>\n\t\t\t\t\t<\/div>\n\t\t\t\t<\/div>\n\t\t\t\t<\/div>\n\t\t","protected":false},"excerpt":{"rendered":"<p>Assistance aux \u00e9tudiants, soutien aux veuves et orphelins, et traitement de milliers de dossiers administratifs, m\u00e9dicaux et juridiques pour nos compatriotes Analyse et pr\u00e9occupations concernant la mauvaise interpr\u00e9tation de la Convention de S\u00e9curit\u00e9 Sociale n\u00b02019-69 et ses r\u00e9percussions. Je me permets de revenir que j\u2019ai mis en lumi\u00e8re certains points [&hellip;]<\/p>\n","protected":false},"author":1,"featured_media":0,"parent":3220,"menu_order":0,"comment_status":"closed","ping_status":"closed","template":"","meta":{"footnotes":""},"class_list":["post-4348","page","type-page","status-publish","hentry"],"_links":{"self":[{"href":"https:\/\/naghmouche.com\/index.php?rest_route=\/wp\/v2\/pages\/4348","targetHints":{"allow":["GET"]}}],"collection":[{"href":"https:\/\/naghmouche.com\/index.php?rest_route=\/wp\/v2\/pages"}],"about":[{"href":"https:\/\/naghmouche.com\/index.php?rest_route=\/wp\/v2\/types\/page"}],"author":[{"embeddable":true,"href":"https:\/\/naghmouche.com\/index.php?rest_route=\/wp\/v2\/users\/1"}],"replies":[{"embeddable":true,"href":"https:\/\/naghmouche.com\/index.php?rest_route=%2Fwp%2Fv2%2Fcomments&post=4348"}],"version-history":[{"count":1,"href":"https:\/\/naghmouche.com\/index.php?rest_route=\/wp\/v2\/pages\/4348\/revisions"}],"predecessor-version":[{"id":4349,"href":"https:\/\/naghmouche.com\/index.php?rest_route=\/wp\/v2\/pages\/4348\/revisions\/4349"}],"up":[{"embeddable":true,"href":"https:\/\/naghmouche.com\/index.php?rest_route=\/wp\/v2\/pages\/3220"}],"wp:attachment":[{"href":"https:\/\/naghmouche.com\/index.php?rest_route=%2Fwp%2Fv2%2Fmedia&parent=4348"}],"curies":[{"name":"wp","href":"https:\/\/api.w.org\/{rel}","templated":true}]}}