{"id":425,"date":"2020-11-27T10:47:02","date_gmt":"2020-11-27T10:47:02","guid":{"rendered":"https:\/\/nauthemes.com\/wp\/kriate\/?page_id=425"},"modified":"2025-04-04T10:34:38","modified_gmt":"2025-04-04T10:34:38","slug":"actualites-recentes","status":"publish","type":"page","link":"https:\/\/naghmouche.com\/?page_id=425","title":{"rendered":"Actualit\u00e9s r\u00e9centes"},"content":{"rendered":"\t\t<div data-elementor-type=\"wp-page\" data-elementor-id=\"425\" class=\"elementor elementor-425\">\n\t\t\t\t\t\t<section class=\"elementor-section elementor-top-section elementor-element elementor-element-ea2ee14 elementor-section-full_width elementor-section-stretched elementor-section-height-default elementor-section-height-default\" data-id=\"ea2ee14\" data-element_type=\"section\" data-e-type=\"section\" data-settings=\"{&quot;stretch_section&quot;:&quot;section-stretched&quot;}\">\n\t\t\t\t\t\t<div class=\"elementor-container elementor-column-gap-no\">\n\t\t\t\t\t<div class=\"elementor-column elementor-col-100 elementor-top-column elementor-element elementor-element-9556d15\" data-id=\"9556d15\" data-element_type=\"column\" data-e-type=\"column\">\n\t\t\t<div class=\"elementor-widget-wrap elementor-element-populated\">\n\t\t\t\t\t\t<div class=\"elementor-element elementor-element-9194bc5 elementor-widget elementor-widget-news_columns\" data-id=\"9194bc5\" data-element_type=\"widget\" data-e-type=\"widget\" data-widget_type=\"news_columns.default\">\n\t\t\t\t<div class=\"elementor-widget-container\">\n\t\t\t\t\t\n   \n\t<section class=\"gap\">\n    \t<div class=\"container\">\n    \t\t<div class=\"heading\"><p>Mentions distingu\u00e9es<\/p><h2>Articles publi\u00e9s<\/h2><\/div>\n    \t\t<div class=\"row\">\n\t\t\t\t\t\t\t\n\t\t\t\t\t\t\t<div class=\"col-lg-4\">\n\t\t\t\t\t\t\t\t<div class=\"news-blog\">\t\n\t\t\t\t\t\t\t\t<img decoding=\"async\" alt=\"blog-img\" src=\"https:\/\/naghmouche.com\/wp-content\/uploads\/bfi_thumb\/489667490_1211729870952696_7685183001675968080_n-rexklub2z5kn0i3mdnw4k8wjdoq8qzrlrhc4ljnvr4.jpg\" alt=\"Featured Image\">\n\t\t\t\t\t\t\t\t\t<h6>08<span>Avr, 2025<\/span><\/h6><div class = \"news-meta\"><p>\u0627\u0644\u0625\u0646\u0633\u0627\u0646\u064a\u0629<\/p>\n\t\t\t\t\t\t\t\t\t\t<h3><a href=\"https:\/\/naghmouche.com\/?p=219\">\u0644\u0642\u0627\u0621 \u0631\u0633\u0645\u064a \u0641\u064a \u0628\u0644\u062f\u064a\u0629 \u0628\u064a\u0632\u0648\u0646<\/a><\/h3>\n\t\t\t\t\t\t\t\t\t\t<div class=\"blog-img-news\"><img alt='' src='https:\/\/secure.gravatar.com\/avatar\/264e53d93759bde067fd01ef2698f98d1253c730d12f021116f02eebcfa9ace6?s=60&#038;d=mm&#038;r=g' srcset='https:\/\/secure.gravatar.com\/avatar\/264e53d93759bde067fd01ef2698f98d1253c730d12f021116f02eebcfa9ace6?s=120&#038;d=mm&#038;r=g 2x' class='avatar avatar-60 photo wt-author-img' height='60' width='60' \/><span><a href=\"https:\/\/naghmouche.com\/?author=2\" title=\"\">by \u0634\u0632\u064a\u0644 \u0639\u062b\u0645\u0627\u0646 \u0646\u063a\u0645\u0648\u0634<\/a><\/span>\n\t\t\t\t\t\t\t\t\t\t<\/div><\/div>\n\t\t\t\t\t\t\t\t<\/div>\n\t\t\t\t\t\t\t<\/div>\n\t\t\t\t\t\t\t\n\t\t\t\t\t\t\t<div class=\"col-lg-4\">\n\t\t\t\t\t\t\t\t<div class=\"news-blog\">\t\n\t\t\t\t\t\t\t\t<img decoding=\"async\" alt=\"blog-img\" src=\"https:\/\/naghmouche.com\/wp-content\/uploads\/bfi_thumb\/489695601_1210467974412219_482142142955252450_n-rexklrhkengs1o7pu4o8urm5lj453wger3do5ps29s.jpg\" alt=\"Featured Image\">\n\t\t\t\t\t\t\t\t\t<h6>08<span>Avr, 2025<\/span><\/h6><div class = \"news-meta\"><p>\u0627\u0644\u062a\u0636\u0627\u0645\u0646<\/p>\n\t\t\t\t\t\t\t\t\t\t<h3><a href=\"https:\/\/naghmouche.com\/?p=218\">\u0645\u062f\u0627\u062e\u0644\u0629 \u062d\u0648\u0644 \u0645\u0633\u062a\u0642\u0628\u0644 \u0627\u0644\u064a\u0645\u0646 \u2013 \u0645\u062c\u0644\u0633...<\/a><\/h3>\n\t\t\t\t\t\t\t\t\t\t<div class=\"blog-img-news\"><img alt='' src='https:\/\/secure.gravatar.com\/avatar\/264e53d93759bde067fd01ef2698f98d1253c730d12f021116f02eebcfa9ace6?s=60&#038;d=mm&#038;r=g' srcset='https:\/\/secure.gravatar.com\/avatar\/264e53d93759bde067fd01ef2698f98d1253c730d12f021116f02eebcfa9ace6?s=120&#038;d=mm&#038;r=g 2x' class='avatar avatar-60 photo wt-author-img' height='60' width='60' \/><span><a href=\"https:\/\/naghmouche.com\/?author=2\" title=\"\">by \u0634\u0632\u064a\u0644 \u0639\u062b\u0645\u0627\u0646 \u0646\u063a\u0645\u0648\u0634<\/a><\/span>\n\t\t\t\t\t\t\t\t\t\t<\/div><\/div>\n\t\t\t\t\t\t\t\t<\/div>\n\t\t\t\t\t\t\t<\/div>\n\t\t\t\t\t\t\t\n\t\t\t\t\t\t\t<div class=\"col-lg-4\">\n\t\t\t\t\t\t\t\t<div class=\"news-blog\">\t\n\t\t\t\t\t\t\t\t<img decoding=\"async\" alt=\"blog-img\" src=\"https:\/\/naghmouche.com\/wp-content\/uploads\/bfi_thumb\/485834740_1195271382598545_8451323133147433963_n-rexklrhkengs1o7pu4o8urm5lj453wger3do5ps29s.jpg\" alt=\"Featured Image\">\n\t\t\t\t\t\t\t\t\t<h6>23<span>Mar, 2025<\/span><\/h6><div class = \"news-meta\"><p>\u0627\u0644\u0625\u0646\u0633\u0627\u0646\u064a\u0629<\/p>\n\t\t\t\t\t\t\t\t\t\t<h3><a href=\"https:\/\/naghmouche.com\/?p=216\">\u0645\u0646\u0627\u0633\u0628\u0629 \u0630\u0643\u0631\u0649 \u0639\u064a\u062f \u0627\u0644\u0646\u0635\u0631 19 \u0645\u0627\u0631\u0633...<\/a><\/h3>\n\t\t\t\t\t\t\t\t\t\t<div class=\"blog-img-news\"><img alt='' src='https:\/\/secure.gravatar.com\/avatar\/264e53d93759bde067fd01ef2698f98d1253c730d12f021116f02eebcfa9ace6?s=60&#038;d=mm&#038;r=g' srcset='https:\/\/secure.gravatar.com\/avatar\/264e53d93759bde067fd01ef2698f98d1253c730d12f021116f02eebcfa9ace6?s=120&#038;d=mm&#038;r=g 2x' class='avatar avatar-60 photo wt-author-img' height='60' width='60' \/><span><a href=\"https:\/\/naghmouche.com\/?author=2\" title=\"\">by \u0634\u0632\u064a\u0644 \u0639\u062b\u0645\u0627\u0646 \u0646\u063a\u0645\u0648\u0634<\/a><\/span>\n\t\t\t\t\t\t\t\t\t\t<\/div><\/div>\n\t\t\t\t\t\t\t\t<\/div>\n\t\t\t\t\t\t\t<\/div>\n\t\t\t\t\t\t\t\n\t\t\t\t\t\t\t<div class=\"col-lg-4\">\n\t\t\t\t\t\t\t\t<div class=\"news-blog\">\t\n\t\t\t\t\t\t\t\t<img decoding=\"async\" alt=\"blog-img\" src=\"https:\/\/naghmouche.com\/wp-content\/uploads\/bfi_thumb\/418293639_869729971819356_8591859608747242588_n-rexklrhkengs1o7pu4o8urm5lj453wger3do5ps29s.jpg\" alt=\"Featured Image\">\n\t\t\t\t\t\t\t\t\t<h6>09<span>Jan, 2024<\/span><\/h6><div class = \"news-meta\"><p>\u0627\u0644\u062a\u0636\u0627\u0645\u0646<\/p>\n\t\t\t\t\t\t\t\t\t\t<h3><a href=\"https:\/\/naghmouche.com\/?p=206\">\u0645\u0642\u0627\u0628\u0644\u0629 \u0628\u0645\u0642\u0631 \u0645\u062c\u0644\u0633 \u0627\u0644\u0623\u0645\u0629 \u0627\u0644\u062c\u0632\u0627\u0626\u0631\u064a &#8211;...<\/a><\/h3>\n\t\t\t\t\t\t\t\t\t\t<div class=\"blog-img-news\"><img alt='' src='https:\/\/secure.gravatar.com\/avatar\/264e53d93759bde067fd01ef2698f98d1253c730d12f021116f02eebcfa9ace6?s=60&#038;d=mm&#038;r=g' srcset='https:\/\/secure.gravatar.com\/avatar\/264e53d93759bde067fd01ef2698f98d1253c730d12f021116f02eebcfa9ace6?s=120&#038;d=mm&#038;r=g 2x' class='avatar avatar-60 photo wt-author-img' height='60' width='60' \/><span><a href=\"https:\/\/naghmouche.com\/?author=2\" title=\"\">by \u0634\u0632\u064a\u0644 \u0639\u062b\u0645\u0627\u0646 \u0646\u063a\u0645\u0648\u0634<\/a><\/span>\n\t\t\t\t\t\t\t\t\t\t<\/div><\/div>\n\t\t\t\t\t\t\t\t<\/div>\n\t\t\t\t\t\t\t<\/div>\t\n    \t\t\t<a href=\"https:\/\/naghmouche.com\/?page_id=183\" class=\"button-style fill\">Voir tous les articles<\/a>\t\n    \t\t<\/div>\n    \t<\/div>\n\t<\/section>\t\t\t\t<\/div>\n\t\t\t\t<\/div>\n\t\t\t\t\t<\/div>\n\t\t<\/div>\n\t\t\t\t\t<\/div>\n\t\t<\/section>\n\t\t\t\t<section class=\"elementor-section elementor-top-section elementor-element elementor-element-57876e2 elementor-section-full_width elementor-section-stretched elementor-section-height-default elementor-section-height-default\" data-id=\"57876e2\" data-element_type=\"section\" data-e-type=\"section\" data-settings=\"{&quot;stretch_section&quot;:&quot;section-stretched&quot;}\">\n\t\t\t\t\t\t<div class=\"elementor-container elementor-column-gap-no\">\n\t\t\t\t\t<div class=\"elementor-column elementor-col-100 elementor-top-column elementor-element elementor-element-851207c\" data-id=\"851207c\" data-element_type=\"column\" data-e-type=\"column\">\n\t\t\t<div class=\"elementor-widget-wrap elementor-element-populated\">\n\t\t\t\t\t\t<div class=\"elementor-element elementor-element-483f796 elementor-widget elementor-widget-helpdesk-cta\" data-id=\"483f796\" data-element_type=\"widget\" data-e-type=\"widget\" data-widget_type=\"helpdesk-cta.default\">\n\t\t\t\t<div class=\"elementor-widget-container\">\n\t\t\t\t\t\n\n    <section class=\"hm2-help-section\" style=\"background-image: url(https:\/\/naghmouche.com\/wp-content\/uploads\/2025\/01\/flag-02.jpg)\">\n      <div class=\"auto-container\">\n                  <div class=\"side-image\">\n            <img decoding=\"async\" src=\"https:\/\/naghmouche.com\/wp-content\/uploads\/2025\/01\/Mr-naghmouche-photo.png.png\" alt=\"\" \/>\n          <\/div>\n                <div class=\"row clearfix\">\n\n          <!-- Help Column -->\n          <div class=\"help-column col-lg-4 col-md-12 col-sm-12\">\n            <div class=\"inner-column\">\n              <div class=\"title\">PORT\u00c9E DES B\u00c9N\u00c9VOLES<\/div>               <h2>SERVICE D'ASSISTANCE<\/h2>               <div class=\"phone\">888-382-3827 <span>8 h 00 \u2013 16 h 30, heure de l'Est<\/span><\/div>               <a href=\"mailto: contact@youremail.gov\" class=\"email\">contact@youremail.gov<\/a>               <a   href=\"#\" class=\"question\">Posez une question en ligne<\/a>             <\/div>\n          <\/div>\n\n          <!-- Content Column -->\n          <div class=\"content-column col-lg-8 col-md-12 col-sm-12\">\n            <div class=\"inner-column\">\n              <div class=\"title\">Entra\u00eenez-vous avec les meilleurs pour \u00eatre le meilleur<\/div>              <h2>VENEZ & NOUS REJOINDRE <span>En savoir plus sur nos plans et politiques du manifeste<\/span><\/h2>              <div class=\"text\">Nous vous proposons des actions pratiques, des conseils et des ressources pour vous pr\u00e9parer \u00e0 une gamme de sc\u00e9narios.<\/div>              <a   href=\"#\" class=\"button-style fill\">Rejoignez-nous<\/a>            <\/div>\n          <\/div>\n\n        <\/div>\n      <\/div>\n    <\/section>\n\n\t\t\t\t<\/div>\n\t\t\t\t<\/div>\n\t\t\t\t\t<\/div>\n\t\t<\/div>\n\t\t\t\t\t<\/div>\n\t\t<\/section>\n\t\t\t\t<section class=\"elementor-section elementor-top-section elementor-element elementor-element-550706f elementor-section-full_width elementor-section-stretched elementor-section-height-default elementor-section-height-default\" data-id=\"550706f\" data-element_type=\"section\" data-e-type=\"section\" data-settings=\"{&quot;stretch_section&quot;:&quot;section-stretched&quot;}\">\n\t\t\t\t\t\t<div class=\"elementor-container elementor-column-gap-no\">\n\t\t\t\t\t<div class=\"elementor-column elementor-col-100 elementor-top-column elementor-element elementor-element-5117fc2\" data-id=\"5117fc2\" data-element_type=\"column\" data-e-type=\"column\">\n\t\t\t<div class=\"elementor-widget-wrap elementor-element-populated\">\n\t\t\t\t\t\t<div class=\"elementor-element elementor-element-c0655f4 elementor-widget elementor-widget-instagram-photos-gallery\" data-id=\"c0655f4\" data-element_type=\"widget\" data-e-type=\"widget\" data-widget_type=\"instagram-photos-gallery.default\">\n\t\t\t\t<div class=\"elementor-widget-container\">\n\t\t\t\t\t\n\t\t<section class=\"gallery-img gap no-top\">\n\t\t\t<div class=\"container-fluid\">\n\t\t\t\t<div class=\"row\">\n\t\t\t\t\t<div class=\"col-lg-4 col-md-6\">\n\t\t\t\t\t\t<div class=\"gallery\">\n\t\t\t\t\t\t\t<figure>\n\t\t\t\t\t\t\t\t<img decoding=\"async\" src=\"https:\/\/naghmouche.com\/wp-content\/uploads\/2025\/01\/03.jpg\" alt=\"blog image\">\n\t\t\t\t\t\t\t\t<a data-fancybox=\"gallery\" href=\"https:\/\/naghmouche.com\/wp-content\/uploads\/2025\/01\/03.jpg\">\n\t\t\t\t\t\t\t\t\t<i class=\"fa fa-plus\"><\/i>\n\t\t\t\t\t\t\t\t<\/a>\n\n\t\t\t\t\t\t\t<\/figure>\n\t\t\t\t\t\t<\/div>\n\t\t\t\t\t<\/div>\n\t\t\t\t\t<div class=\"col-lg-8 col-md-6\">\n\t\t\t\t\t\t<div class=\"row\">\n\t\t\t\t\t\t\t<div class=\"col-lg-4 col-md-4\">\n\t\t\t\t\t\t\t\t<div class=\"gallery\">\n\t\t\t\t\t\t\t\t\t<figure>\n\t\t\t\t\t\t\t\t\t\t<img decoding=\"async\" src=\"https:\/\/naghmouche.com\/wp-content\/uploads\/2025\/01\/32.jpg\" alt=\"blog image\">\n\t\t\t\t\t\t\t\t\t\t<a data-fancybox=\"gallery\" href=\"https:\/\/naghmouche.com\/wp-content\/uploads\/2025\/01\/32.jpg\">\n\t\t\t\t\t\t\t\t\t\t\t<i class=\"fa fa-plus\"><\/i>\n\t\t\t\t\t\t\t\t\t\t<\/a>\n\n\t\t\t\t\t\t\t\t\t<\/figure>\n\t\t\t\t\t\t\t\t<\/div>\n\t\t\t\t\t\t\t<\/div>\n\t\t\t\t\t\t\t<div class=\"col-lg-4 col-md-4\">\n\t\t\t\t\t\t\t\t<div class=\"gallery\">\n\t\t\t\t\t\t\t\t\t<figure>\n\t\t\t\t\t\t\t\t\t\t<img decoding=\"async\" src=\"https:\/\/naghmouche.com\/wp-content\/uploads\/2025\/01\/in-the-street.png\" alt=\"blog image\">\n\t\t\t\t\t\t\t\t\t\t<a data-fancybox=\"gallery\" href=\"https:\/\/naghmouche.com\/wp-content\/uploads\/2025\/01\/in-the-street.png\">\n\t\t\t\t\t\t\t\t\t\t\t<i class=\"fa fa-plus\"><\/i>\n\t\t\t\t\t\t\t\t\t\t<\/a>\n\n\t\t\t\t\t\t\t\t\t<\/figure>\n\t\t\t\t\t\t\t\t<\/div>\n\t\t\t\t\t\t\t<\/div>\n\t\t\t\t\t\t\t<div class=\"col-lg-4 col-md-4\">\n\t\t\t\t\t\t\t\t<div class=\"gallery\">\n\t\t\t\t\t\t\t\t\t<figure>\n\t\t\t\t\t\t\t\t\t\t<img decoding=\"async\" src=\"https:\/\/naghmouche.com\/wp-content\/uploads\/2025\/01\/27.jpg\" alt=\"blog image\">\n\t\t\t\t\t\t\t\t\t\t<a data-fancybox=\"gallery\" href=\"https:\/\/naghmouche.com\/wp-content\/uploads\/2025\/01\/27.jpg\">\n\t\t\t\t\t\t\t\t\t\t\t<i class=\"fa fa-plus\"><\/i>\n\t\t\t\t\t\t\t\t\t\t<\/a>\n\n\t\t\t\t\t\t\t\t\t<\/figure>\n\t\t\t\t\t\t\t\t<\/div>\n\t\t\t\t\t\t\t<\/div>\n\t\t\t\t\t\t<\/div>\n\t\t\t\t\t<\/div>\n\t\t\t\t\t<div class=\"col-lg-8 col-md-6\">\n\t\t\t\t\t\t<div class=\"row\">\n\t\t\t\t\t\t\t<div class=\"col-lg-4 col-md-6\">\n\t\t\t\t\t\t\t\t<div class=\"gallery\">\n\t\t\t\t\t\t\t\t\t<figure>\n\t\t\t\t\t\t\t\t\t\t<img decoding=\"async\" src=\"https:\/\/naghmouche.com\/wp-content\/uploads\/2025\/01\/05.jpg\" alt=\"blog image\">\n\t\t\t\t\t\t\t\t\t\t<a data-fancybox=\"gallery\" href=\"https:\/\/naghmouche.com\/wp-content\/uploads\/2025\/01\/05.jpg\">\n\t\t\t\t\t\t\t\t\t\t\t<i class=\"fa fa-plus\"><\/i>\n\t\t\t\t\t\t\t\t\t\t<\/a>\n\n\t\t\t\t\t\t\t\t\t<\/figure>\n\t\t\t\t\t\t\t\t<\/div>\n\t\t\t\t\t\t\t<\/div>\n\t\t\t\t\t\t\t<div class=\"col-lg-4 col-md-6\">\n\t\t\t\t\t\t\t\t<div class=\"gallery\">\n\t\t\t\t\t\t\t\t\t<figure>\n\t\t\t\t\t\t\t\t\t\t<img decoding=\"async\" src=\"https:\/\/naghmouche.com\/wp-content\/uploads\/2025\/01\/02.jpg\" alt=\"blog image\">\n\t\t\t\t\t\t\t\t\t\t<a data-fancybox=\"gallery\" href=\"https:\/\/naghmouche.com\/wp-content\/uploads\/2025\/01\/02.jpg\">\n\t\t\t\t\t\t\t\t\t\t\t<i class=\"fa fa-plus\"><\/i>\n\t\t\t\t\t\t\t\t\t\t<\/a>\n\n\t\t\t\t\t\t\t\t\t<\/figure>\n\t\t\t\t\t\t\t\t<\/div>\n\t\t\t\t\t\t\t<\/div>\n\t\t\t\t\t\t\t<div class=\"col-lg-4 col-md-6\">\n\t\t\t\t\t\t\t\t<div class=\"gallery\">\n\t\t\t\t\t\t\t\t\t<figure>\n\t\t\t\t\t\t\t\t\t\t<img decoding=\"async\" src=\"https:\/\/naghmouche.com\/wp-content\/uploads\/2025\/01\/24-1.jpg\" alt=\"blog image\">\n\t\t\t\t\t\t\t\t\t\t<a data-fancybox=\"gallery\" href=\"https:\/\/naghmouche.com\/wp-content\/uploads\/2025\/01\/24-1.jpg\">\n\t\t\t\t\t\t\t\t\t\t\t<i class=\"fa fa-plus\"><\/i>\n\t\t\t\t\t\t\t\t\t\t<\/a>\n\n\t\t\t\t\t\t\t\t\t<\/figure>\n\t\t\t\t\t\t\t\t<\/div>\n\t\t\t\t\t\t\t<\/div>\n\t\t\t\t\t\t<\/div>\n\t\t\t\t\t<\/div>\n\t\t\t\t\t<div class=\"col-lg-4 col-md-6\">\n\t\t\t\t\t\t<div class=\"gallery\">\n\t\t\t\t\t\t\t<figure>\n\t\t\t\t\t\t\t\t<img decoding=\"async\" src=\"https:\/\/naghmouche.com\/wp-content\/uploads\/2025\/01\/48.jpg\" alt=\"blog image\">\n\t\t\t\t\t\t\t\t<a data-fancybox=\"gallery\" href=\"https:\/\/naghmouche.com\/wp-content\/uploads\/2025\/01\/48.jpg\">\n\t\t\t\t\t\t\t\t\t<i class=\"fa fa-plus\"><\/i>\n\t\t\t\t\t\t\t\t<\/a>\n\n\t\t\t\t\t\t\t<\/figure>\n\t\t\t\t\t\t<\/div>\n\t\t\t\t\t<\/div>\n\t\t\t\t<\/div>\n\t\t\t<\/div>\n\t\t<\/section>\n\n\t\t\t\t<\/div>\n\t\t\t\t<\/div>\n\t\t\t\t\t<\/div>\n\t\t<\/div>\n\t\t\t\t\t<\/div>\n\t\t<\/section>\n\t\t\t\t<\/div>\n\t\t","protected":false},"excerpt":{"rendered":"<p>Mentions distingu\u00e9es Articles publi\u00e9s 12Jan, 2024 Leader visionnaire Un leadership \u00e0 l&rsquo;\u00e9coute : rejoignez&#8230; by Thomas Smith 11Jan, 2024 Leader visionnaire Revitalisons notre nation : rejoignez le&#8230; by Thomas Smith 10Jan, 2024 Leader visionnaire Unit\u00e9 diversifi\u00e9e : un leadership inclusif&#8230; by Thomas Smith 08Jan, 2024 Diplomatic Secretary Strength and Compassion: [&hellip;]<\/p>\n","protected":false},"author":1,"featured_media":0,"parent":0,"menu_order":0,"comment_status":"closed","ping_status":"closed","template":"","meta":{"footnotes":""},"class_list":["post-425","page","type-page","status-publish","hentry"],"_links":{"self":[{"href":"https:\/\/naghmouche.com\/index.php?rest_route=\/wp\/v2\/pages\/425","targetHints":{"allow":["GET"]}}],"collection":[{"href":"https:\/\/naghmouche.com\/index.php?rest_route=\/wp\/v2\/pages"}],"about":[{"href":"https:\/\/naghmouche.com\/index.php?rest_route=\/wp\/v2\/types\/page"}],"author":[{"embeddable":true,"href":"https:\/\/naghmouche.com\/index.php?rest_route=\/wp\/v2\/users\/1"}],"replies":[{"embeddable":true,"href":"https:\/\/naghmouche.com\/index.php?rest_route=%2Fwp%2Fv2%2Fcomments&post=425"}],"version-history":[{"count":7,"href":"https:\/\/naghmouche.com\/index.php?rest_route=\/wp\/v2\/pages\/425\/revisions"}],"predecessor-version":[{"id":3567,"href":"https:\/\/naghmouche.com\/index.php?rest_route=\/wp\/v2\/pages\/425\/revisions\/3567"}],"wp:attachment":[{"href":"https:\/\/naghmouche.com\/index.php?rest_route=%2Fwp%2Fv2%2Fmedia&parent=425"}],"curies":[{"name":"wp","href":"https:\/\/api.w.org\/{rel}","templated":true}]}}