{"id":3905,"date":"2025-04-29T07:26:49","date_gmt":"2025-04-29T07:26:49","guid":{"rendered":"https:\/\/naghmouche.com\/?page_id=3905"},"modified":"2026-01-16T16:53:39","modified_gmt":"2026-01-16T16:53:39","slug":"mission-officiel-election-et-politique","status":"publish","type":"page","link":"https:\/\/naghmouche.com\/?page_id=3905","title":{"rendered":"Mission Officiel"},"content":{"rendered":"\t\t<div data-elementor-type=\"wp-page\" data-elementor-id=\"3905\" class=\"elementor elementor-3905\">\n\t\t\t\t<div class=\"elementor-element elementor-element-6e136ad e-grid e-con-boxed e-con e-parent\" data-id=\"6e136ad\" data-element_type=\"container\" data-e-type=\"container\">\n\t\t\t\t\t<div class=\"e-con-inner\">\n\t\t<div class=\"elementor-element elementor-element-77cbee9 e-grid e-con-full e-con e-child\" data-id=\"77cbee9\" data-element_type=\"container\" data-e-type=\"container\">\n\t\t\t\t<div class=\"elementor-element elementor-element-8bfc628 elementor-widget elementor-widget-heading\" data-id=\"8bfc628\" data-element_type=\"widget\" data-e-type=\"widget\" data-widget_type=\"heading.default\">\n\t\t\t\t<div class=\"elementor-widget-container\">\n\t\t\t\t\t<h2 class=\"elementor-heading-title elementor-size-default\">Missions Officielles et Contributions \u00e0 la Soci\u00e9t\u00e9 Civile<\/h2>\t\t\t\t<\/div>\n\t\t\t\t<\/div>\n\t\t\t\t<\/div>\n\t\t\t\t\t<\/div>\n\t\t\t\t<\/div>\n\t\t\t\t<section class=\"elementor-section elementor-top-section elementor-element elementor-element-d1af871 elementor-section-full_width elementor-section-stretched elementor-section-height-default elementor-section-height-default\" data-id=\"d1af871\" data-element_type=\"section\" data-e-type=\"section\" data-settings=\"{&quot;stretch_section&quot;:&quot;section-stretched&quot;}\">\n\t\t\t\t\t\t<div class=\"elementor-container elementor-column-gap-no\">\n\t\t\t\t\t<div class=\"elementor-column elementor-col-100 elementor-top-column elementor-element elementor-element-b2fd78c\" data-id=\"b2fd78c\" data-element_type=\"column\" data-e-type=\"column\">\n\t\t\t<div class=\"elementor-widget-wrap elementor-element-populated\">\n\t\t\t\t<div class=\"elementor-element elementor-element-736267c e-grid e-con-boxed e-con e-parent\" data-id=\"736267c\" data-element_type=\"container\" data-e-type=\"container\">\n\t\t\t\t\t<div class=\"e-con-inner\">\n\t\t\t\t<div class=\"elementor-element elementor-element-3d298c8 elementor-widget elementor-widget-image\" data-id=\"3d298c8\" data-element_type=\"widget\" data-e-type=\"widget\" data-widget_type=\"image.default\">\n\t\t\t\t<div class=\"elementor-widget-container\">\n\t\t\t\t\t\t\t\t\t\t\t\t<figure class=\"wp-caption\">\n\t\t\t\t\t\t\t\t\t\t<img fetchpriority=\"high\" decoding=\"async\" width=\"770\" height=\"470\" src=\"https:\/\/naghmouche.com\/wp-content\/uploads\/2025\/01\/in-the-street-770x470.png\" class=\"attachment-politiek-post-detail size-politiek-post-detail wp-image-3133\" alt=\"\" \/>\t\t\t\t\t\t\t\t\t\t\t<figcaption class=\"widget-image-caption wp-caption-text\"><\/figcaption>\n\t\t\t\t\t\t\t\t\t\t<\/figure>\n\t\t\t\t\t\t\t\t\t<\/div>\n\t\t\t\t<\/div>\n\t\t\t\t\t<\/div>\n\t\t\t\t<\/div>\n\t\t<div class=\"elementor-element elementor-element-c2c35fc e-grid e-con-boxed e-con e-parent\" data-id=\"c2c35fc\" data-element_type=\"container\" data-e-type=\"container\">\n\t\t\t\t\t<div class=\"e-con-inner\">\n\t\t\t\t<div class=\"elementor-element elementor-element-6371b17 elementor-widget elementor-widget-text-editor\" data-id=\"6371b17\" data-element_type=\"widget\" data-e-type=\"widget\" data-widget_type=\"text-editor.default\">\n\t\t\t\t<div class=\"elementor-widget-container\">\n\t\t\t\t\t\t\t\t\t<p><span style=\"text-align: justify; font-size: 16px; color: #000000;\"> En tant que PERSONALITE PUBLIC engag\u00e9 et repr\u00e9sentant actif aupr\u00e8s des \u00e9trangers \u00e9tablis en France et \u00e0 l\u2019internationale, je travaille depuis plusieurs ann\u00e9es pour d\u00e9fendre leurs droits et leur offrir un soutien moral, juridique et humanitaire. \u00c0 travers mes efforts et mon engagement.<\/span><br \/><br \/><span style=\"text-align: justify; font-size: 16px; color: #000000;\">J&#8217;ai \u0153uvr\u00e9 sans rel\u00e2che pour participer \u00e0 des missions humanitaires internationales, des actions de solidarit\u00e9 et des sessions d&#8217;\u00e9change d&#8217;exp\u00e9riences afin de promouvoir les principes humanitaires dans le respect mutuel des valeurs. Mon engagement s&#8217;est \u00e9galement port\u00e9 sur la comm\u00e9moration et la pr\u00e9servation de l&#8217;histoire de l\u2019Alg\u00e9rie, dans le respect du devoir de m\u00e9moire. Gr\u00e2ce \u00e0 ces diverses actions, j\u2019ai eu l&#8217;honneur de repr\u00e9senter fi\u00e8rement notre pays \u00e0 l&#8217;\u00e9tranger.<\/span><br \/><br \/><span style=\"text-align: justify; font-size: 16px; color: #000000;\">Toutes ces missions ont \u00e9t\u00e9 r\u00e9alis\u00e9es avec l&#8217;accord des autorit\u00e9s comp\u00e9tentes et en conformit\u00e9 avec les lois en vigueur dans chaque pays h\u00f4te. Par cons\u00e9quent, je n&#8217;ai sollicit\u00e9 aucune ressource susceptible de compromettre mon ind\u00e9pendance financi\u00e8re ou d&#8217;influencer l&#8217;int\u00e9grit\u00e9 de mon travail, quelle que soit sa provenance.<\/span><br \/><br \/><span style=\"text-align: justify; font-size: 16px; color: #000000;\">Je n&#8217;ai en aucun cas demand\u00e9 de subventions ou financements, que ce soit en France ou ailleurs. Mon engagement repose avant tout sur un soutien moral, bien plus que mat\u00e9riel. C&#8217;est une d\u00e9monstration de mon amour pour mon pays, une mani\u00e8re sinc\u00e8re de lui rendre hommage et de t\u00e9moigner de ma gratitude envers ce beau pays qui m&#8217;a tant offert.<\/span><br \/><br \/><span style=\"text-align: justify; font-size: 16px; color: #000000;\">En tant qu\u2019acteur de la soci\u00e9t\u00e9 civile, je continue d&#8217;apporter une contribution symbolique et morale aux efforts de solidarit\u00e9 et aux missions humanitaires. Je soutiens et encourage pleinement toutes les actions men\u00e9es par les autorit\u00e9s et toutes les parties engag\u00e9es dans l&#8217;int\u00e9r\u00eat et le bien-\u00eatre de notre communaut\u00e9.<\/span><\/p>\t\t\t\t\t\t\t\t<\/div>\n\t\t\t\t<\/div>\n\t\t\t\t\t<\/div>\n\t\t\t\t<\/div>\n\t\t\t\t\t<\/div>\n\t\t<\/div>\n\t\t\t\t\t<\/div>\n\t\t<\/section>\n\t\t\t\t<section class=\"elementor-section elementor-top-section elementor-element elementor-element-5f798b3 elementor-section-full_width elementor-section-stretched elementor-section-height-default elementor-section-height-default\" data-id=\"5f798b3\" data-element_type=\"section\" data-e-type=\"section\" data-settings=\"{&quot;stretch_section&quot;:&quot;section-stretched&quot;}\">\n\t\t\t\t\t\t<div class=\"elementor-container elementor-column-gap-no\">\n\t\t\t\t\t<div class=\"elementor-column elementor-col-100 elementor-top-column elementor-element elementor-element-001d31a\" data-id=\"001d31a\" data-element_type=\"column\" data-e-type=\"column\">\n\t\t\t<div class=\"elementor-widget-wrap elementor-element-populated\">\n\t\t\t\t\t\t<div class=\"elementor-element elementor-element-a38ffbf elementor-widget elementor-widget-news_grid\" data-id=\"a38ffbf\" data-element_type=\"widget\" data-e-type=\"widget\" data-widget_type=\"news_grid.default\">\n\t\t\t\t<div class=\"elementor-widget-container\">\n\t\t\t\t\t\n   \n\t<section class=\"gap\">\n    \t<div class=\"container\">\n    \t\t<div class=\"heading\"><p>D\u00e9couvrez nos articles<\/p><h2>Articles publi\u00e9s<\/h2><\/div>\n    \t\t<div class=\"row\">\n\t\t\t\t\t\t\t\n\t\t\t\t\t\t\t<div class=\"col-lg-5\">\n\t\t\t\t\t\t\t\t<div class=\"news-blog\">\t\n\t\t\t\t\t\t\t\t<img decoding=\"async\" alt=\"blog-img\" src=\"https:\/\/naghmouche.com\/wp-content\/uploads\/bfi_thumb\/489667490_1211729870952696_7685183001675968080_n-rexklub2z5kn0i3mdnw4k8wjdoq8qzrlrhc4ljnvr4.jpg\" alt=\"Featured Image\">\n\t\t\t\t\t\t\t\t\t<h6>08<span>Avr, 2025<\/span><\/h6><div class = \"news-meta\"><p>\u0627\u0644\u0625\u0646\u0633\u0627\u0646\u064a\u0629<\/p>\n\t\t\t\t\t\t\t\t\t\t<h3><a href=\"https:\/\/naghmouche.com\/?p=219\">\u0644\u0642\u0627\u0621 \u0631\u0633\u0645\u064a \u0641\u064a \u0628\u0644\u062f\u064a\u0629 \u0628\u064a\u0632\u0648\u0646<\/a><\/h3>\n\t\t\t\t\t\t\t\t\t\t<div class=\"blog-img-news\"><img alt='' src='https:\/\/secure.gravatar.com\/avatar\/264e53d93759bde067fd01ef2698f98d1253c730d12f021116f02eebcfa9ace6?s=60&#038;d=mm&#038;r=g' srcset='https:\/\/secure.gravatar.com\/avatar\/264e53d93759bde067fd01ef2698f98d1253c730d12f021116f02eebcfa9ace6?s=120&#038;d=mm&#038;r=g 2x' class='avatar avatar-60 photo wt-author-img' height='60' width='60' \/><span><a href=\"https:\/\/naghmouche.com\/?author=2\" title=\"\">by \u0634\u0632\u064a\u0644 \u0639\u062b\u0645\u0627\u0646 \u0646\u063a\u0645\u0648\u0634<\/a><\/span>\n\t\t\t\t\t\t\t\t\t\t<\/div><\/div>\n\t\t\t\t\t\t\t\t<\/div>\n\t\t\t\t\t\t\t<\/div>\n\t\t\t\t\t\t\t\n\t\t\t\t\t\t\t<div class=\"col-lg-7\">\n\t\t\t\t\t\t\t\t<div class=\"row\">\n\t\t\t\t\t\t\t\t\t<div class=\"col-lg-6\">\n\t\t\t\t\t\t\t\t\t\t<div class=\"news-blog\">\n\t\t\t\t\t\t\t\t\t\t<img decoding=\"async\" alt=\"blog-img\" src=\"https:\/\/naghmouche.com\/wp-content\/uploads\/bfi_thumb\/489695601_1210467974412219_482142142955252450_n-rexklrhiacedg0la3l9otjz82937uw3pu1cwl0wjr4.jpg\" alt=\"Featured Image\">\n\t\t\t\t\t\t\t\t\t\t\t<h6>08<span>Avr, 2025<\/span><\/h6><p>\u0627\u0644\u062a\u0636\u0627\u0645\u0646<\/p>\n\t\t\t\t\t\t\t\t\t\t\t\t<h3><a href=\"https:\/\/naghmouche.com\/?p=218\">\u0645\u062f\u0627\u062e\u0644\u0629 \u062d\u0648\u0644 \u0645\u0633\u062a\u0642\u0628\u0644 \u0627\u0644\u064a\u0645\u0646 \u2013 \u0645\u062c\u0644\u0633...<\/a><\/h3>\n\t\t\t\t\t\t\t\t\t\t\t\t<div class=\"blog-img-news\"><img alt='' src='https:\/\/secure.gravatar.com\/avatar\/264e53d93759bde067fd01ef2698f98d1253c730d12f021116f02eebcfa9ace6?s=60&#038;d=mm&#038;r=g' srcset='https:\/\/secure.gravatar.com\/avatar\/264e53d93759bde067fd01ef2698f98d1253c730d12f021116f02eebcfa9ace6?s=120&#038;d=mm&#038;r=g 2x' class='avatar avatar-60 photo wt-author-img' height='60' width='60' \/><span><a href=\"https:\/\/naghmouche.com\/?author=2\" title=\"\">by \u0634\u0632\u064a\u0644 \u0639\u062b\u0645\u0627\u0646 \u0646\u063a\u0645\u0648\u0634<\/a><\/span>\n\t\t\t\t\t\t\t\t\t\t\t\t<\/div>\n\t\t\t\t\t\t\t\t\t\t<\/div>\n\t\t\t\t\t\t\t\t\t<\/div>\n\t\t\t\t\t\t\t\t\t<div class=\"col-lg-6\">\n\t\t\t\t\t\t\t\t\t\t<div class=\"news-blog\">\n\t\t\t\t\t\t\t\t\t\t<img decoding=\"async\" alt=\"blog-img\" src=\"https:\/\/naghmouche.com\/wp-content\/uploads\/bfi_thumb\/485834740_1195271382598545_8451323133147433963_n-rexklrhiacedg0la3l9otjz82937uw3pu1cwl0wjr4.jpg\" alt=\"Featured Image\">\n\t\t\t\t\t\t\t\t\t\t\t<h6>23<span>Mar, 2025<\/span><\/h6><p>\u0627\u0644\u0625\u0646\u0633\u0627\u0646\u064a\u0629<\/p>\n\t\t\t\t\t\t\t\t\t\t\t\t<h3><a href=\"https:\/\/naghmouche.com\/?p=216\">\u0645\u0646\u0627\u0633\u0628\u0629 \u0630\u0643\u0631\u0649 \u0639\u064a\u062f \u0627\u0644\u0646\u0635\u0631 19 \u0645\u0627\u0631\u0633...<\/a><\/h3>\n\t\t\t\t\t\t\t\t\t\t\t\t<div class=\"blog-img-news\"><img alt='' src='https:\/\/secure.gravatar.com\/avatar\/264e53d93759bde067fd01ef2698f98d1253c730d12f021116f02eebcfa9ace6?s=60&#038;d=mm&#038;r=g' srcset='https:\/\/secure.gravatar.com\/avatar\/264e53d93759bde067fd01ef2698f98d1253c730d12f021116f02eebcfa9ace6?s=120&#038;d=mm&#038;r=g 2x' class='avatar avatar-60 photo wt-author-img' height='60' width='60' \/><span><a href=\"https:\/\/naghmouche.com\/?author=2\" title=\"\">by \u0634\u0632\u064a\u0644 \u0639\u062b\u0645\u0627\u0646 \u0646\u063a\u0645\u0648\u0634<\/a><\/span>\n\t\t\t\t\t\t\t\t\t\t\t\t<\/div>\n\t\t\t\t\t\t\t\t\t\t<\/div>\n\t\t\t\t\t\t\t\t\t<\/div>\n\t\t\t\t\t\t\t\t\t\t\n\t\t\t\t\t\t\t\t\t\t\t<\/div>\n\t\t\t\t\t\t\t\t\t\t<\/div>\t\n    \t\t\t<a href=\"https:\/\/naghmouche.com\/?page_id=425\" class=\"button-style fill\">Voir tous les articles<\/a>\t\n    \t\t<\/div>\n    \t<\/div>\n\t<\/section>\t\t\t\t<\/div>\n\t\t\t\t<\/div>\n\t\t\t\t<div class=\"elementor-element elementor-element-4afb7a5 elementor-widget elementor-widget-blaz-helpdesk\" data-id=\"4afb7a5\" data-element_type=\"widget\" data-e-type=\"widget\" data-widget_type=\"blaz-helpdesk.default\">\n\t\t\t\t<div class=\"elementor-widget-container\">\n\t\t\t\t\t\n    <section>\n      <div class=\"container\">\n        <div class=\"row align-items-center\">\n          <div class=\"col-lg-6\">\n            <div class=\"man-join\">\n                              <img decoding=\"async\" alt=\"rescue\" class=\"w-100 ps-sm-5\" src=\"https:\/\/naghmouche.com\/wp-content\/uploads\/2026\/01\/Chazil.png\">\n                                          <div class=\"help-number\">\n                                                                <a href=\"https:\/\/naghmouche.com\/?page_id=436\">Contactez-nous<\/a>              <\/div>\n            <\/div>\n          <\/div>\n          <div class=\"col-lg-6 ps-sm-5\">\n            <div class=\"train-with\">\n                             <h2>NOUS REJOINDRE<\/h2>               <h5>Rejoignez notre vision pour faire progresser la nation vers le sommet<\/h5>               <p>Vous avez des questions, des id\u00e9es de collaboration, ou vous souhaitez simplement en savoir plus sur notre travail ? N'h\u00e9sitez pas \u00e0 nous contacter via le formulaire ci-dessous. Nous lisons attentivement chaque message et ferons de notre mieux pour vous r\u00e9pondre dans les plus brefs d\u00e9lais.<\/p>               <a href=\"https:\/\/naghmouche.com\/?page_id=436\" class=\"button-style\">Rejoignez nous<\/a>            <\/div>\n          <\/div>\n        <\/div>\n      <\/div>\n    <\/section>\n\n\t\t\t\t<\/div>\n\t\t\t\t<\/div>\n\t\t\t\t\t<\/div>\n\t\t<\/div>\n\t\t\t\t\t<\/div>\n\t\t<\/section>\n\t\t\t\t<section class=\"elementor-section elementor-top-section elementor-element elementor-element-f2607d5 elementor-section-full_width elementor-section-stretched elementor-section-height-default elementor-section-height-default\" data-id=\"f2607d5\" data-element_type=\"section\" data-e-type=\"section\" data-settings=\"{&quot;stretch_section&quot;:&quot;section-stretched&quot;}\">\n\t\t\t\t\t\t<div class=\"elementor-container elementor-column-gap-no\">\n\t\t\t\t\t<div class=\"elementor-column elementor-col-100 elementor-top-column elementor-element elementor-element-d179a61\" data-id=\"d179a61\" data-element_type=\"column\" data-e-type=\"column\">\n\t\t\t<div class=\"elementor-widget-wrap elementor-element-populated\">\n\t\t\t\t\t\t<div class=\"elementor-element elementor-element-484c48f elementor-widget elementor-widget-spacer\" data-id=\"484c48f\" data-element_type=\"widget\" data-e-type=\"widget\" data-widget_type=\"spacer.default\">\n\t\t\t\t<div class=\"elementor-widget-container\">\n\t\t\t\t\t\t\t<div class=\"elementor-spacer\">\n\t\t\t<div class=\"elementor-spacer-inner\"><\/div>\n\t\t<\/div>\n\t\t\t\t\t\t<\/div>\n\t\t\t\t<\/div>\n\t\t\t\t<div class=\"elementor-element elementor-element-334dedc elementor-widget elementor-widget-instagram-photos-gallery\" data-id=\"334dedc\" data-element_type=\"widget\" data-e-type=\"widget\" data-widget_type=\"instagram-photos-gallery.default\">\n\t\t\t\t<div class=\"elementor-widget-container\">\n\t\t\t\t\t\n\t\t<section class=\"gallery-img gap no-top\">\n\t\t\t<div class=\"container-fluid\">\n\t\t\t\t<div class=\"row\">\n\t\t\t\t\t<div class=\"col-lg-4 col-md-6\">\n\t\t\t\t\t\t<div class=\"gallery\">\n\t\t\t\t\t\t\t<figure>\n\t\t\t\t\t\t\t\t<img decoding=\"async\" src=\"https:\/\/naghmouche.com\/wp-content\/uploads\/2025\/01\/02-images.png\" alt=\"blog image\">\n\t\t\t\t\t\t\t\t<a data-fancybox=\"gallery\" href=\"https:\/\/naghmouche.com\/wp-content\/uploads\/2025\/01\/02-images.png\">\n\t\t\t\t\t\t\t\t\t<i class=\"fa fa-plus\"><\/i>\n\t\t\t\t\t\t\t\t<\/a>\n\n\t\t\t\t\t\t\t<\/figure>\n\t\t\t\t\t\t<\/div>\n\t\t\t\t\t<\/div>\n\t\t\t\t\t<div class=\"col-lg-8 col-md-6\">\n\t\t\t\t\t\t<div class=\"row\">\n\t\t\t\t\t\t\t<div class=\"col-lg-4 col-md-4\">\n\t\t\t\t\t\t\t\t<div class=\"gallery\">\n\t\t\t\t\t\t\t\t\t<figure>\n\t\t\t\t\t\t\t\t\t\t<img decoding=\"async\" src=\"https:\/\/naghmouche.com\/wp-content\/uploads\/2021\/12\/photo1.jpg\" alt=\"blog image\">\n\t\t\t\t\t\t\t\t\t\t<a data-fancybox=\"gallery\" href=\"https:\/\/naghmouche.com\/wp-content\/uploads\/2021\/12\/photo1.jpg\">\n\t\t\t\t\t\t\t\t\t\t\t<i class=\"fa fa-plus\"><\/i>\n\t\t\t\t\t\t\t\t\t\t<\/a>\n\n\t\t\t\t\t\t\t\t\t<\/figure>\n\t\t\t\t\t\t\t\t<\/div>\n\t\t\t\t\t\t\t<\/div>\n\t\t\t\t\t\t\t<div class=\"col-lg-4 col-md-4\">\n\t\t\t\t\t\t\t\t<div class=\"gallery\">\n\t\t\t\t\t\t\t\t\t<figure>\n\t\t\t\t\t\t\t\t\t\t<img decoding=\"async\" src=\"https:\/\/naghmouche.com\/wp-content\/uploads\/2021\/12\/photo2.jpg\" alt=\"blog image\">\n\t\t\t\t\t\t\t\t\t\t<a data-fancybox=\"gallery\" href=\"https:\/\/naghmouche.com\/wp-content\/uploads\/2021\/12\/photo2.jpg\">\n\t\t\t\t\t\t\t\t\t\t\t<i class=\"fa fa-plus\"><\/i>\n\t\t\t\t\t\t\t\t\t\t<\/a>\n\n\t\t\t\t\t\t\t\t\t<\/figure>\n\t\t\t\t\t\t\t\t<\/div>\n\t\t\t\t\t\t\t<\/div>\n\t\t\t\t\t\t\t<div class=\"col-lg-4 col-md-4\">\n\t\t\t\t\t\t\t\t<div class=\"gallery\">\n\t\t\t\t\t\t\t\t\t<figure>\n\t\t\t\t\t\t\t\t\t\t<img decoding=\"async\" src=\"https:\/\/naghmouche.com\/wp-content\/uploads\/2021\/12\/photo3.jpg\" alt=\"blog image\">\n\t\t\t\t\t\t\t\t\t\t<a data-fancybox=\"gallery\" href=\"https:\/\/naghmouche.com\/wp-content\/uploads\/2021\/12\/photo3.jpg\">\n\t\t\t\t\t\t\t\t\t\t\t<i class=\"fa fa-plus\"><\/i>\n\t\t\t\t\t\t\t\t\t\t<\/a>\n\n\t\t\t\t\t\t\t\t\t<\/figure>\n\t\t\t\t\t\t\t\t<\/div>\n\t\t\t\t\t\t\t<\/div>\n\t\t\t\t\t\t<\/div>\n\t\t\t\t\t<\/div>\n\t\t\t\t\t<div class=\"col-lg-8 col-md-6\">\n\t\t\t\t\t\t<div class=\"row\">\n\t\t\t\t\t\t\t<div class=\"col-lg-4 col-md-6\">\n\t\t\t\t\t\t\t\t<div class=\"gallery\">\n\t\t\t\t\t\t\t\t\t<figure>\n\t\t\t\t\t\t\t\t\t\t<img decoding=\"async\" src=\"https:\/\/naghmouche.com\/wp-content\/uploads\/2025\/01\/05.jpg\" alt=\"blog image\">\n\t\t\t\t\t\t\t\t\t\t<a data-fancybox=\"gallery\" href=\"https:\/\/naghmouche.com\/wp-content\/uploads\/2025\/01\/05.jpg\">\n\t\t\t\t\t\t\t\t\t\t\t<i class=\"fa fa-plus\"><\/i>\n\t\t\t\t\t\t\t\t\t\t<\/a>\n\n\t\t\t\t\t\t\t\t\t<\/figure>\n\t\t\t\t\t\t\t\t<\/div>\n\t\t\t\t\t\t\t<\/div>\n\t\t\t\t\t\t\t<div class=\"col-lg-4 col-md-6\">\n\t\t\t\t\t\t\t\t<div class=\"gallery\">\n\t\t\t\t\t\t\t\t\t<figure>\n\t\t\t\t\t\t\t\t\t\t<img decoding=\"async\" src=\"https:\/\/naghmouche.com\/wp-content\/uploads\/2025\/01\/in-the-street.png\" alt=\"blog image\">\n\t\t\t\t\t\t\t\t\t\t<a data-fancybox=\"gallery\" href=\"https:\/\/naghmouche.com\/wp-content\/uploads\/2025\/01\/in-the-street.png\">\n\t\t\t\t\t\t\t\t\t\t\t<i class=\"fa fa-plus\"><\/i>\n\t\t\t\t\t\t\t\t\t\t<\/a>\n\n\t\t\t\t\t\t\t\t\t<\/figure>\n\t\t\t\t\t\t\t\t<\/div>\n\t\t\t\t\t\t\t<\/div>\n\t\t\t\t\t\t\t<div class=\"col-lg-4 col-md-6\">\n\t\t\t\t\t\t\t\t<div class=\"gallery\">\n\t\t\t\t\t\t\t\t\t<figure>\n\t\t\t\t\t\t\t\t\t\t<img decoding=\"async\" src=\"https:\/\/naghmouche.com\/wp-content\/uploads\/2024\/01\/22.jpg\" alt=\"blog image\">\n\t\t\t\t\t\t\t\t\t\t<a data-fancybox=\"gallery\" href=\"https:\/\/naghmouche.com\/wp-content\/uploads\/2024\/01\/22.jpg\">\n\t\t\t\t\t\t\t\t\t\t\t<i class=\"fa fa-plus\"><\/i>\n\t\t\t\t\t\t\t\t\t\t<\/a>\n\n\t\t\t\t\t\t\t\t\t<\/figure>\n\t\t\t\t\t\t\t\t<\/div>\n\t\t\t\t\t\t\t<\/div>\n\t\t\t\t\t\t<\/div>\n\t\t\t\t\t<\/div>\n\t\t\t\t\t<div class=\"col-lg-4 col-md-6\">\n\t\t\t\t\t\t<div class=\"gallery\">\n\t\t\t\t\t\t\t<figure>\n\t\t\t\t\t\t\t\t<img decoding=\"async\" src=\"https:\/\/naghmouche.com\/wp-content\/uploads\/2025\/01\/24-1.jpg\" alt=\"blog image\">\n\t\t\t\t\t\t\t\t<a data-fancybox=\"gallery\" href=\"https:\/\/naghmouche.com\/wp-content\/uploads\/2025\/01\/24-1.jpg\">\n\t\t\t\t\t\t\t\t\t<i class=\"fa fa-plus\"><\/i>\n\t\t\t\t\t\t\t\t<\/a>\n\n\t\t\t\t\t\t\t<\/figure>\n\t\t\t\t\t\t<\/div>\n\t\t\t\t\t<\/div>\n\t\t\t\t<\/div>\n\t\t\t<\/div>\n\t\t<\/section>\n\n\t\t\t\t<\/div>\n\t\t\t\t<\/div>\n\t\t\t\t<div class=\"elementor-element elementor-element-be28522 elementor-widget elementor-widget-spacer\" data-id=\"be28522\" data-element_type=\"widget\" data-e-type=\"widget\" data-widget_type=\"spacer.default\">\n\t\t\t\t<div class=\"elementor-widget-container\">\n\t\t\t\t\t\t\t<div class=\"elementor-spacer\">\n\t\t\t<div class=\"elementor-spacer-inner\"><\/div>\n\t\t<\/div>\n\t\t\t\t\t\t<\/div>\n\t\t\t\t<\/div>\n\t\t\t\t\t<\/div>\n\t\t<\/div>\n\t\t\t\t\t<\/div>\n\t\t<\/section>\n\t\t\t\t<\/div>\n\t\t","protected":false},"excerpt":{"rendered":"<p>Missions Officielles et Contributions \u00e0 la Soci\u00e9t\u00e9 Civile En tant que PERSONALITE PUBLIC engag\u00e9 et repr\u00e9sentant actif aupr\u00e8s des \u00e9trangers \u00e9tablis en France et \u00e0 l\u2019internationale, je travaille depuis plusieurs ann\u00e9es pour d\u00e9fendre leurs droits et leur offrir un soutien moral, juridique et humanitaire. \u00c0 travers mes efforts et mon [&hellip;]<\/p>\n","protected":false},"author":1,"featured_media":0,"parent":357,"menu_order":0,"comment_status":"closed","ping_status":"closed","template":"","meta":{"footnotes":""},"class_list":["post-3905","page","type-page","status-publish","hentry"],"_links":{"self":[{"href":"https:\/\/naghmouche.com\/index.php?rest_route=\/wp\/v2\/pages\/3905","targetHints":{"allow":["GET"]}}],"collection":[{"href":"https:\/\/naghmouche.com\/index.php?rest_route=\/wp\/v2\/pages"}],"about":[{"href":"https:\/\/naghmouche.com\/index.php?rest_route=\/wp\/v2\/types\/page"}],"author":[{"embeddable":true,"href":"https:\/\/naghmouche.com\/index.php?rest_route=\/wp\/v2\/users\/1"}],"replies":[{"embeddable":true,"href":"https:\/\/naghmouche.com\/index.php?rest_route=%2Fwp%2Fv2%2Fcomments&post=3905"}],"version-history":[{"count":41,"href":"https:\/\/naghmouche.com\/index.php?rest_route=\/wp\/v2\/pages\/3905\/revisions"}],"predecessor-version":[{"id":4479,"href":"https:\/\/naghmouche.com\/index.php?rest_route=\/wp\/v2\/pages\/3905\/revisions\/4479"}],"up":[{"embeddable":true,"href":"https:\/\/naghmouche.com\/index.php?rest_route=\/wp\/v2\/pages\/357"}],"wp:attachment":[{"href":"https:\/\/naghmouche.com\/index.php?rest_route=%2Fwp%2Fv2%2Fmedia&parent=3905"}],"curies":[{"name":"wp","href":"https:\/\/api.w.org\/{rel}","templated":true}]}}