{"id":357,"date":"2020-11-27T09:54:10","date_gmt":"2020-11-27T09:54:10","guid":{"rendered":"https:\/\/nauthemes.com\/wp\/kriate\/?page_id=357"},"modified":"2025-05-29T08:39:39","modified_gmt":"2025-05-29T08:39:39","slug":"about-us","status":"publish","type":"page","link":"https:\/\/naghmouche.com\/?page_id=357","title":{"rendered":"Qui sommes nous"},"content":{"rendered":"\t\t<div data-elementor-type=\"wp-page\" data-elementor-id=\"357\" class=\"elementor elementor-357\">\n\t\t\t\t\t\t<section class=\"elementor-section elementor-top-section elementor-element elementor-element-1816b84 elementor-section-full_width elementor-section-stretched elementor-section-height-default elementor-section-height-default\" data-id=\"1816b84\" data-element_type=\"section\" data-e-type=\"section\" data-settings=\"{&quot;stretch_section&quot;:&quot;section-stretched&quot;}\">\n\t\t\t\t\t\t<div class=\"elementor-container elementor-column-gap-no\">\n\t\t\t\t\t<div class=\"elementor-column elementor-col-100 elementor-top-column elementor-element elementor-element-8e568e4\" data-id=\"8e568e4\" data-element_type=\"column\" data-e-type=\"column\">\n\t\t\t<div class=\"elementor-widget-wrap elementor-element-populated\">\n\t\t\t\t\t\t<div class=\"elementor-element elementor-element-0f78c73 elementor-widget elementor-widget-politick_welcome\" data-id=\"0f78c73\" data-element_type=\"widget\" data-e-type=\"widget\" data-widget_type=\"politick_welcome.default\">\n\t\t\t\t<div class=\"elementor-widget-container\">\n\t\t\t\t\t\n\t\t<section class=\"gap no-top fire-brigade\">\n\t\t\t<div class=\"container\">\n\t\t\t\t\t\t\t\t\t<div class=\"heading\">\n\t\t\t\t\t\t\t\t\t\t\t\t<h2>Toujour pret a vous aider<\/h2>\t\t\t\t\t<\/div>\n\t\t\t\t\t\t\t\t<div class=\"row align-items-center\">\n\t\t\t\t\t<div class=\"col-lg-6\">\n\t\t\t\t\t<div class=\"incident-img\">\n<img decoding=\"async\" alt=\"\" src=\"https:\/\/naghmouche.com\/wp-content\/uploads\/2025\/01\/24-1.jpg\"><div class=\"bus-img\">\n<img decoding=\"async\" class=\"bus\" alt=\"\" src=\"https:\/\/naghmouche.com\/wp-content\/uploads\/2025\/01\/small-img-1.png\"><div class=\"video-play\">\n<a data-fancybox=\"\" href=\"#\"><i class=\"fa fa-play\"><\/i><\/a>\n<\/div>\n<\/div>\n<\/div> \t\t\t\t\n\t\t\t\t\t\t\n\t\t\t\t\t\t\n\t\t\t\t\t\t\n\t\t\t\t\t\t\n\t\t\t\t\t<\/div>\n\t\t\t\t\t<div class=\"col-lg-6 \">\n\t\t\t\t\t\t<div class=\"incident-data\">\n\t\t\t\t\t\t\t<p style=\"text-align: justify;\">Nous croyons fermement que chaque personne, o\u00f9 qu\u2019elle vive, m\u00e9rite le respect, la dignit\u00e9 et des opportunit\u00e9s \u00e9quitables. Notre engagement repose sur une conviction profonde : la justice sociale n\u2019est pas un luxe, mais une n\u00e9cessit\u00e9 pour b\u00e2tir un monde plus humain, solidaire et durable.<\/p>\n<p style=\"text-align: justify;\">Au fil de nos actions, de nos campagnes et de nos prises de parole, nous \u0153uvrons contre toutes les formes d\u2019injustice \u2014 qu\u2019elles soient sociales, \u00e9conomiques, environnementales ou politiques. Notre mission : \u00e9veiller les consciences, mobiliser les \u00e9nergies et inspirer des changements concrets, ici et ailleurs.<\/p>\n<p style=\"text-align: justify;\">En tant qu\u2019acteurs engag\u00e9s \u00e0 l\u2019\u00e9chelle internationale, nous cr\u00e9ons des passerelles entre les cultures, d\u00e9fendons les droits fondamentaux et soutenons les initiatives locales qui ont un impact global. Chaque cause que nous portons est guid\u00e9e par des valeurs fortes : la v\u00e9rit\u00e9, l\u2019\u00e9quit\u00e9 et l\u2019espoir d\u2019un avenir meilleur pour toutes et tous.<\/p>\n<p style=\"text-align: justify;\">Rejoindre notre combat, c\u2019est croire en la force du collectif, en la puissance de chaque voix, et en la capacit\u00e9 de notre humanit\u00e9 \u00e0 se rassembler pour un monde plus juste.<\/p>\n\t\t\t\t\t\t\t\t\t\t\t\t\t\t\t\t\t\t\t\t\n\n\t\t\t\t\t\t<\/div>\n\t\t\t\t\t<\/div>\n\t\t\t\t<\/div>\n\t\t<\/section>\n\n\t\t\t\t\t\t<\/div>\n\t\t\t\t<\/div>\n\t\t\t\t<div class=\"elementor-element elementor-element-a4515e4 elementor-widget elementor-widget-safety_cta\" data-id=\"a4515e4\" data-element_type=\"widget\" data-e-type=\"widget\" data-widget_type=\"safety_cta.default\">\n\t\t\t\t<div class=\"elementor-widget-container\">\n\t\t\t\t\t\n\n\t\t<section class=\"hm2-safety-section\">\n\t\t\t<div class=\"auto-container\">\n\t\t\t\t<!-- hm2 Sec Title -->\n\t\t\t\t<div class=\"title-box centered train-with\">\n\t\t\t\t\t\t\t\t\t\t\t<div class=\"title\">Rejoignez notre mouvement<\/div>\n\t\t\t\t\t\t\t\t\t\t\t\t\t\t\t\t<h3>Croyez-vous en un monde plus juste et solidaire ? Vous souhaitez mettre vos comp\u00e9tences et votre temps au service d'une cause humanitaire ? Rejoignez notre r\u00e9seau d'activistes et contribuez concr\u00e8tement \u00e0 nos actions.<\/h3>\n\t\t\t\t\t\t\t\t\t\t\t\t\t\t\t\t<a   href=\"https:\/\/naghmouche.com\/?page_id=436\" class=\"button-style\">Contactez-nous<\/a>\n\t\t\t\t\t\t\t\t\t<\/div>\n\t\t\t<\/div>\n\n\t\t\t\t\t<\/section>\n\n\t\t\t\t<\/div>\n\t\t\t\t<\/div>\n\t\t\t\t\t<\/div>\n\t\t<\/div>\n\t\t\t\t\t<\/div>\n\t\t<\/section>\n\t\t\t\t<section class=\"elementor-section elementor-top-section elementor-element elementor-element-2882a28 elementor-section-full_width elementor-section-stretched elementor-section-height-default elementor-section-height-default\" data-id=\"2882a28\" data-element_type=\"section\" data-e-type=\"section\" data-settings=\"{&quot;stretch_section&quot;:&quot;section-stretched&quot;}\">\n\t\t\t\t\t\t<div class=\"elementor-container elementor-column-gap-no\">\n\t\t\t\t\t<div class=\"elementor-column elementor-col-100 elementor-top-column elementor-element elementor-element-7387b3a\" data-id=\"7387b3a\" data-element_type=\"column\" data-e-type=\"column\">\n\t\t\t<div class=\"elementor-widget-wrap elementor-element-populated\">\n\t\t\t\t\t\t<div class=\"elementor-element elementor-element-a1328d8 elementor-widget elementor-widget-news_grid\" data-id=\"a1328d8\" data-element_type=\"widget\" data-e-type=\"widget\" data-widget_type=\"news_grid.default\">\n\t\t\t\t<div class=\"elementor-widget-container\">\n\t\t\t\t\t\n   \n\t<section class=\"gap\">\n    \t<div class=\"container\">\n    \t\t<div class=\"heading\"><h2>Articles publi\u00e9s<\/h2><\/div>\n    \t\t<div class=\"row\">\n\t\t\t\t\t\t\t\n\t\t\t\t\t\t\t<div class=\"col-lg-5\">\n\t\t\t\t\t\t\t\t<div class=\"news-blog\">\t\n\t\t\t\t\t\t\t\t<img decoding=\"async\" alt=\"blog-img\" src=\"https:\/\/naghmouche.com\/wp-content\/uploads\/bfi_thumb\/489667490_1211729870952696_7685183001675968080_n-rexklub2z5kn0i3mdnw4k8wjdoq8qzrlrhc4ljnvr4.jpg\" alt=\"Featured Image\">\n\t\t\t\t\t\t\t\t\t<h6>08<span>Avr, 2025<\/span><\/h6><div class = \"news-meta\"><p>\u0627\u0644\u0625\u0646\u0633\u0627\u0646\u064a\u0629<\/p>\n\t\t\t\t\t\t\t\t\t\t<h3><a href=\"https:\/\/naghmouche.com\/?p=219\">\u0644\u0642\u0627\u0621 \u0631\u0633\u0645\u064a \u0641\u064a \u0628\u0644\u062f\u064a\u0629 \u0628\u064a\u0632\u0648\u0646<\/a><\/h3>\n\t\t\t\t\t\t\t\t\t\t<div class=\"blog-img-news\"><img alt='' src='https:\/\/secure.gravatar.com\/avatar\/264e53d93759bde067fd01ef2698f98d1253c730d12f021116f02eebcfa9ace6?s=60&#038;d=mm&#038;r=g' srcset='https:\/\/secure.gravatar.com\/avatar\/264e53d93759bde067fd01ef2698f98d1253c730d12f021116f02eebcfa9ace6?s=120&#038;d=mm&#038;r=g 2x' class='avatar avatar-60 photo wt-author-img' height='60' width='60' \/><span><a href=\"https:\/\/naghmouche.com\/?author=2\" title=\"\">by \u0634\u0632\u064a\u0644 \u0639\u062b\u0645\u0627\u0646 \u0646\u063a\u0645\u0648\u0634<\/a><\/span>\n\t\t\t\t\t\t\t\t\t\t<\/div><\/div>\n\t\t\t\t\t\t\t\t<\/div>\n\t\t\t\t\t\t\t<\/div>\n\t\t\t\t\t\t\t\n\t\t\t\t\t\t\t<div class=\"col-lg-7\">\n\t\t\t\t\t\t\t\t<div class=\"row\">\n\t\t\t\t\t\t\t\t\t<div class=\"col-lg-6\">\n\t\t\t\t\t\t\t\t\t\t<div class=\"news-blog\">\n\t\t\t\t\t\t\t\t\t\t<img decoding=\"async\" alt=\"blog-img\" src=\"https:\/\/naghmouche.com\/wp-content\/uploads\/bfi_thumb\/489695601_1210467974412219_482142142955252450_n-rexklrhiacedg0la3l9otjz82937uw3pu1cwl0wjr4.jpg\" alt=\"Featured Image\">\n\t\t\t\t\t\t\t\t\t\t\t<h6>08<span>Avr, 2025<\/span><\/h6><p>\u0627\u0644\u062a\u0636\u0627\u0645\u0646<\/p>\n\t\t\t\t\t\t\t\t\t\t\t\t<h3><a href=\"https:\/\/naghmouche.com\/?p=218\">\u0645\u062f\u0627\u062e\u0644\u0629 \u062d\u0648\u0644 \u0645\u0633\u062a\u0642\u0628\u0644 \u0627\u0644\u064a\u0645\u0646 \u2013 \u0645\u062c\u0644\u0633...<\/a><\/h3>\n\t\t\t\t\t\t\t\t\t\t\t\t<div class=\"blog-img-news\"><img alt='' src='https:\/\/secure.gravatar.com\/avatar\/264e53d93759bde067fd01ef2698f98d1253c730d12f021116f02eebcfa9ace6?s=60&#038;d=mm&#038;r=g' srcset='https:\/\/secure.gravatar.com\/avatar\/264e53d93759bde067fd01ef2698f98d1253c730d12f021116f02eebcfa9ace6?s=120&#038;d=mm&#038;r=g 2x' class='avatar avatar-60 photo wt-author-img' height='60' width='60' \/><span><a href=\"https:\/\/naghmouche.com\/?author=2\" title=\"\">by \u0634\u0632\u064a\u0644 \u0639\u062b\u0645\u0627\u0646 \u0646\u063a\u0645\u0648\u0634<\/a><\/span>\n\t\t\t\t\t\t\t\t\t\t\t\t<\/div>\n\t\t\t\t\t\t\t\t\t\t<\/div>\n\t\t\t\t\t\t\t\t\t<\/div>\n\t\t\t\t\t\t\t\t\t<div class=\"col-lg-6\">\n\t\t\t\t\t\t\t\t\t\t<div class=\"news-blog\">\n\t\t\t\t\t\t\t\t\t\t<img decoding=\"async\" alt=\"blog-img\" src=\"https:\/\/naghmouche.com\/wp-content\/uploads\/bfi_thumb\/485834740_1195271382598545_8451323133147433963_n-rexklrhiacedg0la3l9otjz82937uw3pu1cwl0wjr4.jpg\" alt=\"Featured Image\">\n\t\t\t\t\t\t\t\t\t\t\t<h6>23<span>Mar, 2025<\/span><\/h6><p>\u0627\u0644\u0625\u0646\u0633\u0627\u0646\u064a\u0629<\/p>\n\t\t\t\t\t\t\t\t\t\t\t\t<h3><a href=\"https:\/\/naghmouche.com\/?p=216\">\u0645\u0646\u0627\u0633\u0628\u0629 \u0630\u0643\u0631\u0649 \u0639\u064a\u062f \u0627\u0644\u0646\u0635\u0631 19 \u0645\u0627\u0631\u0633...<\/a><\/h3>\n\t\t\t\t\t\t\t\t\t\t\t\t<div class=\"blog-img-news\"><img alt='' src='https:\/\/secure.gravatar.com\/avatar\/264e53d93759bde067fd01ef2698f98d1253c730d12f021116f02eebcfa9ace6?s=60&#038;d=mm&#038;r=g' srcset='https:\/\/secure.gravatar.com\/avatar\/264e53d93759bde067fd01ef2698f98d1253c730d12f021116f02eebcfa9ace6?s=120&#038;d=mm&#038;r=g 2x' class='avatar avatar-60 photo wt-author-img' height='60' width='60' \/><span><a href=\"https:\/\/naghmouche.com\/?author=2\" title=\"\">by \u0634\u0632\u064a\u0644 \u0639\u062b\u0645\u0627\u0646 \u0646\u063a\u0645\u0648\u0634<\/a><\/span>\n\t\t\t\t\t\t\t\t\t\t\t\t<\/div>\n\t\t\t\t\t\t\t\t\t\t<\/div>\n\t\t\t\t\t\t\t\t\t<\/div>\n\t\t\t\t\t\t\t\t\t\t\n\t\t\t\t\t\t\t\t\t\t\t<\/div>\n\t\t\t\t\t\t\t\t\t\t<\/div>\t\n    \t\t\t<a href=\"https:\/\/naghmouche.com\/?page_id=425\" class=\"button-style fill\">Voir tous les articles<\/a>\t\n    \t\t<\/div>\n    \t<\/div>\n\t<\/section>\t\t\t\t<\/div>\n\t\t\t\t<\/div>\n\t\t\t\t\t<\/div>\n\t\t<\/div>\n\t\t\t\t\t<\/div>\n\t\t<\/section>\n\t\t\t\t<section class=\"elementor-section elementor-top-section elementor-element elementor-element-f2607d5 elementor-section-full_width elementor-section-stretched elementor-section-height-default elementor-section-height-default\" data-id=\"f2607d5\" data-element_type=\"section\" data-e-type=\"section\" data-settings=\"{&quot;stretch_section&quot;:&quot;section-stretched&quot;}\">\n\t\t\t\t\t\t<div class=\"elementor-container elementor-column-gap-no\">\n\t\t\t\t\t<div class=\"elementor-column elementor-col-100 elementor-top-column elementor-element elementor-element-d179a61\" data-id=\"d179a61\" data-element_type=\"column\" data-e-type=\"column\">\n\t\t\t<div class=\"elementor-widget-wrap elementor-element-populated\">\n\t\t\t\t\t\t<div class=\"elementor-element elementor-element-0b5836d elementor-widget elementor-widget-instagram-photos-gallery\" data-id=\"0b5836d\" data-element_type=\"widget\" data-e-type=\"widget\" data-widget_type=\"instagram-photos-gallery.default\">\n\t\t\t\t<div class=\"elementor-widget-container\">\n\t\t\t\t\t\n\t\t<section class=\"gallery-img gap no-top\">\n\t\t\t<div class=\"container-fluid\">\n\t\t\t\t<div class=\"row\">\n\t\t\t\t\t<div class=\"col-lg-4 col-md-6\">\n\t\t\t\t\t\t<div class=\"gallery\">\n\t\t\t\t\t\t\t<figure>\n\t\t\t\t\t\t\t\t<img decoding=\"async\" src=\"https:\/\/naghmouche.com\/wp-content\/uploads\/2025\/01\/03.jpg\" alt=\"blog image\">\n\t\t\t\t\t\t\t\t<a data-fancybox=\"gallery\" href=\"https:\/\/naghmouche.com\/wp-content\/uploads\/2025\/01\/03.jpg\">\n\t\t\t\t\t\t\t\t\t<i class=\"fa fa-plus\"><\/i>\n\t\t\t\t\t\t\t\t<\/a>\n\n\t\t\t\t\t\t\t<\/figure>\n\t\t\t\t\t\t<\/div>\n\t\t\t\t\t<\/div>\n\t\t\t\t\t<div class=\"col-lg-8 col-md-6\">\n\t\t\t\t\t\t<div class=\"row\">\n\t\t\t\t\t\t\t<div class=\"col-lg-4 col-md-4\">\n\t\t\t\t\t\t\t\t<div class=\"gallery\">\n\t\t\t\t\t\t\t\t\t<figure>\n\t\t\t\t\t\t\t\t\t\t<img decoding=\"async\" src=\"https:\/\/naghmouche.com\/wp-content\/uploads\/2025\/01\/32.jpg\" alt=\"blog image\">\n\t\t\t\t\t\t\t\t\t\t<a data-fancybox=\"gallery\" href=\"https:\/\/naghmouche.com\/wp-content\/uploads\/2025\/01\/32.jpg\">\n\t\t\t\t\t\t\t\t\t\t\t<i class=\"fa fa-plus\"><\/i>\n\t\t\t\t\t\t\t\t\t\t<\/a>\n\n\t\t\t\t\t\t\t\t\t<\/figure>\n\t\t\t\t\t\t\t\t<\/div>\n\t\t\t\t\t\t\t<\/div>\n\t\t\t\t\t\t\t<div class=\"col-lg-4 col-md-4\">\n\t\t\t\t\t\t\t\t<div class=\"gallery\">\n\t\t\t\t\t\t\t\t\t<figure>\n\t\t\t\t\t\t\t\t\t\t<img decoding=\"async\" src=\"https:\/\/naghmouche.com\/wp-content\/uploads\/2025\/01\/in-the-street.png\" alt=\"blog image\">\n\t\t\t\t\t\t\t\t\t\t<a data-fancybox=\"gallery\" href=\"https:\/\/naghmouche.com\/wp-content\/uploads\/2025\/01\/in-the-street.png\">\n\t\t\t\t\t\t\t\t\t\t\t<i class=\"fa fa-plus\"><\/i>\n\t\t\t\t\t\t\t\t\t\t<\/a>\n\n\t\t\t\t\t\t\t\t\t<\/figure>\n\t\t\t\t\t\t\t\t<\/div>\n\t\t\t\t\t\t\t<\/div>\n\t\t\t\t\t\t\t<div class=\"col-lg-4 col-md-4\">\n\t\t\t\t\t\t\t\t<div class=\"gallery\">\n\t\t\t\t\t\t\t\t\t<figure>\n\t\t\t\t\t\t\t\t\t\t<img decoding=\"async\" src=\"https:\/\/naghmouche.com\/wp-content\/uploads\/2025\/01\/27.jpg\" alt=\"blog image\">\n\t\t\t\t\t\t\t\t\t\t<a data-fancybox=\"gallery\" href=\"https:\/\/naghmouche.com\/wp-content\/uploads\/2025\/01\/27.jpg\">\n\t\t\t\t\t\t\t\t\t\t\t<i class=\"fa fa-plus\"><\/i>\n\t\t\t\t\t\t\t\t\t\t<\/a>\n\n\t\t\t\t\t\t\t\t\t<\/figure>\n\t\t\t\t\t\t\t\t<\/div>\n\t\t\t\t\t\t\t<\/div>\n\t\t\t\t\t\t<\/div>\n\t\t\t\t\t<\/div>\n\t\t\t\t\t<div class=\"col-lg-8 col-md-6\">\n\t\t\t\t\t\t<div class=\"row\">\n\t\t\t\t\t\t\t<div class=\"col-lg-4 col-md-6\">\n\t\t\t\t\t\t\t\t<div class=\"gallery\">\n\t\t\t\t\t\t\t\t\t<figure>\n\t\t\t\t\t\t\t\t\t\t<img decoding=\"async\" src=\"https:\/\/naghmouche.com\/wp-content\/uploads\/2025\/01\/05.jpg\" alt=\"blog image\">\n\t\t\t\t\t\t\t\t\t\t<a data-fancybox=\"gallery\" href=\"https:\/\/naghmouche.com\/wp-content\/uploads\/2025\/01\/05.jpg\">\n\t\t\t\t\t\t\t\t\t\t\t<i class=\"fa fa-plus\"><\/i>\n\t\t\t\t\t\t\t\t\t\t<\/a>\n\n\t\t\t\t\t\t\t\t\t<\/figure>\n\t\t\t\t\t\t\t\t<\/div>\n\t\t\t\t\t\t\t<\/div>\n\t\t\t\t\t\t\t<div class=\"col-lg-4 col-md-6\">\n\t\t\t\t\t\t\t\t<div class=\"gallery\">\n\t\t\t\t\t\t\t\t\t<figure>\n\t\t\t\t\t\t\t\t\t\t<img decoding=\"async\" src=\"https:\/\/naghmouche.com\/wp-content\/uploads\/2025\/01\/02.jpg\" alt=\"blog image\">\n\t\t\t\t\t\t\t\t\t\t<a data-fancybox=\"gallery\" href=\"https:\/\/naghmouche.com\/wp-content\/uploads\/2025\/01\/02.jpg\">\n\t\t\t\t\t\t\t\t\t\t\t<i class=\"fa fa-plus\"><\/i>\n\t\t\t\t\t\t\t\t\t\t<\/a>\n\n\t\t\t\t\t\t\t\t\t<\/figure>\n\t\t\t\t\t\t\t\t<\/div>\n\t\t\t\t\t\t\t<\/div>\n\t\t\t\t\t\t\t<div class=\"col-lg-4 col-md-6\">\n\t\t\t\t\t\t\t\t<div class=\"gallery\">\n\t\t\t\t\t\t\t\t\t<figure>\n\t\t\t\t\t\t\t\t\t\t<img decoding=\"async\" src=\"https:\/\/naghmouche.com\/wp-content\/uploads\/2025\/01\/24-1.jpg\" alt=\"blog image\">\n\t\t\t\t\t\t\t\t\t\t<a data-fancybox=\"gallery\" href=\"https:\/\/naghmouche.com\/wp-content\/uploads\/2025\/01\/24-1.jpg\">\n\t\t\t\t\t\t\t\t\t\t\t<i class=\"fa fa-plus\"><\/i>\n\t\t\t\t\t\t\t\t\t\t<\/a>\n\n\t\t\t\t\t\t\t\t\t<\/figure>\n\t\t\t\t\t\t\t\t<\/div>\n\t\t\t\t\t\t\t<\/div>\n\t\t\t\t\t\t<\/div>\n\t\t\t\t\t<\/div>\n\t\t\t\t\t<div class=\"col-lg-4 col-md-6\">\n\t\t\t\t\t\t<div class=\"gallery\">\n\t\t\t\t\t\t\t<figure>\n\t\t\t\t\t\t\t\t<img decoding=\"async\" src=\"https:\/\/naghmouche.com\/wp-content\/uploads\/2025\/01\/48.jpg\" alt=\"blog image\">\n\t\t\t\t\t\t\t\t<a data-fancybox=\"gallery\" href=\"https:\/\/naghmouche.com\/wp-content\/uploads\/2025\/01\/48.jpg\">\n\t\t\t\t\t\t\t\t\t<i class=\"fa fa-plus\"><\/i>\n\t\t\t\t\t\t\t\t<\/a>\n\n\t\t\t\t\t\t\t<\/figure>\n\t\t\t\t\t\t<\/div>\n\t\t\t\t\t<\/div>\n\t\t\t\t<\/div>\n\t\t\t<\/div>\n\t\t<\/section>\n\n\t\t\t\t<\/div>\n\t\t\t\t<\/div>\n\t\t\t\t\t<\/div>\n\t\t<\/div>\n\t\t\t\t\t<\/div>\n\t\t<\/section>\n\t\t\t\t<\/div>\n\t\t","protected":false},"excerpt":{"rendered":"<p>Toujour pret a vous aider Nous croyons fermement que chaque personne, o\u00f9 qu\u2019elle vive, m\u00e9rite le respect, la dignit\u00e9 et des opportunit\u00e9s \u00e9quitables. Notre engagement repose sur une conviction profonde : la justice sociale n\u2019est pas un luxe, mais une n\u00e9cessit\u00e9 pour b\u00e2tir un monde plus humain, solidaire et durable. [&hellip;]<\/p>\n","protected":false},"author":1,"featured_media":0,"parent":0,"menu_order":0,"comment_status":"closed","ping_status":"closed","template":"","meta":{"footnotes":""},"class_list":["post-357","page","type-page","status-publish","hentry"],"_links":{"self":[{"href":"https:\/\/naghmouche.com\/index.php?rest_route=\/wp\/v2\/pages\/357","targetHints":{"allow":["GET"]}}],"collection":[{"href":"https:\/\/naghmouche.com\/index.php?rest_route=\/wp\/v2\/pages"}],"about":[{"href":"https:\/\/naghmouche.com\/index.php?rest_route=\/wp\/v2\/types\/page"}],"author":[{"embeddable":true,"href":"https:\/\/naghmouche.com\/index.php?rest_route=\/wp\/v2\/users\/1"}],"replies":[{"embeddable":true,"href":"https:\/\/naghmouche.com\/index.php?rest_route=%2Fwp%2Fv2%2Fcomments&post=357"}],"version-history":[{"count":13,"href":"https:\/\/naghmouche.com\/index.php?rest_route=\/wp\/v2\/pages\/357\/revisions"}],"predecessor-version":[{"id":4062,"href":"https:\/\/naghmouche.com\/index.php?rest_route=\/wp\/v2\/pages\/357\/revisions\/4062"}],"wp:attachment":[{"href":"https:\/\/naghmouche.com\/index.php?rest_route=%2Fwp%2Fv2%2Fmedia&parent=357"}],"curies":[{"name":"wp","href":"https:\/\/api.w.org\/{rel}","templated":true}]}}