{"id":3238,"date":"2025-01-14T10:35:35","date_gmt":"2025-01-14T10:35:35","guid":{"rendered":"https:\/\/naghmouche.com\/?page_id=3238"},"modified":"2025-11-18T09:26:12","modified_gmt":"2025-11-18T09:26:12","slug":"albasma","status":"publish","type":"page","link":"https:\/\/naghmouche.com\/?page_id=3238","title":{"rendered":"Albasma"},"content":{"rendered":"\t\t<div data-elementor-type=\"wp-page\" data-elementor-id=\"3238\" class=\"elementor elementor-3238\">\n\t\t\t\t\t\t<section class=\"elementor-section elementor-top-section elementor-element elementor-element-5a3f206 elementor-section-full_width elementor-section-stretched elementor-section-height-default elementor-section-height-default\" data-id=\"5a3f206\" data-element_type=\"section\" data-e-type=\"section\" data-settings=\"{&quot;stretch_section&quot;:&quot;section-stretched&quot;}\">\n\t\t\t\t\t\t<div class=\"elementor-container elementor-column-gap-no\">\n\t\t\t\t\t<div class=\"elementor-column elementor-col-100 elementor-top-column elementor-element elementor-element-0036727\" data-id=\"0036727\" data-element_type=\"column\" data-e-type=\"column\">\n\t\t\t<div class=\"elementor-widget-wrap elementor-element-populated\">\n\t\t\t\t\t\t<div class=\"elementor-element elementor-element-947d419 elementor-widget elementor-widget-politick_welcome\" data-id=\"947d419\" data-element_type=\"widget\" data-e-type=\"widget\" data-widget_type=\"politick_welcome.default\">\n\t\t\t\t<div class=\"elementor-widget-container\">\n\t\t\t\t\t\n\t\t<section class=\"gap no-top fire-brigade\">\n\t\t\t<div class=\"container\">\n\t\t\t\t\t\t\t\t\t<div class=\"heading\">\n\t\t\t\t\t\t\t\t\t\t\t\t<h2>Nous sommes toujours pr\u00eats <br \/> \u00e0 vous aider \u00e0 r\u00e9soudre vos probl\u00e8mes<\/h2>\t\t\t\t\t<\/div>\n\t\t\t\t\t\t\t\t<div class=\"row align-items-center\">\n\t\t\t\t\t<div class=\"col-lg-6\">\n\t\t\t\t\t<div class=\"incident-img\">\n<img decoding=\"async\" alt=\"\" src=\"https:\/\/naghmouche.com\/wp-content\/uploads\/2025\/01\/in-the-street.png\"><div class=\"bus-img\">\n<img decoding=\"async\" class=\"bus\" alt=\"\" src=\"https:\/\/naghmouche.com\/wp-content\/uploads\/2025\/01\/small-img-1.png\"><div class=\"video-play\">\n<a data-fancybox=\"\" href=\"https:\/\/www.youtube.com\/watch?v=gH4rPVHxfhA\"><i class=\"fa fa-play\"><\/i><\/a>\n<\/div>\n<\/div>\n<\/div> \t\t\t\t\n\t\t\t\t\t\t\n\t\t\t\t\t\t\n\t\t\t\t\t\t\n\t\t\t\t\t\t\n\t\t\t\t\t<\/div>\n\t\t\t\t\t<div class=\"col-lg-6 \">\n\t\t\t\t\t\t<div class=\"incident-data\">\n\t\t\t\t\t\t\t<p>Lorem ipsum dolor sit amet, consectetur adipiscing eiusmod tempor incididunt ut labore et dolore magn ipsum dolor sit amet. Lorem ipsum dolor sit amet, co eiusmod tempor incididunt ut labore et dolore magn ipsum dolor sit amet.<\/p>\n\t\t\t\t\t\t\t\t\t\t\t\t\t\t\t\t\t\t\t\t\n\n\t\t\t\t\t\t<\/div>\n\t\t\t\t\t<\/div>\n\t\t\t\t<\/div>\n\t\t<\/section>\n\n\t\t\t\t\t\t<\/div>\n\t\t\t\t<\/div>\n\t\t\t\t\t<\/div>\n\t\t<\/div>\n\t\t\t\t\t<\/div>\n\t\t<\/section>\n\t\t\t\t<section class=\"elementor-section elementor-top-section elementor-element elementor-element-dce1733 elementor-section-full_width elementor-section-stretched elementor-section-height-default elementor-section-height-default\" data-id=\"dce1733\" data-element_type=\"section\" data-e-type=\"section\" data-settings=\"{&quot;stretch_section&quot;:&quot;section-stretched&quot;}\">\n\t\t\t\t\t\t<div class=\"elementor-container elementor-column-gap-no\">\n\t\t\t\t\t<div class=\"elementor-column elementor-col-100 elementor-top-column elementor-element elementor-element-6133766\" data-id=\"6133766\" data-element_type=\"column\" data-e-type=\"column\">\n\t\t\t<div class=\"elementor-widget-wrap elementor-element-populated\">\n\t\t\t\t\t\t<div class=\"elementor-element elementor-element-992f4c4 elementor-widget elementor-widget-blaz-helpdesk\" data-id=\"992f4c4\" data-element_type=\"widget\" data-e-type=\"widget\" data-widget_type=\"blaz-helpdesk.default\">\n\t\t\t\t<div class=\"elementor-widget-container\">\n\t\t\t\t\t\n    <section>\n      <div class=\"container\">\n        <div class=\"row align-items-center\">\n          <div class=\"col-lg-6\">\n            <div class=\"man-join\">\n                              <img decoding=\"async\" alt=\"rescue\" class=\"w-100 ps-sm-5\" src=\"https:\/\/naghmouche.com\/wp-content\/uploads\/2025\/01\/flag.jpg\">\n                            <img decoding=\"async\" class=\"man-img\" alt=\"man\" src=\"https:\/\/naghmouche.com\/wp-content\/uploads\/2025\/01\/Mr-naghmouchePhoto.png\">              <div class=\"help-number\">\n                                                                <a href=\"https:\/\/naghmouche.com\/?page_id=436\">Contactez-nous<\/a>              <\/div>\n            <\/div>\n          <\/div>\n          <div class=\"col-lg-6 ps-sm-5\">\n            <div class=\"train-with\">\n                             <h2>NOUS REJOINDRE<\/h2>               <h5>Rejoignez notre vision pour faire progresser la nation vers le sommet<\/h5>               <p>Vous avez des questions, des id\u00e9es de collaboration, ou vous souhaitez simplement en savoir plus sur notre travail ? N'h\u00e9sitez pas \u00e0 nous contacter via le formulaire ci-dessous. Nous lisons attentivement chaque message et ferons de notre mieux pour vous r\u00e9pondre dans les plus brefs d\u00e9lais.<\/p>               <a href=\"https:\/\/naghmouche.com\/?page_id=436\" class=\"button-style\">Rejoignez nous<\/a>            <\/div>\n          <\/div>\n        <\/div>\n      <\/div>\n    <\/section>\n\n\t\t\t\t<\/div>\n\t\t\t\t<\/div>\n\t\t\t\t\t<\/div>\n\t\t<\/div>\n\t\t\t\t\t<\/div>\n\t\t<\/section>\n\t\t\t\t<section class=\"elementor-section elementor-top-section elementor-element elementor-element-171aa13 elementor-section-full_width elementor-section-stretched elementor-section-height-default elementor-section-height-default\" data-id=\"171aa13\" data-element_type=\"section\" data-e-type=\"section\" data-settings=\"{&quot;stretch_section&quot;:&quot;section-stretched&quot;}\">\n\t\t\t\t\t\t<div class=\"elementor-container elementor-column-gap-no\">\n\t\t\t\t\t<div class=\"elementor-column elementor-col-100 elementor-top-column elementor-element elementor-element-11b2459\" data-id=\"11b2459\" data-element_type=\"column\" data-e-type=\"column\">\n\t\t\t<div class=\"elementor-widget-wrap elementor-element-populated\">\n\t\t\t\t\t\t<div class=\"elementor-element elementor-element-1ffcee3 elementor-widget elementor-widget-news_grid\" data-id=\"1ffcee3\" data-element_type=\"widget\" data-e-type=\"widget\" data-widget_type=\"news_grid.default\">\n\t\t\t\t<div class=\"elementor-widget-container\">\n\t\t\t\t\t\n   \n\t<section class=\"gap\">\n    \t<div class=\"container\">\n    \t\t<div class=\"heading\"><h2>Articles publi\u00e9s<\/h2><\/div>\n    \t\t<div class=\"row\">\n\t\t\t\t\t\t\t\n\t\t\t\t\t\t\t<div class=\"col-lg-5\">\n\t\t\t\t\t\t\t\t<div class=\"news-blog\">\t\n\t\t\t\t\t\t\t\t<img decoding=\"async\" alt=\"blog-img\" src=\"https:\/\/naghmouche.com\/wp-content\/uploads\/bfi_thumb\/489667490_1211729870952696_7685183001675968080_n-rexklub2z5kn0i3mdnw4k8wjdoq8qzrlrhc4ljnvr4.jpg\" alt=\"Featured Image\">\n\t\t\t\t\t\t\t\t\t<h6>08<span>Avr, 2025<\/span><\/h6><div class = \"news-meta\"><p>\u0627\u0644\u0625\u0646\u0633\u0627\u0646\u064a\u0629<\/p>\n\t\t\t\t\t\t\t\t\t\t<h3><a href=\"https:\/\/naghmouche.com\/?p=219\">\u0644\u0642\u0627\u0621 \u0631\u0633\u0645\u064a \u0641\u064a \u0628\u0644\u062f\u064a\u0629 \u0628\u064a\u0632\u0648\u0646<\/a><\/h3>\n\t\t\t\t\t\t\t\t\t\t<div class=\"blog-img-news\"><img alt='' src='https:\/\/secure.gravatar.com\/avatar\/264e53d93759bde067fd01ef2698f98d1253c730d12f021116f02eebcfa9ace6?s=60&#038;d=mm&#038;r=g' srcset='https:\/\/secure.gravatar.com\/avatar\/264e53d93759bde067fd01ef2698f98d1253c730d12f021116f02eebcfa9ace6?s=120&#038;d=mm&#038;r=g 2x' class='avatar avatar-60 photo wt-author-img' height='60' width='60' \/><span><a href=\"https:\/\/naghmouche.com\/?author=2\" title=\"\">by \u0634\u0632\u064a\u0644 \u0639\u062b\u0645\u0627\u0646 \u0646\u063a\u0645\u0648\u0634<\/a><\/span>\n\t\t\t\t\t\t\t\t\t\t<\/div><\/div>\n\t\t\t\t\t\t\t\t<\/div>\n\t\t\t\t\t\t\t<\/div>\n\t\t\t\t\t\t\t\n\t\t\t\t\t\t\t<div class=\"col-lg-7\">\n\t\t\t\t\t\t\t\t<div class=\"row\">\n\t\t\t\t\t\t\t\t\t<div class=\"col-lg-6\">\n\t\t\t\t\t\t\t\t\t\t<div class=\"news-blog\">\n\t\t\t\t\t\t\t\t\t\t<img decoding=\"async\" alt=\"blog-img\" src=\"https:\/\/naghmouche.com\/wp-content\/uploads\/bfi_thumb\/489695601_1210467974412219_482142142955252450_n-rexklrhiacedg0la3l9otjz82937uw3pu1cwl0wjr4.jpg\" alt=\"Featured Image\">\n\t\t\t\t\t\t\t\t\t\t\t<h6>08<span>Avr, 2025<\/span><\/h6><p>\u0627\u0644\u062a\u0636\u0627\u0645\u0646<\/p>\n\t\t\t\t\t\t\t\t\t\t\t\t<h3><a href=\"https:\/\/naghmouche.com\/?p=218\">\u0645\u062f\u0627\u062e\u0644\u0629 \u062d\u0648\u0644 \u0645\u0633\u062a\u0642\u0628\u0644 \u0627\u0644\u064a\u0645\u0646 \u2013 \u0645\u062c\u0644\u0633...<\/a><\/h3>\n\t\t\t\t\t\t\t\t\t\t\t\t<div class=\"blog-img-news\"><img alt='' src='https:\/\/secure.gravatar.com\/avatar\/264e53d93759bde067fd01ef2698f98d1253c730d12f021116f02eebcfa9ace6?s=60&#038;d=mm&#038;r=g' srcset='https:\/\/secure.gravatar.com\/avatar\/264e53d93759bde067fd01ef2698f98d1253c730d12f021116f02eebcfa9ace6?s=120&#038;d=mm&#038;r=g 2x' class='avatar avatar-60 photo wt-author-img' height='60' width='60' \/><span><a href=\"https:\/\/naghmouche.com\/?author=2\" title=\"\">by \u0634\u0632\u064a\u0644 \u0639\u062b\u0645\u0627\u0646 \u0646\u063a\u0645\u0648\u0634<\/a><\/span>\n\t\t\t\t\t\t\t\t\t\t\t\t<\/div>\n\t\t\t\t\t\t\t\t\t\t<\/div>\n\t\t\t\t\t\t\t\t\t<\/div>\n\t\t\t\t\t\t\t\t\t<div class=\"col-lg-6\">\n\t\t\t\t\t\t\t\t\t\t<div class=\"news-blog\">\n\t\t\t\t\t\t\t\t\t\t<img decoding=\"async\" alt=\"blog-img\" src=\"https:\/\/naghmouche.com\/wp-content\/uploads\/bfi_thumb\/485834740_1195271382598545_8451323133147433963_n-rexklrhiacedg0la3l9otjz82937uw3pu1cwl0wjr4.jpg\" alt=\"Featured Image\">\n\t\t\t\t\t\t\t\t\t\t\t<h6>23<span>Mar, 2025<\/span><\/h6><p>\u0627\u0644\u0625\u0646\u0633\u0627\u0646\u064a\u0629<\/p>\n\t\t\t\t\t\t\t\t\t\t\t\t<h3><a href=\"https:\/\/naghmouche.com\/?p=216\">\u0645\u0646\u0627\u0633\u0628\u0629 \u0630\u0643\u0631\u0649 \u0639\u064a\u062f \u0627\u0644\u0646\u0635\u0631 19 \u0645\u0627\u0631\u0633...<\/a><\/h3>\n\t\t\t\t\t\t\t\t\t\t\t\t<div class=\"blog-img-news\"><img alt='' src='https:\/\/secure.gravatar.com\/avatar\/264e53d93759bde067fd01ef2698f98d1253c730d12f021116f02eebcfa9ace6?s=60&#038;d=mm&#038;r=g' srcset='https:\/\/secure.gravatar.com\/avatar\/264e53d93759bde067fd01ef2698f98d1253c730d12f021116f02eebcfa9ace6?s=120&#038;d=mm&#038;r=g 2x' class='avatar avatar-60 photo wt-author-img' height='60' width='60' \/><span><a href=\"https:\/\/naghmouche.com\/?author=2\" title=\"\">by \u0634\u0632\u064a\u0644 \u0639\u062b\u0645\u0627\u0646 \u0646\u063a\u0645\u0648\u0634<\/a><\/span>\n\t\t\t\t\t\t\t\t\t\t\t\t<\/div>\n\t\t\t\t\t\t\t\t\t\t<\/div>\n\t\t\t\t\t\t\t\t\t<\/div>\n\t\t\t\t\t\t\t\t\t\t\n\t\t\t\t\t\t\t\t\t\t\t<\/div>\n\t\t\t\t\t\t\t\t\t\t<\/div>\t\n    \t\t\t<a href=\"https:\/\/naghmouche.com\/?page_id=425\" class=\"button-style fill\">Voir tous les articles<\/a>\t\n    \t\t<\/div>\n    \t<\/div>\n\t<\/section>\t\t\t\t<\/div>\n\t\t\t\t<\/div>\n\t\t\t\t\t<\/div>\n\t\t<\/div>\n\t\t\t\t\t<\/div>\n\t\t<\/section>\n\t\t\t\t<section class=\"elementor-section elementor-top-section elementor-element elementor-element-f3ed2fb elementor-section-full_width elementor-section-stretched elementor-section-height-default elementor-section-height-default\" data-id=\"f3ed2fb\" data-element_type=\"section\" data-e-type=\"section\" data-settings=\"{&quot;stretch_section&quot;:&quot;section-stretched&quot;}\">\n\t\t\t\t\t\t<div class=\"elementor-container elementor-column-gap-no\">\n\t\t\t\t\t<div class=\"elementor-column elementor-col-100 elementor-top-column elementor-element elementor-element-ab84b4b\" data-id=\"ab84b4b\" data-element_type=\"column\" data-e-type=\"column\">\n\t\t\t<div class=\"elementor-widget-wrap elementor-element-populated\">\n\t\t\t\t\t\t<div class=\"elementor-element elementor-element-ba9119c elementor-widget elementor-widget-instagram-photos-gallery\" data-id=\"ba9119c\" data-element_type=\"widget\" data-e-type=\"widget\" data-widget_type=\"instagram-photos-gallery.default\">\n\t\t\t\t<div class=\"elementor-widget-container\">\n\t\t\t\t\t\n\t\t<section class=\"gallery-img gap no-top\">\n\t\t\t<div class=\"container-fluid\">\n\t\t\t\t<div class=\"row\">\n\t\t\t\t\t<div class=\"col-lg-4 col-md-6\">\n\t\t\t\t\t\t<div class=\"gallery\">\n\t\t\t\t\t\t\t<figure>\n\t\t\t\t\t\t\t\t<img decoding=\"async\" src=\"https:\/\/naghmouche.com\/wp-content\/uploads\/2025\/01\/03.jpg\" alt=\"blog image\">\n\t\t\t\t\t\t\t\t<a data-fancybox=\"gallery\" href=\"https:\/\/naghmouche.com\/wp-content\/uploads\/2025\/01\/03.jpg\">\n\t\t\t\t\t\t\t\t\t<i class=\"fa fa-plus\"><\/i>\n\t\t\t\t\t\t\t\t<\/a>\n\n\t\t\t\t\t\t\t<\/figure>\n\t\t\t\t\t\t<\/div>\n\t\t\t\t\t<\/div>\n\t\t\t\t\t<div class=\"col-lg-8 col-md-6\">\n\t\t\t\t\t\t<div class=\"row\">\n\t\t\t\t\t\t\t<div class=\"col-lg-4 col-md-4\">\n\t\t\t\t\t\t\t\t<div class=\"gallery\">\n\t\t\t\t\t\t\t\t\t<figure>\n\t\t\t\t\t\t\t\t\t\t<img decoding=\"async\" src=\"https:\/\/naghmouche.com\/wp-content\/uploads\/2025\/01\/32.jpg\" alt=\"blog image\">\n\t\t\t\t\t\t\t\t\t\t<a data-fancybox=\"gallery\" href=\"https:\/\/naghmouche.com\/wp-content\/uploads\/2025\/01\/32.jpg\">\n\t\t\t\t\t\t\t\t\t\t\t<i class=\"fa fa-plus\"><\/i>\n\t\t\t\t\t\t\t\t\t\t<\/a>\n\n\t\t\t\t\t\t\t\t\t<\/figure>\n\t\t\t\t\t\t\t\t<\/div>\n\t\t\t\t\t\t\t<\/div>\n\t\t\t\t\t\t\t<div class=\"col-lg-4 col-md-4\">\n\t\t\t\t\t\t\t\t<div class=\"gallery\">\n\t\t\t\t\t\t\t\t\t<figure>\n\t\t\t\t\t\t\t\t\t\t<img decoding=\"async\" src=\"https:\/\/naghmouche.com\/wp-content\/uploads\/2025\/01\/in-the-street.png\" alt=\"blog image\">\n\t\t\t\t\t\t\t\t\t\t<a data-fancybox=\"gallery\" href=\"https:\/\/naghmouche.com\/wp-content\/uploads\/2025\/01\/in-the-street.png\">\n\t\t\t\t\t\t\t\t\t\t\t<i class=\"fa fa-plus\"><\/i>\n\t\t\t\t\t\t\t\t\t\t<\/a>\n\n\t\t\t\t\t\t\t\t\t<\/figure>\n\t\t\t\t\t\t\t\t<\/div>\n\t\t\t\t\t\t\t<\/div>\n\t\t\t\t\t\t\t<div class=\"col-lg-4 col-md-4\">\n\t\t\t\t\t\t\t\t<div class=\"gallery\">\n\t\t\t\t\t\t\t\t\t<figure>\n\t\t\t\t\t\t\t\t\t\t<img decoding=\"async\" src=\"https:\/\/naghmouche.com\/wp-content\/uploads\/2025\/01\/27.jpg\" alt=\"blog image\">\n\t\t\t\t\t\t\t\t\t\t<a data-fancybox=\"gallery\" href=\"https:\/\/naghmouche.com\/wp-content\/uploads\/2025\/01\/27.jpg\">\n\t\t\t\t\t\t\t\t\t\t\t<i class=\"fa fa-plus\"><\/i>\n\t\t\t\t\t\t\t\t\t\t<\/a>\n\n\t\t\t\t\t\t\t\t\t<\/figure>\n\t\t\t\t\t\t\t\t<\/div>\n\t\t\t\t\t\t\t<\/div>\n\t\t\t\t\t\t<\/div>\n\t\t\t\t\t<\/div>\n\t\t\t\t\t<div class=\"col-lg-8 col-md-6\">\n\t\t\t\t\t\t<div class=\"row\">\n\t\t\t\t\t\t\t<div class=\"col-lg-4 col-md-6\">\n\t\t\t\t\t\t\t\t<div class=\"gallery\">\n\t\t\t\t\t\t\t\t\t<figure>\n\t\t\t\t\t\t\t\t\t\t<img decoding=\"async\" src=\"https:\/\/naghmouche.com\/wp-content\/uploads\/2025\/01\/05.jpg\" alt=\"blog image\">\n\t\t\t\t\t\t\t\t\t\t<a data-fancybox=\"gallery\" href=\"https:\/\/naghmouche.com\/wp-content\/uploads\/2025\/01\/05.jpg\">\n\t\t\t\t\t\t\t\t\t\t\t<i class=\"fa fa-plus\"><\/i>\n\t\t\t\t\t\t\t\t\t\t<\/a>\n\n\t\t\t\t\t\t\t\t\t<\/figure>\n\t\t\t\t\t\t\t\t<\/div>\n\t\t\t\t\t\t\t<\/div>\n\t\t\t\t\t\t\t<div class=\"col-lg-4 col-md-6\">\n\t\t\t\t\t\t\t\t<div class=\"gallery\">\n\t\t\t\t\t\t\t\t\t<figure>\n\t\t\t\t\t\t\t\t\t\t<img decoding=\"async\" src=\"https:\/\/naghmouche.com\/wp-content\/uploads\/2025\/01\/02.jpg\" alt=\"blog image\">\n\t\t\t\t\t\t\t\t\t\t<a data-fancybox=\"gallery\" href=\"https:\/\/naghmouche.com\/wp-content\/uploads\/2025\/01\/02.jpg\">\n\t\t\t\t\t\t\t\t\t\t\t<i class=\"fa fa-plus\"><\/i>\n\t\t\t\t\t\t\t\t\t\t<\/a>\n\n\t\t\t\t\t\t\t\t\t<\/figure>\n\t\t\t\t\t\t\t\t<\/div>\n\t\t\t\t\t\t\t<\/div>\n\t\t\t\t\t\t\t<div class=\"col-lg-4 col-md-6\">\n\t\t\t\t\t\t\t\t<div class=\"gallery\">\n\t\t\t\t\t\t\t\t\t<figure>\n\t\t\t\t\t\t\t\t\t\t<img decoding=\"async\" src=\"https:\/\/naghmouche.com\/wp-content\/uploads\/2025\/01\/24-1.jpg\" alt=\"blog image\">\n\t\t\t\t\t\t\t\t\t\t<a data-fancybox=\"gallery\" href=\"https:\/\/naghmouche.com\/wp-content\/uploads\/2025\/01\/24-1.jpg\">\n\t\t\t\t\t\t\t\t\t\t\t<i class=\"fa fa-plus\"><\/i>\n\t\t\t\t\t\t\t\t\t\t<\/a>\n\n\t\t\t\t\t\t\t\t\t<\/figure>\n\t\t\t\t\t\t\t\t<\/div>\n\t\t\t\t\t\t\t<\/div>\n\t\t\t\t\t\t<\/div>\n\t\t\t\t\t<\/div>\n\t\t\t\t\t<div class=\"col-lg-4 col-md-6\">\n\t\t\t\t\t\t<div class=\"gallery\">\n\t\t\t\t\t\t\t<figure>\n\t\t\t\t\t\t\t\t<img decoding=\"async\" src=\"https:\/\/naghmouche.com\/wp-content\/uploads\/2025\/01\/48.jpg\" alt=\"blog image\">\n\t\t\t\t\t\t\t\t<a data-fancybox=\"gallery\" href=\"https:\/\/naghmouche.com\/wp-content\/uploads\/2025\/01\/48.jpg\">\n\t\t\t\t\t\t\t\t\t<i class=\"fa fa-plus\"><\/i>\n\t\t\t\t\t\t\t\t<\/a>\n\n\t\t\t\t\t\t\t<\/figure>\n\t\t\t\t\t\t<\/div>\n\t\t\t\t\t<\/div>\n\t\t\t\t<\/div>\n\t\t\t<\/div>\n\t\t<\/section>\n\n\t\t\t\t<\/div>\n\t\t\t\t<\/div>\n\t\t\t\t\t<\/div>\n\t\t<\/div>\n\t\t\t\t\t<\/div>\n\t\t<\/section>\n\t\t\t\t<\/div>\n\t\t","protected":false},"excerpt":{"rendered":"<p>Nous sommes toujours pr\u00eats \u00e0 vous aider \u00e0 r\u00e9soudre vos probl\u00e8mes Lorem ipsum dolor sit amet, consectetur adipiscing eiusmod tempor incididunt ut labore et dolore magn ipsum dolor sit amet. Lorem ipsum dolor sit amet, co eiusmod tempor incididunt ut labore et dolore magn ipsum dolor sit amet. Contactez-nous NOUS [&hellip;]<\/p>\n","protected":false},"author":1,"featured_media":0,"parent":0,"menu_order":0,"comment_status":"closed","ping_status":"closed","template":"","meta":{"footnotes":""},"class_list":["post-3238","page","type-page","status-publish","hentry"],"_links":{"self":[{"href":"https:\/\/naghmouche.com\/index.php?rest_route=\/wp\/v2\/pages\/3238","targetHints":{"allow":["GET"]}}],"collection":[{"href":"https:\/\/naghmouche.com\/index.php?rest_route=\/wp\/v2\/pages"}],"about":[{"href":"https:\/\/naghmouche.com\/index.php?rest_route=\/wp\/v2\/types\/page"}],"author":[{"embeddable":true,"href":"https:\/\/naghmouche.com\/index.php?rest_route=\/wp\/v2\/users\/1"}],"replies":[{"embeddable":true,"href":"https:\/\/naghmouche.com\/index.php?rest_route=%2Fwp%2Fv2%2Fcomments&post=3238"}],"version-history":[{"count":4,"href":"https:\/\/naghmouche.com\/index.php?rest_route=\/wp\/v2\/pages\/3238\/revisions"}],"predecessor-version":[{"id":4358,"href":"https:\/\/naghmouche.com\/index.php?rest_route=\/wp\/v2\/pages\/3238\/revisions\/4358"}],"wp:attachment":[{"href":"https:\/\/naghmouche.com\/index.php?rest_route=%2Fwp%2Fv2%2Fmedia&parent=3238"}],"curies":[{"name":"wp","href":"https:\/\/api.w.org\/{rel}","templated":true}]}}