{"id":3233,"date":"2025-01-14T10:33:20","date_gmt":"2025-01-14T10:33:20","guid":{"rendered":"https:\/\/naghmouche.com\/?page_id=3233"},"modified":"2025-11-18T08:42:23","modified_gmt":"2025-11-18T08:42:23","slug":"devoir-et-memoire","status":"publish","type":"page","link":"https:\/\/naghmouche.com\/?page_id=3233","title":{"rendered":"Devoir et m\u00e9moire"},"content":{"rendered":"\t\t<div data-elementor-type=\"wp-page\" data-elementor-id=\"3233\" class=\"elementor elementor-3233\">\n\t\t\t\t<div class=\"elementor-element elementor-element-e080a9e e-flex e-con-boxed e-con e-parent\" data-id=\"e080a9e\" data-element_type=\"container\" data-e-type=\"container\">\n\t\t\t\t\t<div class=\"e-con-inner\">\n\t\t\t\t<div class=\"elementor-element elementor-element-f50d302 elementor-widget elementor-widget-spacer\" data-id=\"f50d302\" data-element_type=\"widget\" data-e-type=\"widget\" data-widget_type=\"spacer.default\">\n\t\t\t\t<div class=\"elementor-widget-container\">\n\t\t\t\t\t\t\t<div class=\"elementor-spacer\">\n\t\t\t<div class=\"elementor-spacer-inner\"><\/div>\n\t\t<\/div>\n\t\t\t\t\t\t<\/div>\n\t\t\t\t<\/div>\n\t\t\t\t\t<\/div>\n\t\t\t\t<\/div>\n\t\t<div class=\"elementor-element elementor-element-2c99c2a e-flex e-con-boxed e-con e-parent\" data-id=\"2c99c2a\" data-element_type=\"container\" data-e-type=\"container\">\n\t\t\t\t\t<div class=\"e-con-inner\">\n\t\t\t\t<div class=\"elementor-element elementor-element-3f52cf3 elementor-widget elementor-widget-heading\" data-id=\"3f52cf3\" data-element_type=\"widget\" data-e-type=\"widget\" data-widget_type=\"heading.default\">\n\t\t\t\t<div class=\"elementor-widget-container\">\n\t\t\t\t\t<h2 class=\"elementor-heading-title elementor-size-default\">Devoir de m\u00e9moire et actions comm\u00e9moratives autour du 17 Octobre 1961<\/h2>\t\t\t\t<\/div>\n\t\t\t\t<\/div>\n\t\t\t\t\t<\/div>\n\t\t\t\t<\/div>\n\t\t<div class=\"elementor-element elementor-element-bea80af e-grid e-con-boxed e-con e-parent\" data-id=\"bea80af\" data-element_type=\"container\" data-e-type=\"container\">\n\t\t\t\t\t<div class=\"e-con-inner\">\n\t\t\t\t<div class=\"elementor-element elementor-element-9a78cdb elementor-widget elementor-widget-image\" data-id=\"9a78cdb\" data-element_type=\"widget\" data-e-type=\"widget\" data-widget_type=\"image.default\">\n\t\t\t\t<div class=\"elementor-widget-container\">\n\t\t\t\t\t\t\t\t\t\t\t\t\t\t\t<img fetchpriority=\"high\" decoding=\"async\" width=\"1078\" height=\"2048\" src=\"https:\/\/naghmouche.com\/wp-content\/uploads\/2025\/03\/464388370_1078026037656414_3797860060938046974_n.jpg\" class=\"attachment-full size-full wp-image-3843\" alt=\"\" srcset=\"https:\/\/naghmouche.com\/wp-content\/uploads\/2025\/03\/464388370_1078026037656414_3797860060938046974_n.jpg 1078w, https:\/\/naghmouche.com\/wp-content\/uploads\/2025\/03\/464388370_1078026037656414_3797860060938046974_n-158x300.jpg 158w, https:\/\/naghmouche.com\/wp-content\/uploads\/2025\/03\/464388370_1078026037656414_3797860060938046974_n-539x1024.jpg 539w, https:\/\/naghmouche.com\/wp-content\/uploads\/2025\/03\/464388370_1078026037656414_3797860060938046974_n-768x1459.jpg 768w, https:\/\/naghmouche.com\/wp-content\/uploads\/2025\/03\/464388370_1078026037656414_3797860060938046974_n-809x1536.jpg 809w\" sizes=\"(max-width: 1078px) 100vw, 1078px\" \/>\t\t\t\t\t\t\t\t\t\t\t\t\t\t\t<\/div>\n\t\t\t\t<\/div>\n\t\t\t\t<div class=\"elementor-element elementor-element-b5b7a72 elementor-widget elementor-widget-html\" data-id=\"b5b7a72\" data-element_type=\"widget\" data-e-type=\"widget\" data-widget_type=\"html.default\">\n\t\t\t\t<div class=\"elementor-widget-container\">\n\t\t\t\t\t<style>\r\nul.force-list {\r\n  padding-left: 0;\r\n  margin: 10px 0;\r\n  \r\n}\r\np{\r\n     font-family: \"Epilogue\", sans-serif !important;\r\n  font-size: 16px;\r\n  color: #000;\r\n  text-align: justify;\r\n}\r\nul.force-list li {\r\n  position: relative;\r\n  padding-left: 20px;\r\n  margin-bottom: 8px;\r\n  display: block;\r\n  font-family: \"Epilogue\", sans-serif !important;\r\n  font-size: 16px;\r\n  color: #000;\r\n}\r\n\r\nul.force-list li::before {\r\n  content: \"\u2022\";\r\n  position: absolute;\r\n  left: 0;\r\n  top: 0;\r\n  color: #000;\r\n  font-size: 30px;\r\n  line-height: 1;\r\n  \r\n  \r\n}\r\n<\/style>\r\n<p><br>\r\nJe tiens \u00e0 souligner l'importance cruciale des actions comm\u00e9moratives engag\u00e9es pour pr\u00e9server notre devoir de m\u00e9moire, pilier fondamental de notre identit\u00e9 collective.<br>\r\nParmi ces initiatives, la cr\u00e9ation de la premi\u00e8re st\u00e8le comm\u00e9morative num\u00e9rique en France , d\u00e9di\u00e9e aux Massacre du 17 octobre 1961, repr\u00e9sente une avanc\u00e9e majeure et in\u00e9dite.<br><br>\r\n\r\nAu-del\u00e0 de l\u2019hommage, cette st\u00e8le incarne un acte de transmission, de justice et de reconnaissance. Elle a renforc\u00e9 les liens profonds qui nous unissent \u00e0 notre patrie et a su \u00e9veiller au sein de notre communaut\u00e9 un sentiment renouvel\u00e9 de solidarit\u00e9, de dignit\u00e9 et de r\u00e9silience.<br><br>\r\n\r\n<b>La st\u00e8le num\u00e9rique du 17 Octobre la m\u00e9moire en action : une st\u00e8le num\u00e9rique pour ne jamais oublier.<\/b><br>\r\n\r\nDans un monde o\u00f9 l\u2019oubli menace trop souvent les le\u00e7ons de l\u2019Histoire, pr\u00e9server la m\u00e9moire devient un acte de r\u00e9sistance. C\u2019est dans cet esprit que nous avons initi\u00e9 un projet \u00e0 la fois symbolique et innovant : la cr\u00e9ation de la premi\u00e8re st\u00e8le comm\u00e9morative num\u00e9rique en France, en hommage aux massacres du 17 octobre 1961.<br><br>\r\n\r\nCe drame, longtemps occult\u00e9, m\u00e9rite une reconnaissance digne et durable. Gr\u00e2ce \u00e0 cette st\u00e8le, la m\u00e9moire des victimes ne se limite plus \u00e0 quelques lignes dans les manuels : elle entre dans l\u2019\u00e8re num\u00e9rique, accessible, vivante, p\u00e9renne.<br><br>\r\n\r\nAu-del\u00e0 de l\u2019hommage, cette initiative a contribu\u00e9 \u00e0 renforcer les liens profonds avec notre patrie, tout en promouvant <b>des valeurs essentielles : la solidarit\u00e9, la r\u00e9silience, l\u2019unit\u00e9<\/b>. Elle illustre parfaitement comment la m\u00e9moire peut devenir un vecteur d\u2019engagement et de coh\u00e9sion.<br><br>\r\n\r\n<b>Chronologie du projet<\/b><br>\r\n\r\n<b>17 Octobre 2021 <\/b>: \u00c0 Garges-l\u00e8s-Gonesse, des discussions ont \u00e9t\u00e9 entam\u00e9es, entre M. Athmane NAGHMOUCHE, Hassene HAFSI, respectivement Pr\u00e9sident et Secr\u00e9taire G\u00e9n\u00e9ral de l\u2019Organisation Solidarit\u00e9 Humanit\u00e9 Internationale, et Monsieur le Maire,\u00a0 Benoit JIMENEZ, pour \u00e9riger une st\u00e8le comm\u00e9morative ce souhait a re\u00e7u un \u00e9cho favorable de la part du premier magistrat de la ville de Garges-l\u00e8s-Gonesse.\r\n<\/p>\t\t\t\t<\/div>\n\t\t\t\t<\/div>\n\t\t\t\t\t<\/div>\n\t\t\t\t<\/div>\n\t\t<div class=\"elementor-element elementor-element-0edce4d e-grid e-con-boxed e-con e-parent\" data-id=\"0edce4d\" data-element_type=\"container\" data-e-type=\"container\">\n\t\t\t\t\t<div class=\"e-con-inner\">\n\t\t\t\t<div class=\"elementor-element elementor-element-385aefa elementor-widget elementor-widget-html\" data-id=\"385aefa\" data-element_type=\"widget\" data-e-type=\"widget\" data-widget_type=\"html.default\">\n\t\t\t\t<div class=\"elementor-widget-container\">\n\t\t\t\t\t<style>\r\nul.force-list {\r\n  padding-left: 0;\r\n  margin: 10px 0;\r\n  \r\n}\r\np{\r\n     font-family: \"Epilogue\", sans-serif !important;\r\n  font-size: 16px;\r\n  color: #000;\r\n  text-align: justify;\r\n}\r\nul.force-list li {\r\n  position: relative;\r\n  padding-left: 20px;\r\n  margin-bottom: 8px;\r\n  display: block;\r\n  font-family: \"Epilogue\", sans-serif !important;\r\n  font-size: 16px;\r\n  color: #000;\r\n}\r\n\r\nul.force-list li::before {\r\n  content: \"\u2022\";\r\n  position: absolute;\r\n  left: 0;\r\n  top: 0;\r\n  color: #000;\r\n  font-size: 30px;\r\n  line-height: 1;\r\n  \r\n  \r\n}\r\n<\/style>\r\n<p >\r\n\r\n<b>17 octobre 2022 <\/b>: Inauguration, Etaient pr\u00e9sents \u00e0 cette inauguration, Azouz Begag, ancien ministre, le consul g\u00e9n\u00e9ral alg\u00e9rien de Paris, le consul alg\u00e9rien de Pontoise, Rachid Temal, s\u00e9nateur du Val d'Oise, Martens Carlos Bilongo, d\u00e9put\u00e9 du Val d'Oise, Ramzi Zinaoui, conseiller d\u00e9partemental, autorit\u00e9 et \u00e9lus locaux, repr\u00e9sentants de la soci\u00e9t\u00e9 civile de Garges ainsi que des Gargeoises et Gargeois.<br><br>\r\n\r\n\u00a0Une d\u00e9l\u00e9gation alg\u00e9rienne \u2013 compos\u00e9e de quatre pr\u00e9sidents d\u2019assembl\u00e9e de wilaya A\/APW (Alger, Constantine, Tipaza et Tamanrasset), de responsables d\u2019association, de fondation, mais \u00e9galement d\u2019avocats, artistes et autres \u2013 a fait le d\u00e9placement d\u2019Alg\u00e9rie pour assister \u00e0 cet \u00e9v\u00e9nement.<br><br>\r\n\r\nLe maire de Garges-l\u00e8s-Gonesse, le pr\u00e9sident de l\u2019OSHI, un repr\u00e9sentant des P\/APW, le consul g\u00e9n\u00e9ral d\u2019Alg\u00e9rie en France et celui de Pontoise ont eu l\u2019honneur de d\u00e9voiler et d\u2019inaugurer ce monument historique \u00e0 la m\u00e9moire des victimes de la r\u00e9pression du 17 Octobre 1961.\r\n<br><br>\r\nLes \u00e9lus fran\u00e7ais et alg\u00e9riens, le repr\u00e9sentant de la d\u00e9l\u00e9gation alg\u00e9rienne, celui de la t\u00e9l\u00e9vision alg\u00e9rienne (ENTV) et tous les invit\u00e9s ont proc\u00e9d\u00e9 au d\u00e9p\u00f4t de gerbes de fleurs.<br><br>\r\n\r\nApr\u00e8s le coup\u00e9 du ruban, le Pr Gharbi Rachid a fait une pr\u00e9sentation du projet de la st\u00e8le num\u00e9rique. Un documentaire sur les tragiques \u00e9v\u00e9nements du 17 Octobre, r\u00e9alis\u00e9 par l\u2019OSHI a \u00e9t\u00e9 diffus\u00e9. Des t\u00e9moignages ont \u00e9galement \u00e9t\u00e9 diffus\u00e9s.<br><br>\r\n\r\nApr\u00e8s la lecture d\u2019un verset du Saint-Coran, les hymnes nationaux alg\u00e9rien et fran\u00e7ais, une minute de silence a \u00e9t\u00e9 observ\u00e9e \u00e0 la m\u00e9moire des martyrs alg\u00e9riens.<br><br>\r\n\r\nDans leurs allocutions et discours de bienvenue, le maire de Garges-l\u00e8s-Gonesse, la vice-pr\u00e9sidente de l\u2019OSHI, le P\/APW de Constantine, le repr\u00e9sentant de la soci\u00e9t\u00e9 civile et l\u2019ancien ministre, Azouz Begag ont tenu \u00e0 rappeler les circonstances qui ont conduit au massacre d\u2019Alg\u00e9riens ce 17 Octobre 1961.<br><br>\r\n\r\nIl est \u00e0 rappeler les efforts fournis par Benoit Jimenez, maire de Garges-l\u00e8s-Gonesse, et toutes ses \u00e9quipes pour le pilotage conjoint avec les membres de l\u2019OSHI, pour le travail r\u00e9alis\u00e9 sur le projet de st\u00e8le et de coop\u00e9ration avec l'Alg\u00e9rie.<br><br>\r\n\r\nUn douaa (invocation) de l\u2019imam de la mosqu\u00e9e \u00e0 la m\u00e9moire des disparus du 17 Octobre 1961.<br><br>\r\n\r\nApr\u00e8s avoir d\u00e9voil\u00e9 la st\u00e8le, un olivier, symbole de la paix universelle et import\u00e9 d\u2019Alg\u00e9rie, y a \u00e9t\u00e9 plant\u00e9 par Mme Laliaud Marie, 1re adjointe-maire de Garges-l\u00e8s-Gonesse, et Mme Djillali Nadjiba, P\/APW d\u2019Alger, en souvenir des morts et disparus alg\u00e9riens.<br><br>\r\n\r\nUn reportage a \u00e9t\u00e9 r\u00e9alis\u00e9 par l\u2019\u00e9quipe de la t\u00e9l\u00e9vision publique alg\u00e9rienne (ENTV) qui a fait le d\u00e9placement en France afin de couvrir le plateau t\u00e9l\u00e9 du 16 octobre, la couverture de l\u2019inauguration le 17 octobre et le programme \u00e9tabli \u00e0 cet effet du 16 au 19 octobre 2022.<br><br>\r\n\r\nUne \u00e9mission a \u00e9t\u00e9 r\u00e9alis\u00e9e par l'\u00e9quipe de la <b>T\u00e9l\u00e9vision publique alg\u00e9rienne (ENTV)<\/b> au site de la st\u00e8le \u00e0 Garges-l\u00e8s-Gonesse, marquant ainsi un moment historique dans le processus de comm\u00e9moration.<br><br>\r\n\r\nPour finir, un pot d\u2019amiti\u00e9, qui a r\u00e9uni tous les invit\u00e9s, a eu lieu, \u00e0 17 h, \u00e0 l\u2019h\u00f4tel de ville de Garges-l\u00e8s-Gonesse.<br><br>\r\n\r\n<b>17 Octobre 2023 <\/b>: Pour la deuxi\u00e8me ann\u00e9e cons\u00e9cutive, les actions comm\u00e9moratives ont \u00e9t\u00e9 marqu\u00e9es par l\u2019int\u00e9gration du film historique H\u00e9liopolis, r\u00e9alis\u00e9 par Djaffar Gacem, dans la plateforme de la st\u00e8le num\u00e9rique. Ce projet a permis aux participants de t\u00e9l\u00e9charger librement le film, symbole puissant de m\u00e9moire et de transmission historique.\r\n<br><br>\r\nLors de cette comm\u00e9moration, une d\u00e9l\u00e9gation alg\u00e9rienne issue du monde culturel (com\u00e9diens, journalistes, et membres de la soci\u00e9t\u00e9 civile) a pris part \u00e0 l'\u00e9v\u00e9nement en collaboration avec la mairie de Garges-l\u00e8s-Gonesse. Des conf\u00e9rences-d\u00e9bats ont \u00e9t\u00e9 organis\u00e9es \u00e0 cette occasion au<b>Cube Garges<\/b> , anim\u00e9es par des historiens et professeurs universitaires. Un plateau t\u00e9l\u00e9 sp\u00e9cial a \u00e9galement \u00e9t\u00e9 mis en place pour permettre une couverture m\u00e9diatique de qualit\u00e9.<br><br>\r\n\r\n<b>Le 17 octobre 2024 <\/b>: Une c\u00e9r\u00e9monie en hommage aux victimes de la trag\u00e9die du 17 Octobre 1961 a \u00e9t\u00e9 organis\u00e9e \u00e0 Garges-l\u00e8s-Gonesse, en coop\u00e9ration avec la mairie de Garges-l\u00e8s-Gonesse et le Consulat d\u2019Alg\u00e9rie \u00e0 Pontoise.<br><br>\r\n\r\nCet \u00e9v\u00e9nement a r\u00e9uni un ensemble de personnalit\u00e9s importantes :<br><br>\r\n\r\n<b style=\"color: #d6111e;\">Le pr\u00e9sident de l\u2019Organisation Solidarit\u00e9 Humanit\u00e9 Internationale<br>\r\n\r\nDes responsables fran\u00e7ais et alg\u00e9riens<br>\r\nDes parlementaires alg\u00e9riens\r\nLe Consul d\u2019Alg\u00e9rie \u00e0 Pontoise<br>\r\nLe Recteur de la Grande Mosqu\u00e9e de Paris<br>\r\nDes membres de la communaut\u00e9 alg\u00e9rienne en France, des repr\u00e9sentants d\u2019associations et des journalistes<br><br>\r\n<\/b>\r\nCes actions t\u00e9moignent de l\u2019importance de pr\u00e9server l\u2019histoire collective et de renforcer les liens de solidarit\u00e9 dans le respect de notre pass\u00e9.<br><br>\r\n<b>Projets de Partage d\u2019Exp\u00e9riences : Garges-l\u00e8s-Gonesse et les villes alg\u00e9riennes<\/b><br><br>\r\n\r\nUn autre volet de ce projet a port\u00e9 sur des \u00e9changes avec la commune de Garges-l\u00e8s-Gonesse dans la r\u00e9gion du Val d\u2019Oise, ainsi qu'avec les villes d'Alger et Tamanrasset. Ce programme a explor\u00e9 plusieurs secteurs cl\u00e9s : le secteur m\u00e9dical, le domaine social, l\u2019\u00e9ducation, l\u2019\u00e9conomie et le tourisme.\r\n\r\n<\/p>\t\t\t\t<\/div>\n\t\t\t\t<\/div>\n\t\t\t\t\t<\/div>\n\t\t\t\t<\/div>\n\t\t<div class=\"elementor-element elementor-element-5fb5dc3 e-grid e-con-boxed e-con e-parent\" data-id=\"5fb5dc3\" data-element_type=\"container\" data-e-type=\"container\">\n\t\t\t\t\t<div class=\"e-con-inner\">\n\t\t\t\t\t<\/div>\n\t\t\t\t<\/div>\n\t\t<div class=\"elementor-element elementor-element-041126d e-grid e-con-boxed e-con e-parent\" data-id=\"041126d\" data-element_type=\"container\" data-e-type=\"container\">\n\t\t\t\t\t<div class=\"e-con-inner\">\n\t\t\t\t<div class=\"elementor-element elementor-element-07ec231 elementor-widget elementor-widget-shortcode\" data-id=\"07ec231\" data-element_type=\"widget\" data-e-type=\"widget\" data-widget_type=\"shortcode.default\">\n\t\t\t\t<div class=\"elementor-widget-container\">\n\t\t\t\t\t\t\t<div class=\"elementor-shortcode\">\n\t\t<style type=\"text\/css\">\n\t\t\t#gallery-1 {\n\t\t\t\tmargin: auto;\n\t\t\t}\n\t\t\t#gallery-1 .gallery-item {\n\t\t\t\tfloat: left;\n\t\t\t\tmargin-top: 10px;\n\t\t\t\ttext-align: center;\n\t\t\t\twidth: 25%;\n\t\t\t}\n\t\t\t#gallery-1 img {\n\t\t\t\tborder: 2px solid #cfcfcf;\n\t\t\t}\n\t\t\t#gallery-1 .gallery-caption {\n\t\t\t\tmargin-left: 0;\n\t\t\t}\n\t\t\t\/* see gallery_shortcode() in wp-includes\/media.php *\/\n\t\t<\/style>\n\t\t<div id='gallery-1' class='gallery galleryid-3233 gallery-columns-4 gallery-size-large'><dl class='gallery-item'>\n\t\t\t<dt class='gallery-icon landscape'>\n\t\t\t\t<img decoding=\"async\" width=\"1024\" height=\"768\" src=\"https:\/\/naghmouche.com\/wp-content\/uploads\/2025\/03\/464292826_1078026937656324_4201556422588071768_n-1024x768.jpg\" class=\"attachment-large size-large\" alt=\"\" srcset=\"https:\/\/naghmouche.com\/wp-content\/uploads\/2025\/03\/464292826_1078026937656324_4201556422588071768_n-1024x768.jpg 1024w, https:\/\/naghmouche.com\/wp-content\/uploads\/2025\/03\/464292826_1078026937656324_4201556422588071768_n-300x225.jpg 300w, https:\/\/naghmouche.com\/wp-content\/uploads\/2025\/03\/464292826_1078026937656324_4201556422588071768_n-768x576.jpg 768w, https:\/\/naghmouche.com\/wp-content\/uploads\/2025\/03\/464292826_1078026937656324_4201556422588071768_n-1536x1152.jpg 1536w, https:\/\/naghmouche.com\/wp-content\/uploads\/2025\/03\/464292826_1078026937656324_4201556422588071768_n.jpg 2048w\" sizes=\"(max-width: 1024px) 100vw, 1024px\" \/>\n\t\t\t<\/dt><\/dl><dl class='gallery-item'>\n\t\t\t<dt class='gallery-icon landscape'>\n\t\t\t\t<img decoding=\"async\" width=\"1024\" height=\"682\" src=\"https:\/\/naghmouche.com\/wp-content\/uploads\/2025\/03\/464325235_1078026240989727_1404759999768839506_n-1024x682.jpg\" class=\"attachment-large size-large\" alt=\"\" srcset=\"https:\/\/naghmouche.com\/wp-content\/uploads\/2025\/03\/464325235_1078026240989727_1404759999768839506_n-1024x682.jpg 1024w, https:\/\/naghmouche.com\/wp-content\/uploads\/2025\/03\/464325235_1078026240989727_1404759999768839506_n-300x200.jpg 300w, https:\/\/naghmouche.com\/wp-content\/uploads\/2025\/03\/464325235_1078026240989727_1404759999768839506_n-768x512.jpg 768w, https:\/\/naghmouche.com\/wp-content\/uploads\/2025\/03\/464325235_1078026240989727_1404759999768839506_n-1536x1023.jpg 1536w, https:\/\/naghmouche.com\/wp-content\/uploads\/2025\/03\/464325235_1078026240989727_1404759999768839506_n.jpg 2048w\" sizes=\"(max-width: 1024px) 100vw, 1024px\" \/>\n\t\t\t<\/dt><\/dl><dl class='gallery-item'>\n\t\t\t<dt class='gallery-icon portrait'>\n\t\t\t\t<img loading=\"lazy\" decoding=\"async\" width=\"697\" height=\"1024\" src=\"https:\/\/naghmouche.com\/wp-content\/uploads\/2025\/03\/464240647_1078026564323028_5583409417631119505_n-697x1024.jpg\" class=\"attachment-large size-large\" alt=\"\" srcset=\"https:\/\/naghmouche.com\/wp-content\/uploads\/2025\/03\/464240647_1078026564323028_5583409417631119505_n-697x1024.jpg 697w, https:\/\/naghmouche.com\/wp-content\/uploads\/2025\/03\/464240647_1078026564323028_5583409417631119505_n-204x300.jpg 204w, https:\/\/naghmouche.com\/wp-content\/uploads\/2025\/03\/464240647_1078026564323028_5583409417631119505_n-768x1128.jpg 768w, https:\/\/naghmouche.com\/wp-content\/uploads\/2025\/03\/464240647_1078026564323028_5583409417631119505_n.jpg 946w\" sizes=\"(max-width: 697px) 100vw, 697px\" \/>\n\t\t\t<\/dt><\/dl><dl class='gallery-item'>\n\t\t\t<dt class='gallery-icon landscape'>\n\t\t\t\t<img loading=\"lazy\" decoding=\"async\" width=\"1024\" height=\"682\" src=\"https:\/\/naghmouche.com\/wp-content\/uploads\/2025\/03\/464406916_1078026327656385_5249767842940007513_n-1024x682.jpg\" class=\"attachment-large size-large\" alt=\"\" srcset=\"https:\/\/naghmouche.com\/wp-content\/uploads\/2025\/03\/464406916_1078026327656385_5249767842940007513_n-1024x682.jpg 1024w, https:\/\/naghmouche.com\/wp-content\/uploads\/2025\/03\/464406916_1078026327656385_5249767842940007513_n-300x200.jpg 300w, https:\/\/naghmouche.com\/wp-content\/uploads\/2025\/03\/464406916_1078026327656385_5249767842940007513_n-768x512.jpg 768w, https:\/\/naghmouche.com\/wp-content\/uploads\/2025\/03\/464406916_1078026327656385_5249767842940007513_n-1536x1023.jpg 1536w, https:\/\/naghmouche.com\/wp-content\/uploads\/2025\/03\/464406916_1078026327656385_5249767842940007513_n.jpg 2048w\" sizes=\"(max-width: 1024px) 100vw, 1024px\" \/>\n\t\t\t<\/dt><\/dl><br style=\"clear: both\" \/>\n\t\t<\/div>\n<\/div>\n\t\t\t\t\t\t<\/div>\n\t\t\t\t<\/div>\n\t\t\t\t\t<\/div>\n\t\t\t\t<\/div>\n\t\t\t\t<\/div>\n\t\t","protected":false},"excerpt":{"rendered":"<p>Devoir de m\u00e9moire et actions comm\u00e9moratives autour du 17 Octobre 1961 Je tiens \u00e0 souligner l&#8217;importance cruciale des actions comm\u00e9moratives engag\u00e9es pour pr\u00e9server notre devoir de m\u00e9moire, pilier fondamental de notre identit\u00e9 collective. Parmi ces initiatives, la cr\u00e9ation de la premi\u00e8re st\u00e8le comm\u00e9morative num\u00e9rique en France , d\u00e9di\u00e9e aux Massacre [&hellip;]<\/p>\n","protected":false},"author":1,"featured_media":0,"parent":3220,"menu_order":0,"comment_status":"closed","ping_status":"closed","template":"","meta":{"footnotes":""},"class_list":["post-3233","page","type-page","status-publish","hentry"],"_links":{"self":[{"href":"https:\/\/naghmouche.com\/index.php?rest_route=\/wp\/v2\/pages\/3233","targetHints":{"allow":["GET"]}}],"collection":[{"href":"https:\/\/naghmouche.com\/index.php?rest_route=\/wp\/v2\/pages"}],"about":[{"href":"https:\/\/naghmouche.com\/index.php?rest_route=\/wp\/v2\/types\/page"}],"author":[{"embeddable":true,"href":"https:\/\/naghmouche.com\/index.php?rest_route=\/wp\/v2\/users\/1"}],"replies":[{"embeddable":true,"href":"https:\/\/naghmouche.com\/index.php?rest_route=%2Fwp%2Fv2%2Fcomments&post=3233"}],"version-history":[{"count":28,"href":"https:\/\/naghmouche.com\/index.php?rest_route=\/wp\/v2\/pages\/3233\/revisions"}],"predecessor-version":[{"id":4329,"href":"https:\/\/naghmouche.com\/index.php?rest_route=\/wp\/v2\/pages\/3233\/revisions\/4329"}],"up":[{"embeddable":true,"href":"https:\/\/naghmouche.com\/index.php?rest_route=\/wp\/v2\/pages\/3220"}],"wp:attachment":[{"href":"https:\/\/naghmouche.com\/index.php?rest_route=%2Fwp%2Fv2%2Fmedia&parent=3233"}],"curies":[{"name":"wp","href":"https:\/\/api.w.org\/{rel}","templated":true}]}}