{"id":3159,"date":"2025-01-07T13:49:20","date_gmt":"2025-01-07T13:49:20","guid":{"rendered":"https:\/\/naghmouche.com\/?page_id=3159"},"modified":"2025-11-18T08:30:47","modified_gmt":"2025-11-18T08:30:47","slug":"humanitaire","status":"publish","type":"page","link":"https:\/\/naghmouche.com\/?page_id=3159","title":{"rendered":"Humanitaire"},"content":{"rendered":"\t\t<div data-elementor-type=\"wp-page\" data-elementor-id=\"3159\" class=\"elementor elementor-3159\">\n\t\t\t\t<div class=\"elementor-element elementor-element-aabd6c3 e-flex e-con-boxed e-con e-parent\" data-id=\"aabd6c3\" data-element_type=\"container\" data-e-type=\"container\">\n\t\t\t\t\t<div class=\"e-con-inner\">\n\t\t\t\t<div class=\"elementor-element elementor-element-2a6fbc1 elementor-widget elementor-widget-spacer\" data-id=\"2a6fbc1\" data-element_type=\"widget\" data-e-type=\"widget\" data-widget_type=\"spacer.default\">\n\t\t\t\t<div class=\"elementor-widget-container\">\n\t\t\t\t\t\t\t<div class=\"elementor-spacer\">\n\t\t\t<div class=\"elementor-spacer-inner\"><\/div>\n\t\t<\/div>\n\t\t\t\t\t\t<\/div>\n\t\t\t\t<\/div>\n\t\t\t\t\t<\/div>\n\t\t\t\t<\/div>\n\t\t<div class=\"elementor-element elementor-element-ba35ee4 e-flex e-con-boxed e-con e-parent\" data-id=\"ba35ee4\" data-element_type=\"container\" data-e-type=\"container\">\n\t\t\t\t\t<div class=\"e-con-inner\">\n\t\t\t\t<div class=\"elementor-element elementor-element-815caf1 elementor-widget elementor-widget-heading\" data-id=\"815caf1\" data-element_type=\"widget\" data-e-type=\"widget\" data-widget_type=\"heading.default\">\n\t\t\t\t<div class=\"elementor-widget-container\">\n\t\t\t\t\t<h2 class=\"elementor-heading-title elementor-size-default\">Conduite de missions d\u2019aide pendant la pand\u00e9mie de Covid-19, malgr\u00e9 les fermetures de fronti\u00e8res et les nombreux obstacles rencontr\u00e9s<\/h2>\t\t\t\t<\/div>\n\t\t\t\t<\/div>\n\t\t\t\t\t<\/div>\n\t\t\t\t<\/div>\n\t\t<div class=\"elementor-element elementor-element-1d63c9e e-grid e-con-boxed e-con e-parent\" data-id=\"1d63c9e\" data-element_type=\"container\" data-e-type=\"container\">\n\t\t\t\t\t<div class=\"e-con-inner\">\n\t\t\t\t<div class=\"elementor-element elementor-element-ab4875b elementor-widget elementor-widget-image\" data-id=\"ab4875b\" data-element_type=\"widget\" data-e-type=\"widget\" data-widget_type=\"image.default\">\n\t\t\t\t<div class=\"elementor-widget-container\">\n\t\t\t\t\t\t\t\t\t\t\t\t\t\t\t<img fetchpriority=\"high\" decoding=\"async\" width=\"768\" height=\"512\" src=\"https:\/\/naghmouche.com\/wp-content\/uploads\/2025\/01\/02-images-768x512.png\" class=\"attachment-medium_large size-medium_large wp-image-3043\" alt=\"\" srcset=\"https:\/\/naghmouche.com\/wp-content\/uploads\/2025\/01\/02-images-768x512.png 768w, https:\/\/naghmouche.com\/wp-content\/uploads\/2025\/01\/02-images-300x200.png 300w, https:\/\/naghmouche.com\/wp-content\/uploads\/2025\/01\/02-images-1024x683.png 1024w, https:\/\/naghmouche.com\/wp-content\/uploads\/2025\/01\/02-images.png 1080w\" sizes=\"(max-width: 768px) 100vw, 768px\" \/>\t\t\t\t\t\t\t\t\t\t\t\t\t\t\t<\/div>\n\t\t\t\t<\/div>\n\t\t\t\t\t<\/div>\n\t\t\t\t<\/div>\n\t\t<div class=\"elementor-element elementor-element-ca9a859 e-grid e-con-boxed e-con e-parent\" data-id=\"ca9a859\" data-element_type=\"container\" data-e-type=\"container\">\n\t\t\t\t\t<div class=\"e-con-inner\">\n\t\t\t\t<div class=\"elementor-element elementor-element-a5dd821 elementor-widget elementor-widget-heading\" data-id=\"a5dd821\" data-element_type=\"widget\" data-e-type=\"widget\" data-widget_type=\"heading.default\">\n\t\t\t\t<div class=\"elementor-widget-container\">\n\t\t\t\t\t<h2 class=\"elementor-heading-title elementor-size-default\">Les Dix Missions SOLI-COV :<\/h2>\t\t\t\t<\/div>\n\t\t\t\t<\/div>\n\t\t\t\t\t<\/div>\n\t\t\t\t<\/div>\n\t\t<div class=\"elementor-element elementor-element-0e03e75 e-grid e-con-boxed e-con e-parent\" data-id=\"0e03e75\" data-element_type=\"container\" data-e-type=\"container\">\n\t\t\t\t\t<div class=\"e-con-inner\">\n\t\t\t\t<div class=\"elementor-element elementor-element-6c5cbff elementor-widget elementor-widget-html\" data-id=\"6c5cbff\" data-element_type=\"widget\" data-e-type=\"widget\" data-widget_type=\"html.default\">\n\t\t\t\t<div class=\"elementor-widget-container\">\n\t\t\t\t\t<style>\r\nul.force-list {\r\n  padding-left: 0;\r\n  margin: 10px 0;\r\n  \r\n}\r\np{\r\n     font-family: \"Epilogue\", sans-serif !important;\r\n  font-size: 16px;\r\n  color: #000;\r\n  text-align: justify;\r\n}\r\nul.force-list li {\r\n  position: relative;\r\n  padding-left: 20px;\r\n  margin-bottom: 8px;\r\n  display: block;\r\n  font-family: \"Epilogue\", sans-serif !important;\r\n  font-size: 16px;\r\n  color: #000;\r\n}\r\n\r\nul.force-list li::before {\r\n  content: \"\u2022\";\r\n  position: absolute;\r\n  left: 0;\r\n  top: 0;\r\n  color: #000;\r\n  font-size: 30px;\r\n  line-height: 1;\r\n  \r\n  \r\n}\r\n<\/style>\r\n<p >\r\n<b>1. 1re op\u00e9ration (2 avril au 11 mai 2020) : <\/b><br>\r\n * Permanence m\u00e9dicale, administrative et juridique<br>\r\n * Traitement de 85 dossiers de malades bloqu\u00e9s en France durant le confinement.<br>\r\n\r\n\r\n<b>2. 2e op\u00e9ration (29 avril 2020) :<\/b>\r\n <br>\r\n* Organisation et partage d\u2019une cagnotte solidaire pour soutenir la lutte contre la COVID-19.<br>\r\n\r\n<b>3. 3e op\u00e9ration (11 mai 2020) :<\/b><br>\r\n* Soutien financier \u00e0 20 familles de sportifs d'\u00e9lite durant la crise sanitaire.<br>\r\n\r\n\r\n<b>4. 4e op\u00e9ration (11 juin 2020) :<\/b><br>\r\n * Distribution de mat\u00e9riel de protection aux h\u00f4pitaux en Alg\u00e9rie.<br>\r\n\r\n\r\n<b>5. 5e op\u00e9ration (12 ao\u00fbt 2020) :<\/b><br>\r\n * Acheminement de mat\u00e9riel m\u00e9dical (concentrateurs \u00e0 oxyg\u00e8ne, mat\u00e9riel de protection et consommables) depuis la France et l\u2019Alg\u00e9rie.<br>\r\n\r\n\r\n<b>6. 6e op\u00e9ration (5 d\u00e9cembre 2020) :<\/b><br>\r\n * Acheminement de 20 tonnes de mat\u00e9riel m\u00e9dical collect\u00e9es en France, en Espagne et en Alg\u00e9rie.<br>\r\n\r\n<b>7. 7e op\u00e9ration (5 f\u00e9vrier 2021) :<\/b><br>\r\n * Acheminement de 24 tonnes de mat\u00e9riel m\u00e9dical vers l\u2019Alg\u00e9rie.<br>\r\n * <b>Unit\u00e9 COVID :<\/b><br>\r\n            - Mise en place de la premi\u00e8re unit\u00e9 anti-COVID de la soci\u00e9t\u00e9 civile en Alg\u00e9rie comprenant : 23 chambres m\u00e9dicalis\u00e9es, 100 lits, 1 salle de soins, 2 chambres de garde, 5 blocs op\u00e9ratoires et 1 pharmacie.<br>\r\n            - Garantie de trois mois de traitement pour chaque patient.\r\n            <br>\r\n* <b>H\u00f4pitaux desservis : <\/b><br>\r\n- 26 h\u00f4pitaux ont \u00e9t\u00e9 \u00e9quip\u00e9s, avec 20 durant la SOLI-COV 6 et six pendant la SOLI-COV 7.<br>\r\nToutes ces missions ont \u00e9t\u00e9 sous la supervision de la Pharmacie centrale alg\u00e9rienne.<br>\r\n<b>8. 8e op\u00e9ration (18 septembre 2021) :<\/b><br>\r\n * Distribution de 30 concentrateurs d\u2019oxyg\u00e8ne de 10 litres avec leurs consommables \u00e0 la fondation \u00abEl Djazair\u00bb.<br>\r\n * Objectif : renforcer l'aide en soutien aux associations locales engag\u00e9es dans la lutte contre la pand\u00e9mie.<br>\r\n Depuis le d\u00e9but de la crise, plus de 300 concentrateurs d\u2019oxyg\u00e8ne ont \u00e9t\u00e9 distribu\u00e9s.\r\n<br>\r\n<b>9. 9e op\u00e9ration (18 septembre 2021) :<\/b><br> \r\n* Actions sociales et \u00e9ducatives en coop\u00e9ration avec diverses associations alg\u00e9riennes :<br>\r\n* Forage de puits dans le Sud alg\u00e9rien.<br>\r\n* Soutien aux veuves, orphelins et personnes souffrant de maladies graves.<br>\r\n<b>10. Missions en Afrique<\/b><br>\r\nPour l'ann\u00e9e 2022, l'OSHI a inscrit cinq grands projets en Afrique dans son programme d'action. Ces missions regroupent plusieurs pays d'Afrique : l'Alg\u00e9rie, les Comores, la C\u00f4te d'Ivoire, la Tunisie et le Niger.<br><br>\r\n<b style=\"color: #d6111e;\">1. Iles Comores<\/b><br>\r\nApr\u00e8s l\u2019accord des autorit\u00e9s de l'Union des Comores et avec le pr\u00e9cieux soutien de la premi\u00e8re Dame comorienne, nous avons lanc\u00e9 avec succ\u00e8s la deuxi\u00e8me op\u00e9ration de la mission Soli-Cov 10 Afrique.<br><br>\r\n\r\nL'OSHI s'est lanc\u00e9e dans cette mission en coordination avec le directeur g\u00e9n\u00e9ral et repr\u00e9sentant r\u00e9sident de l'Agence africaine de coop\u00e9ration \u00e9conomique (ACEI) aupr\u00e8s du gouvernement des Comores. Cette op\u00e9ration a \u00e9t\u00e9 rendue possible gr\u00e2ce \u00e0 la collaboration avec des associations, notamment Sport Live et Toimaya.<br><br>\r\n\r\nCette mission avait pour but d'\u00e9quiper compl\u00e8tement un centre de sant\u00e9. L'ensemble a \u00e9t\u00e9 transport\u00e9 dans un conteneur maritime de 40 pieds, avec un poids total de 26 tonnes.<br><br>\r\n<b style=\"color: #d6111e;\">2. Alg\u00e9rie<\/b><br>\r\nL'Alg\u00e9rie a \u00e9t\u00e9 le premier pays o\u00f9 nous avons entrepris une mission internationale. Gr\u00e2ce au soutien et \u00e0 l'aide des autorit\u00e9s alg\u00e9riennes, nous avons men\u00e9 \u00e0 bien neuf missions Soli-Cov en 2020, 2021, 2022 et fin 2023.<br><br>\r\n<b style=\"color: #d6111e;\">3. C\u00f4te d'Ivoire, Tunisie et Niger<\/b><br>\r\nNous envisageons \u00e9galement des projets humanitaires en C\u00f4te d'Ivoire, en Tunisie et au Niger. La r\u00e9alisation de ces projets d\u00e9pendra des autorisations et accords des gouvernements et autorit\u00e9s comp\u00e9tentes de chaque pays. Notre engagement reste in\u00e9branlable et nous continuerons de travailler en \u00e9troite collaboration avec toutes les parties concern\u00e9es pour apporter un r\u00e9el impact l\u00e0 o\u00f9 il est le plus n\u00e9cessaire.\r\n<br>\r\nNous avons \u0153uvr\u00e9 sans rel\u00e2che pour participer \u00e0 des missions humanitaires internationales, des actions de solidarit\u00e9 et des sessions d'\u00e9change d'exp\u00e9riences afin de promouvoir les principes humanitaires dans le respect mutuel des valeurs.\r\n<\/p>\t\t\t\t<\/div>\n\t\t\t\t<\/div>\n\t\t\t\t<div class=\"elementor-element elementor-element-6491643 elementor-widget elementor-widget-text-editor\" data-id=\"6491643\" data-element_type=\"widget\" data-e-type=\"widget\" data-widget_type=\"text-editor.default\">\n\t\t\t\t<div class=\"elementor-widget-container\">\n\t\t\t\t\t\t\t\t\t<p>Je reviens sur l\u2019h\u00e9ritage des actions men\u00e9es durant la pand\u00e9mie de la COVID-19, une p\u00e9riode marqu\u00e9e par l\u2019\u00e9mergence de mouvements associatifs de solidarit\u00e9 sans pr\u00e9c\u00e9dent en Alg\u00e9rie. Ces actions ont d\u00e9pass\u00e9 toutes les fronti\u00e8res, gr\u00e2ce aux efforts des femmes et des hommes engag\u00e9s dans l\u2019organisation OSHI ainsi qu\u2019\u00e0 la collaboration pr\u00e9cieuse des autorit\u00e9s alg\u00e9riennes.<\/p><p><span style=\"color: #000000;\">Les missions <strong>Soli-Cov 1 \u00e0 7<\/strong>, soutenues par ces collaborations, ont permis d\u2019acheminer des tonnes de mat\u00e9riel m\u00e9dical vers les CHU et h\u00f4pitaux alg\u00e9riens. Parmi les r\u00e9alisations notables figure l\u2019\u00e9tablissement de la premi\u00e8re unit\u00e9 de lutte contre la COVID-19 dans la soci\u00e9t\u00e9 civile en Alg\u00e9rie, dot\u00e9e de 100 lits m\u00e9dicalis\u00e9s. Cette collaboration a aussi contribu\u00e9 \u00e0 \u00e9tablir un lien vital avec l\u2019Alg\u00e9rie, en contournant les restrictions dues aux fermetures des fronti\u00e8res et aux difficult\u00e9s d\u2019approvisionnement en mat\u00e9riel m\u00e9dical en France et en Europe.<\/span><\/p><p><span style=\"color: #000000;\">Sur la base de ces exp\u00e9riences, des missions suppl\u00e9mentaires ont \u00e9t\u00e9 lanc\u00e9es, notamment la <strong>8e et 9e mission Soli-Cov Alg\u00e9rie<\/strong>, ainsi que la <strong>10e mission Soli-Cov Afrique<\/strong>, qui a impliqu\u00e9 plusieurs pays africains.<\/span><\/p>\t\t\t\t\t\t\t\t<\/div>\n\t\t\t\t<\/div>\n\t\t\t\t\t<\/div>\n\t\t\t\t<\/div>\n\t\t<div class=\"elementor-element elementor-element-373bf47 e-grid e-con-boxed e-con e-parent\" data-id=\"373bf47\" data-element_type=\"container\" data-e-type=\"container\">\n\t\t\t\t\t<div class=\"e-con-inner\">\n\t\t\t\t<div class=\"elementor-element elementor-element-50d084d elementor-widget elementor-widget-shortcode\" data-id=\"50d084d\" data-element_type=\"widget\" data-e-type=\"widget\" data-widget_type=\"shortcode.default\">\n\t\t\t\t<div class=\"elementor-widget-container\">\n\t\t\t\t\t\t\t<div class=\"elementor-shortcode\">\n\t\t<style type=\"text\/css\">\n\t\t\t#gallery-1 {\n\t\t\t\tmargin: auto;\n\t\t\t}\n\t\t\t#gallery-1 .gallery-item {\n\t\t\t\tfloat: left;\n\t\t\t\tmargin-top: 10px;\n\t\t\t\ttext-align: center;\n\t\t\t\twidth: 25%;\n\t\t\t}\n\t\t\t#gallery-1 img {\n\t\t\t\tborder: 2px solid #cfcfcf;\n\t\t\t}\n\t\t\t#gallery-1 .gallery-caption {\n\t\t\t\tmargin-left: 0;\n\t\t\t}\n\t\t\t\/* see gallery_shortcode() in wp-includes\/media.php *\/\n\t\t<\/style>\n\t\t<div id='gallery-1' class='gallery galleryid-3159 gallery-columns-4 gallery-size-large'><dl class='gallery-item'>\n\t\t\t<dt class='gallery-icon landscape'>\n\t\t\t\t<img decoding=\"async\" width=\"1024\" height=\"768\" src=\"https:\/\/naghmouche.com\/wp-content\/uploads\/2025\/03\/464292826_1078026937656324_4201556422588071768_n-1024x768.jpg\" class=\"attachment-large size-large\" alt=\"\" srcset=\"https:\/\/naghmouche.com\/wp-content\/uploads\/2025\/03\/464292826_1078026937656324_4201556422588071768_n-1024x768.jpg 1024w, https:\/\/naghmouche.com\/wp-content\/uploads\/2025\/03\/464292826_1078026937656324_4201556422588071768_n-300x225.jpg 300w, https:\/\/naghmouche.com\/wp-content\/uploads\/2025\/03\/464292826_1078026937656324_4201556422588071768_n-768x576.jpg 768w, https:\/\/naghmouche.com\/wp-content\/uploads\/2025\/03\/464292826_1078026937656324_4201556422588071768_n-1536x1152.jpg 1536w, https:\/\/naghmouche.com\/wp-content\/uploads\/2025\/03\/464292826_1078026937656324_4201556422588071768_n.jpg 2048w\" sizes=\"(max-width: 1024px) 100vw, 1024px\" \/>\n\t\t\t<\/dt><\/dl><dl class='gallery-item'>\n\t\t\t<dt class='gallery-icon landscape'>\n\t\t\t\t<img decoding=\"async\" width=\"370\" height=\"260\" src=\"https:\/\/naghmouche.com\/wp-content\/uploads\/2021\/12\/photo2.jpg\" class=\"attachment-large size-large\" alt=\"\" srcset=\"https:\/\/naghmouche.com\/wp-content\/uploads\/2021\/12\/photo2.jpg 370w, https:\/\/naghmouche.com\/wp-content\/uploads\/2021\/12\/photo2-300x211.jpg 300w\" sizes=\"(max-width: 370px) 100vw, 370px\" \/>\n\t\t\t<\/dt><\/dl><dl class='gallery-item'>\n\t\t\t<dt class='gallery-icon landscape'>\n\t\t\t\t<img loading=\"lazy\" decoding=\"async\" width=\"1024\" height=\"1024\" src=\"https:\/\/naghmouche.com\/wp-content\/uploads\/2025\/01\/38-1024x1024.jpg\" class=\"attachment-large size-large\" alt=\"\" srcset=\"https:\/\/naghmouche.com\/wp-content\/uploads\/2025\/01\/38-1024x1024.jpg 1024w, https:\/\/naghmouche.com\/wp-content\/uploads\/2025\/01\/38-300x300.jpg 300w, https:\/\/naghmouche.com\/wp-content\/uploads\/2025\/01\/38-150x150.jpg 150w, https:\/\/naghmouche.com\/wp-content\/uploads\/2025\/01\/38-768x768.jpg 768w, https:\/\/naghmouche.com\/wp-content\/uploads\/2025\/01\/38.jpg 1080w\" sizes=\"(max-width: 1024px) 100vw, 1024px\" \/>\n\t\t\t<\/dt><\/dl><dl class='gallery-item'>\n\t\t\t<dt class='gallery-icon landscape'>\n\t\t\t\t<img loading=\"lazy\" decoding=\"async\" width=\"1024\" height=\"1024\" src=\"https:\/\/naghmouche.com\/wp-content\/uploads\/2025\/01\/02-1024x1024.jpg\" class=\"attachment-large size-large\" alt=\"\" srcset=\"https:\/\/naghmouche.com\/wp-content\/uploads\/2025\/01\/02-1024x1024.jpg 1024w, https:\/\/naghmouche.com\/wp-content\/uploads\/2025\/01\/02-300x300.jpg 300w, https:\/\/naghmouche.com\/wp-content\/uploads\/2025\/01\/02-150x150.jpg 150w, https:\/\/naghmouche.com\/wp-content\/uploads\/2025\/01\/02-768x768.jpg 768w, https:\/\/naghmouche.com\/wp-content\/uploads\/2025\/01\/02.jpg 1080w\" sizes=\"(max-width: 1024px) 100vw, 1024px\" \/>\n\t\t\t<\/dt><\/dl><br style=\"clear: both\" \/>\n\t\t<\/div>\n<\/div>\n\t\t\t\t\t\t<\/div>\n\t\t\t\t<\/div>\n\t\t\t\t\t<\/div>\n\t\t\t\t<\/div>\n\t\t\t\t<\/div>\n\t\t","protected":false},"excerpt":{"rendered":"<p>Conduite de missions d\u2019aide pendant la pand\u00e9mie de Covid-19, malgr\u00e9 les fermetures de fronti\u00e8res et les nombreux obstacles rencontr\u00e9s Les Dix Missions SOLI-COV : 1. 1re op\u00e9ration (2 avril au 11 mai 2020) : * Permanence m\u00e9dicale, administrative et juridique * Traitement de 85 dossiers de malades bloqu\u00e9s en France [&hellip;]<\/p>\n","protected":false},"author":1,"featured_media":0,"parent":3220,"menu_order":0,"comment_status":"closed","ping_status":"closed","template":"","meta":{"footnotes":""},"class_list":["post-3159","page","type-page","status-publish","hentry"],"_links":{"self":[{"href":"https:\/\/naghmouche.com\/index.php?rest_route=\/wp\/v2\/pages\/3159","targetHints":{"allow":["GET"]}}],"collection":[{"href":"https:\/\/naghmouche.com\/index.php?rest_route=\/wp\/v2\/pages"}],"about":[{"href":"https:\/\/naghmouche.com\/index.php?rest_route=\/wp\/v2\/types\/page"}],"author":[{"embeddable":true,"href":"https:\/\/naghmouche.com\/index.php?rest_route=\/wp\/v2\/users\/1"}],"replies":[{"embeddable":true,"href":"https:\/\/naghmouche.com\/index.php?rest_route=%2Fwp%2Fv2%2Fcomments&post=3159"}],"version-history":[{"count":31,"href":"https:\/\/naghmouche.com\/index.php?rest_route=\/wp\/v2\/pages\/3159\/revisions"}],"predecessor-version":[{"id":4311,"href":"https:\/\/naghmouche.com\/index.php?rest_route=\/wp\/v2\/pages\/3159\/revisions\/4311"}],"up":[{"embeddable":true,"href":"https:\/\/naghmouche.com\/index.php?rest_route=\/wp\/v2\/pages\/3220"}],"wp:attachment":[{"href":"https:\/\/naghmouche.com\/index.php?rest_route=%2Fwp%2Fv2%2Fmedia&parent=3159"}],"curies":[{"name":"wp","href":"https:\/\/api.w.org\/{rel}","templated":true}]}}