{"id":3009,"date":"2025-01-03T07:05:16","date_gmt":"2025-01-03T07:05:16","guid":{"rendered":"https:\/\/naghmouche.com\/?page_id=3009"},"modified":"2026-01-15T13:10:30","modified_gmt":"2026-01-15T13:10:30","slug":"sociale-2","status":"publish","type":"page","link":"https:\/\/naghmouche.com\/?page_id=3009","title":{"rendered":"Sociale"},"content":{"rendered":"\t\t<div data-elementor-type=\"wp-page\" data-elementor-id=\"3009\" class=\"elementor elementor-3009\">\n\t\t\t\t<div class=\"elementor-element elementor-element-5a24a4f e-flex e-con-boxed e-con e-parent\" data-id=\"5a24a4f\" data-element_type=\"container\" data-e-type=\"container\">\n\t\t\t\t\t<div class=\"e-con-inner\">\n\t\t\t\t<div class=\"elementor-element elementor-element-ed2a846 elementor-widget elementor-widget-spacer\" data-id=\"ed2a846\" data-element_type=\"widget\" data-e-type=\"widget\" data-widget_type=\"spacer.default\">\n\t\t\t\t<div class=\"elementor-widget-container\">\n\t\t\t\t\t\t\t<div class=\"elementor-spacer\">\n\t\t\t<div class=\"elementor-spacer-inner\"><\/div>\n\t\t<\/div>\n\t\t\t\t\t\t<\/div>\n\t\t\t\t<\/div>\n\t\t\t\t\t<\/div>\n\t\t\t\t<\/div>\n\t\t<div class=\"elementor-element elementor-element-ca8106f e-flex e-con-boxed e-con e-parent\" data-id=\"ca8106f\" data-element_type=\"container\" data-e-type=\"container\">\n\t\t\t\t\t<div class=\"e-con-inner\">\n\t\t\t\t<div class=\"elementor-element elementor-element-5e0c4ff elementor-widget elementor-widget-heading\" data-id=\"5e0c4ff\" data-element_type=\"widget\" data-e-type=\"widget\" data-widget_type=\"heading.default\">\n\t\t\t\t<div class=\"elementor-widget-container\">\n\t\t\t\t\t<h4 class=\"elementor-heading-title elementor-size-default\">L'expertise sociale au service de vos droits et de votre dignit\u00e9.<\/h4>\t\t\t\t<\/div>\n\t\t\t\t<\/div>\n\t\t\t\t<div class=\"elementor-element elementor-element-d66ab12 elementor-widget elementor-widget-spacer\" data-id=\"d66ab12\" data-element_type=\"widget\" data-e-type=\"widget\" data-widget_type=\"spacer.default\">\n\t\t\t\t<div class=\"elementor-widget-container\">\n\t\t\t\t\t\t\t<div class=\"elementor-spacer\">\n\t\t\t<div class=\"elementor-spacer-inner\"><\/div>\n\t\t<\/div>\n\t\t\t\t\t\t<\/div>\n\t\t\t\t<\/div>\n\t\t\t\t\t<\/div>\n\t\t\t\t<\/div>\n\t\t<div class=\"elementor-element elementor-element-2c15af7 e-grid e-con-boxed e-con e-parent\" data-id=\"2c15af7\" data-element_type=\"container\" data-e-type=\"container\">\n\t\t\t\t\t<div class=\"e-con-inner\">\n\t\t<div class=\"elementor-element elementor-element-641f7a8 e-grid e-con-full e-con e-child\" data-id=\"641f7a8\" data-element_type=\"container\" data-e-type=\"container\">\n\t\t\t\t<div class=\"elementor-element elementor-element-b194aad elementor-widget elementor-widget-image\" data-id=\"b194aad\" data-element_type=\"widget\" data-e-type=\"widget\" data-widget_type=\"image.default\">\n\t\t\t\t<div class=\"elementor-widget-container\">\n\t\t\t\t\t\t\t\t\t\t\t\t<figure class=\"wp-caption\">\n\t\t\t\t\t\t\t\t\t\t<img fetchpriority=\"high\" decoding=\"async\" width=\"768\" height=\"512\" src=\"https:\/\/naghmouche.com\/wp-content\/uploads\/2023\/03\/490203803_1212916774167339_1961289929256029286_n-768x512.jpg\" class=\"attachment-medium_large size-medium_large wp-image-3845\" alt=\"\" srcset=\"https:\/\/naghmouche.com\/wp-content\/uploads\/2023\/03\/490203803_1212916774167339_1961289929256029286_n-768x512.jpg 768w, https:\/\/naghmouche.com\/wp-content\/uploads\/2023\/03\/490203803_1212916774167339_1961289929256029286_n-300x200.jpg 300w, https:\/\/naghmouche.com\/wp-content\/uploads\/2023\/03\/490203803_1212916774167339_1961289929256029286_n-1024x682.jpg 1024w, https:\/\/naghmouche.com\/wp-content\/uploads\/2023\/03\/490203803_1212916774167339_1961289929256029286_n-1536x1023.jpg 1536w, https:\/\/naghmouche.com\/wp-content\/uploads\/2023\/03\/490203803_1212916774167339_1961289929256029286_n.jpg 1600w\" sizes=\"(max-width: 768px) 100vw, 768px\" \/>\t\t\t\t\t\t\t\t\t\t\t<figcaption class=\"widget-image-caption wp-caption-text\"><\/figcaption>\n\t\t\t\t\t\t\t\t\t\t<\/figure>\n\t\t\t\t\t\t\t\t\t<\/div>\n\t\t\t\t<\/div>\n\t\t\t\t<div class=\"elementor-element elementor-element-4b79133 elementor-widget elementor-widget-html\" data-id=\"4b79133\" data-element_type=\"widget\" data-e-type=\"widget\" data-widget_type=\"html.default\">\n\t\t\t\t<div class=\"elementor-widget-container\">\n\t\t\t\t\t<style>\r\nul.force-list {\r\n  padding-left: 0;\r\n  margin: 10px 0;\r\n  \r\n}\r\np{\r\n     font-family: \"Epilogue\", sans-serif !important;\r\n  font-size: 16px;\r\n  color: #000;\r\n  text-align: justify;\r\n}\r\nul.force-list li {\r\n  position: relative;\r\n  padding-left: 20px;\r\n  margin-bottom: 8px;\r\n  display: block;\r\n  font-family: \"Epilogue\", sans-serif !important;\r\n  font-size: 16px;\r\n  color: #000;\r\n}\r\n\r\nul.force-list li::before {\r\n  content: \"\u2022\";\r\n  position: absolute;\r\n  left: 0;\r\n  top: 0;\r\n  color: #000;\r\n  font-size: 30px;\r\n  line-height: 1;\r\n  \r\n  \r\n}\r\n<\/style>\r\n<p>\r\n    En tant que <b>D\u00e9fenseur des droits avec une expertise sociale<\/b>, ma vocation est de vous apporter un \u00e9clairage professionnel et un accompagnement humain face aux complexit\u00e9s de notre syst\u00e8me social. Je suis l\u00e0 pour garantir que vos droits fondamentaux soient respect\u00e9s, et que vous acc\u00e9diez pleinement aux dispositifs d'aide et de protection sociale auxquels vous avez droit.<br><br>\r\nVous vous sentez d\u00e9muni face \u00e0 une situation sociale difficile ou un refus d'acc\u00e8s \u00e0 des prestations ? Je vous propose une intervention cibl\u00e9e pour r\u00e9tablir l'\u00e9quit\u00e9 et l'acc\u00e8s \u00e0 vos droits. <br>\r\n\r\n<\/p>\t\t\t\t<\/div>\n\t\t\t\t<\/div>\n\t\t\t\t<\/div>\n\t\t\t\t<div class=\"elementor-element elementor-element-7058991 elementor-widget elementor-widget-html\" data-id=\"7058991\" data-element_type=\"widget\" data-e-type=\"widget\" data-widget_type=\"html.default\">\n\t\t\t\t<div class=\"elementor-widget-container\">\n\t\t\t\t\t<style>\r\nul.force-list {\r\n  padding-left: 0;\r\n  margin: 10px 0;\r\n  \r\n}\r\np{\r\n     font-family: \"Epilogue\", sans-serif !important;\r\n  font-size: 16px;\r\n  color: #000;\r\n  text-align: justify;\r\n}\r\nul.force-list li {\r\n  position: relative;\r\n  padding-left: 20px;\r\n  margin-bottom: 8px;\r\n  display: block;\r\n  font-family: \"Epilogue\", sans-serif !important;\r\n  font-size: 16px;\r\n  color: #000;\r\n}\r\n\r\nul.force-list li::before {\r\n  content: \"\u2022\";\r\n  position: absolute;\r\n  left: 0;\r\n  top: 0;\r\n  color: #000;\r\n  font-size: 30px;\r\n  line-height: 1;\r\n  \r\n  \r\n}\r\n<\/style>\r\n<p>\r\n<b>Mon accompagnement social et expertise des droits :<\/b><br>\r\n\r\nJe mets mes comp\u00e9tences \u00e0 votre service pour vous aider \u00e0 naviguer et \u00e0 r\u00e9soudre les probl\u00e8mes dans les domaines cl\u00e9s du secteur social :<br>\r\n<ul class=\"force-list\">\r\n    <li><b>Acc\u00e8s aux prestations sociales :<\/b>\r\nAide \u00e0 la compr\u00e9hension, \u00e0 la constitution et au suivi de dossiers aupr\u00e8s des organismes (CAF, CPAM, P\u00f4le Emploi, organismes de retraite, etc.).<\/li>\r\n<li><b>Protection des personnes vuln\u00e9rables :<\/b> Assistance et m\u00e9diation pour les personnes confront\u00e9es \u00e0 des difficult\u00e9s li\u00e9es au logement, \u00e0 la sant\u00e9, \u00e0 l'emploi ou \u00e0 la situation familiale.\r\n<\/li>\r\n<li><b>Lutte contre l'isolement et l'exclusion :<\/b> Je travaille \u00e0 lever les obstacles qui vous emp\u00eachent de participer pleinement \u00e0 la vie sociale et citoyenne.<\/li>\r\n<li><b>D\u00e9fense des droits individuels : <\/b>Interventions pour faire valoir vos droits en cas de maltraitance, de non-assistance ou de manquement aux obligations de l'aide sociale.\r\n<\/ul><\/p>\r\n\r\n<p><b>Une approche humaine, confidentielle et concr\u00e8te<\/b><br>\r\nChaque situation est unique. Mon approche est toujours confidentielle et empreinte d'une profonde bienveillance. En \u00e9tudiant votre situation sous un angle \u00e0 la fois l\u00e9gal et social, je vous offre des solutions concr\u00e8tes et un accompagnement jusqu'\u00e0 l'aboutissement de vos d\u00e9marches. Mon objectif est de vous redonner les moyens d'agir pour votre propre compte.<br>\r\n<br>\r\n<b>Contactez-moi pour une \u00e9valuation de votre situation<\/b><br>\r\nSi vous avez besoin d'une aide professionnelle pour d\u00e9fendre vos droits sociaux, contactez-moi sans attendre. Ensemble, nous trouverons la solution la plus adapt\u00e9e \u00e0 votre situation.\r\n\r\n\r\n<\/p>\t\t\t\t<\/div>\n\t\t\t\t<\/div>\n\t\t\t\t\t<\/div>\n\t\t\t\t<\/div>\n\t\t\t\t<section class=\"elementor-section elementor-top-section elementor-element elementor-element-46a5ba2 elementor-section-full_width elementor-section-stretched elementor-section-height-default elementor-section-height-default\" data-id=\"46a5ba2\" data-element_type=\"section\" data-e-type=\"section\" data-settings=\"{&quot;stretch_section&quot;:&quot;section-stretched&quot;}\">\n\t\t\t\t\t\t<div class=\"elementor-container elementor-column-gap-no\">\n\t\t\t\t\t<div class=\"elementor-column elementor-col-100 elementor-top-column elementor-element elementor-element-c3ece9a\" data-id=\"c3ece9a\" data-element_type=\"column\" data-e-type=\"column\">\n\t\t\t<div class=\"elementor-widget-wrap elementor-element-populated\">\n\t\t\t\t\t\t<div class=\"elementor-element elementor-element-665571c elementor-widget elementor-widget-spacer\" data-id=\"665571c\" data-element_type=\"widget\" data-e-type=\"widget\" data-widget_type=\"spacer.default\">\n\t\t\t\t<div class=\"elementor-widget-container\">\n\t\t\t\t\t\t\t<div class=\"elementor-spacer\">\n\t\t\t<div class=\"elementor-spacer-inner\"><\/div>\n\t\t<\/div>\n\t\t\t\t\t\t<\/div>\n\t\t\t\t<\/div>\n\t\t\t\t<div class=\"elementor-element elementor-element-571427e elementor-widget elementor-widget-blaz-helpdesk\" data-id=\"571427e\" data-element_type=\"widget\" data-e-type=\"widget\" data-widget_type=\"blaz-helpdesk.default\">\n\t\t\t\t<div class=\"elementor-widget-container\">\n\t\t\t\t\t\n    <section>\n      <div class=\"container\">\n        <div class=\"row align-items-center\">\n          <div class=\"col-lg-6\">\n            <div class=\"man-join\">\n                              <img decoding=\"async\" alt=\"rescue\" class=\"w-100 ps-sm-5\" src=\"https:\/\/naghmouche.com\/wp-content\/uploads\/2025\/01\/flag.jpg\">\n                            <img decoding=\"async\" class=\"man-img\" alt=\"man\" src=\"https:\/\/naghmouche.com\/wp-content\/uploads\/2025\/01\/Mr-naghmouchePhoto.png\">              <div class=\"help-number\">\n                <h6>PORTEE DES VOLONTAIRES<\/h6>                <h4>SERVICE D'ASSISTANCE<\/h4>                <h3><a href=\"callto:066-301-7108\">066-301-7108<\/a><\/h3>                <a href=\"https:\/\/naghmouche.com\/?page_id=436\">Contactez-nous<\/a>              <\/div>\n            <\/div>\n          <\/div>\n          <div class=\"col-lg-6 ps-sm-5\">\n            <div class=\"train-with\">\n                             <h2>NOUS REJOINDRE<\/h2>               <h5>Rejoignez notre vision pour faire progresser la nation vers le sommet<\/h5>               <p>Vous avez des questions, des id\u00e9es de collaboration, ou vous souhaitez simplement en savoir plus sur notre travail ? N'h\u00e9sitez pas \u00e0 nous contacter via le formulaire ci-dessous. Nous lisons attentivement chaque message et ferons de notre mieux pour vous r\u00e9pondre dans les plus brefs d\u00e9lais.<\/p>               <a href=\"https:\/\/naghmouche.com\/?page_id=436\" class=\"button-style\">Rejoignez nous<\/a>            <\/div>\n          <\/div>\n        <\/div>\n      <\/div>\n    <\/section>\n\n\t\t\t\t<\/div>\n\t\t\t\t<\/div>\n\t\t\t\t\t<\/div>\n\t\t<\/div>\n\t\t\t\t\t<\/div>\n\t\t<\/section>\n\t\t\t\t<section class=\"elementor-section elementor-top-section elementor-element elementor-element-0f7b715 elementor-section-full_width elementor-section-stretched elementor-section-height-default elementor-section-height-default\" data-id=\"0f7b715\" data-element_type=\"section\" data-e-type=\"section\" data-settings=\"{&quot;stretch_section&quot;:&quot;section-stretched&quot;}\">\n\t\t\t\t\t\t<div class=\"elementor-container elementor-column-gap-no\">\n\t\t\t\t\t<div class=\"elementor-column elementor-col-100 elementor-top-column elementor-element elementor-element-4c6aa73\" data-id=\"4c6aa73\" data-element_type=\"column\" data-e-type=\"column\">\n\t\t\t<div class=\"elementor-widget-wrap elementor-element-populated\">\n\t\t\t\t\t\t<div class=\"elementor-element elementor-element-23d262c elementor-widget elementor-widget-spacer\" data-id=\"23d262c\" data-element_type=\"widget\" data-e-type=\"widget\" data-widget_type=\"spacer.default\">\n\t\t\t\t<div class=\"elementor-widget-container\">\n\t\t\t\t\t\t\t<div class=\"elementor-spacer\">\n\t\t\t<div class=\"elementor-spacer-inner\"><\/div>\n\t\t<\/div>\n\t\t\t\t\t\t<\/div>\n\t\t\t\t<\/div>\n\t\t\t\t<div class=\"elementor-element elementor-element-12634af elementor-widget elementor-widget-instagram-photos-gallery\" data-id=\"12634af\" data-element_type=\"widget\" data-e-type=\"widget\" data-widget_type=\"instagram-photos-gallery.default\">\n\t\t\t\t<div class=\"elementor-widget-container\">\n\t\t\t\t\t\n\t\t<section class=\"gallery-img gap no-top\">\n\t\t\t<div class=\"container-fluid\">\n\t\t\t\t<div class=\"row\">\n\t\t\t\t\t<div class=\"col-lg-4 col-md-6\">\n\t\t\t\t\t\t<div class=\"gallery\">\n\t\t\t\t\t\t\t<figure>\n\t\t\t\t\t\t\t\t<img decoding=\"async\" src=\"https:\/\/naghmouche.com\/wp-content\/uploads\/2025\/01\/02-images.png\" alt=\"blog image\">\n\t\t\t\t\t\t\t\t<a data-fancybox=\"gallery\" href=\"https:\/\/naghmouche.com\/wp-content\/uploads\/2025\/01\/02-images.png\">\n\t\t\t\t\t\t\t\t\t<i class=\"fa fa-plus\"><\/i>\n\t\t\t\t\t\t\t\t<\/a>\n\n\t\t\t\t\t\t\t<\/figure>\n\t\t\t\t\t\t<\/div>\n\t\t\t\t\t<\/div>\n\t\t\t\t\t<div class=\"col-lg-8 col-md-6\">\n\t\t\t\t\t\t<div class=\"row\">\n\t\t\t\t\t\t\t<div class=\"col-lg-4 col-md-4\">\n\t\t\t\t\t\t\t\t<div class=\"gallery\">\n\t\t\t\t\t\t\t\t\t<figure>\n\t\t\t\t\t\t\t\t\t\t<img decoding=\"async\" src=\"https:\/\/naghmouche.com\/wp-content\/uploads\/2021\/12\/photo1.jpg\" alt=\"blog image\">\n\t\t\t\t\t\t\t\t\t\t<a data-fancybox=\"gallery\" href=\"https:\/\/naghmouche.com\/wp-content\/uploads\/2021\/12\/photo1.jpg\">\n\t\t\t\t\t\t\t\t\t\t\t<i class=\"fa fa-plus\"><\/i>\n\t\t\t\t\t\t\t\t\t\t<\/a>\n\n\t\t\t\t\t\t\t\t\t<\/figure>\n\t\t\t\t\t\t\t\t<\/div>\n\t\t\t\t\t\t\t<\/div>\n\t\t\t\t\t\t\t<div class=\"col-lg-4 col-md-4\">\n\t\t\t\t\t\t\t\t<div class=\"gallery\">\n\t\t\t\t\t\t\t\t\t<figure>\n\t\t\t\t\t\t\t\t\t\t<img decoding=\"async\" src=\"https:\/\/naghmouche.com\/wp-content\/uploads\/2021\/12\/photo2.jpg\" alt=\"blog image\">\n\t\t\t\t\t\t\t\t\t\t<a data-fancybox=\"gallery\" href=\"https:\/\/naghmouche.com\/wp-content\/uploads\/2021\/12\/photo2.jpg\">\n\t\t\t\t\t\t\t\t\t\t\t<i class=\"fa fa-plus\"><\/i>\n\t\t\t\t\t\t\t\t\t\t<\/a>\n\n\t\t\t\t\t\t\t\t\t<\/figure>\n\t\t\t\t\t\t\t\t<\/div>\n\t\t\t\t\t\t\t<\/div>\n\t\t\t\t\t\t\t<div class=\"col-lg-4 col-md-4\">\n\t\t\t\t\t\t\t\t<div class=\"gallery\">\n\t\t\t\t\t\t\t\t\t<figure>\n\t\t\t\t\t\t\t\t\t\t<img decoding=\"async\" src=\"https:\/\/naghmouche.com\/wp-content\/uploads\/2021\/12\/photo3.jpg\" alt=\"blog image\">\n\t\t\t\t\t\t\t\t\t\t<a data-fancybox=\"gallery\" href=\"https:\/\/naghmouche.com\/wp-content\/uploads\/2021\/12\/photo3.jpg\">\n\t\t\t\t\t\t\t\t\t\t\t<i class=\"fa fa-plus\"><\/i>\n\t\t\t\t\t\t\t\t\t\t<\/a>\n\n\t\t\t\t\t\t\t\t\t<\/figure>\n\t\t\t\t\t\t\t\t<\/div>\n\t\t\t\t\t\t\t<\/div>\n\t\t\t\t\t\t<\/div>\n\t\t\t\t\t<\/div>\n\t\t\t\t\t<div class=\"col-lg-8 col-md-6\">\n\t\t\t\t\t\t<div class=\"row\">\n\t\t\t\t\t\t\t<div class=\"col-lg-4 col-md-6\">\n\t\t\t\t\t\t\t\t<div class=\"gallery\">\n\t\t\t\t\t\t\t\t\t<figure>\n\t\t\t\t\t\t\t\t\t\t<img decoding=\"async\" src=\"https:\/\/naghmouche.com\/wp-content\/uploads\/2025\/01\/05.jpg\" alt=\"blog image\">\n\t\t\t\t\t\t\t\t\t\t<a data-fancybox=\"gallery\" href=\"https:\/\/naghmouche.com\/wp-content\/uploads\/2025\/01\/05.jpg\">\n\t\t\t\t\t\t\t\t\t\t\t<i class=\"fa fa-plus\"><\/i>\n\t\t\t\t\t\t\t\t\t\t<\/a>\n\n\t\t\t\t\t\t\t\t\t<\/figure>\n\t\t\t\t\t\t\t\t<\/div>\n\t\t\t\t\t\t\t<\/div>\n\t\t\t\t\t\t\t<div class=\"col-lg-4 col-md-6\">\n\t\t\t\t\t\t\t\t<div class=\"gallery\">\n\t\t\t\t\t\t\t\t\t<figure>\n\t\t\t\t\t\t\t\t\t\t<img decoding=\"async\" src=\"https:\/\/naghmouche.com\/wp-content\/uploads\/2025\/01\/in-the-street.png\" alt=\"blog image\">\n\t\t\t\t\t\t\t\t\t\t<a data-fancybox=\"gallery\" href=\"https:\/\/naghmouche.com\/wp-content\/uploads\/2025\/01\/in-the-street.png\">\n\t\t\t\t\t\t\t\t\t\t\t<i class=\"fa fa-plus\"><\/i>\n\t\t\t\t\t\t\t\t\t\t<\/a>\n\n\t\t\t\t\t\t\t\t\t<\/figure>\n\t\t\t\t\t\t\t\t<\/div>\n\t\t\t\t\t\t\t<\/div>\n\t\t\t\t\t\t\t<div class=\"col-lg-4 col-md-6\">\n\t\t\t\t\t\t\t\t<div class=\"gallery\">\n\t\t\t\t\t\t\t\t\t<figure>\n\t\t\t\t\t\t\t\t\t\t<img decoding=\"async\" src=\"https:\/\/naghmouche.com\/wp-content\/uploads\/2024\/01\/22.jpg\" alt=\"blog image\">\n\t\t\t\t\t\t\t\t\t\t<a data-fancybox=\"gallery\" href=\"https:\/\/naghmouche.com\/wp-content\/uploads\/2024\/01\/22.jpg\">\n\t\t\t\t\t\t\t\t\t\t\t<i class=\"fa fa-plus\"><\/i>\n\t\t\t\t\t\t\t\t\t\t<\/a>\n\n\t\t\t\t\t\t\t\t\t<\/figure>\n\t\t\t\t\t\t\t\t<\/div>\n\t\t\t\t\t\t\t<\/div>\n\t\t\t\t\t\t<\/div>\n\t\t\t\t\t<\/div>\n\t\t\t\t\t<div class=\"col-lg-4 col-md-6\">\n\t\t\t\t\t\t<div class=\"gallery\">\n\t\t\t\t\t\t\t<figure>\n\t\t\t\t\t\t\t\t<img decoding=\"async\" src=\"https:\/\/naghmouche.com\/wp-content\/uploads\/2025\/01\/24-1.jpg\" alt=\"blog image\">\n\t\t\t\t\t\t\t\t<a data-fancybox=\"gallery\" href=\"https:\/\/naghmouche.com\/wp-content\/uploads\/2025\/01\/24-1.jpg\">\n\t\t\t\t\t\t\t\t\t<i class=\"fa fa-plus\"><\/i>\n\t\t\t\t\t\t\t\t<\/a>\n\n\t\t\t\t\t\t\t<\/figure>\n\t\t\t\t\t\t<\/div>\n\t\t\t\t\t<\/div>\n\t\t\t\t<\/div>\n\t\t\t<\/div>\n\t\t<\/section>\n\n\t\t\t\t<\/div>\n\t\t\t\t<\/div>\n\t\t\t\t<div class=\"elementor-element elementor-element-db420dd elementor-widget elementor-widget-spacer\" data-id=\"db420dd\" data-element_type=\"widget\" data-e-type=\"widget\" data-widget_type=\"spacer.default\">\n\t\t\t\t<div class=\"elementor-widget-container\">\n\t\t\t\t\t\t\t<div class=\"elementor-spacer\">\n\t\t\t<div class=\"elementor-spacer-inner\"><\/div>\n\t\t<\/div>\n\t\t\t\t\t\t<\/div>\n\t\t\t\t<\/div>\n\t\t\t\t\t<\/div>\n\t\t<\/div>\n\t\t\t\t\t<\/div>\n\t\t<\/section>\n\t\t\t\t<\/div>\n\t\t","protected":false},"excerpt":{"rendered":"<p>L&#8217;expertise sociale au service de vos droits et de votre dignit\u00e9. En tant que D\u00e9fenseur des droits avec une expertise sociale, ma vocation est de vous apporter un \u00e9clairage professionnel et un accompagnement humain face aux complexit\u00e9s de notre syst\u00e8me social. Je suis l\u00e0 pour garantir que vos droits fondamentaux [&hellip;]<\/p>\n","protected":false},"author":1,"featured_media":0,"parent":3165,"menu_order":0,"comment_status":"closed","ping_status":"closed","template":"","meta":{"footnotes":""},"class_list":["post-3009","page","type-page","status-publish","hentry"],"_links":{"self":[{"href":"https:\/\/naghmouche.com\/index.php?rest_route=\/wp\/v2\/pages\/3009","targetHints":{"allow":["GET"]}}],"collection":[{"href":"https:\/\/naghmouche.com\/index.php?rest_route=\/wp\/v2\/pages"}],"about":[{"href":"https:\/\/naghmouche.com\/index.php?rest_route=\/wp\/v2\/types\/page"}],"author":[{"embeddable":true,"href":"https:\/\/naghmouche.com\/index.php?rest_route=\/wp\/v2\/users\/1"}],"replies":[{"embeddable":true,"href":"https:\/\/naghmouche.com\/index.php?rest_route=%2Fwp%2Fv2%2Fcomments&post=3009"}],"version-history":[{"count":35,"href":"https:\/\/naghmouche.com\/index.php?rest_route=\/wp\/v2\/pages\/3009\/revisions"}],"predecessor-version":[{"id":4410,"href":"https:\/\/naghmouche.com\/index.php?rest_route=\/wp\/v2\/pages\/3009\/revisions\/4410"}],"up":[{"embeddable":true,"href":"https:\/\/naghmouche.com\/index.php?rest_route=\/wp\/v2\/pages\/3165"}],"wp:attachment":[{"href":"https:\/\/naghmouche.com\/index.php?rest_route=%2Fwp%2Fv2%2Fmedia&parent=3009"}],"curies":[{"name":"wp","href":"https:\/\/api.w.org\/{rel}","templated":true}]}}