{"id":3005,"date":"2025-01-03T07:03:25","date_gmt":"2025-01-03T07:03:25","guid":{"rendered":"https:\/\/naghmouche.com\/?page_id=3005"},"modified":"2026-01-15T11:13:21","modified_gmt":"2026-01-15T11:13:21","slug":"juridique","status":"publish","type":"page","link":"https:\/\/naghmouche.com\/?page_id=3005","title":{"rendered":"Juridique"},"content":{"rendered":"\t\t<div data-elementor-type=\"wp-page\" data-elementor-id=\"3005\" class=\"elementor elementor-3005\">\n\t\t\t\t<div class=\"elementor-element elementor-element-68b2424 e-flex e-con-boxed e-con e-parent\" data-id=\"68b2424\" data-element_type=\"container\" data-e-type=\"container\">\n\t\t\t\t\t<div class=\"e-con-inner\">\n\t\t\t\t<div class=\"elementor-element elementor-element-361d640 elementor-widget elementor-widget-spacer\" data-id=\"361d640\" data-element_type=\"widget\" data-e-type=\"widget\" data-widget_type=\"spacer.default\">\n\t\t\t\t<div class=\"elementor-widget-container\">\n\t\t\t\t\t\t\t<div class=\"elementor-spacer\">\n\t\t\t<div class=\"elementor-spacer-inner\"><\/div>\n\t\t<\/div>\n\t\t\t\t\t\t<\/div>\n\t\t\t\t<\/div>\n\t\t\t\t\t<\/div>\n\t\t\t\t<\/div>\n\t\t<div class=\"elementor-element elementor-element-3108195 e-flex e-con-boxed e-con e-parent\" data-id=\"3108195\" data-element_type=\"container\" data-e-type=\"container\">\n\t\t\t\t\t<div class=\"e-con-inner\">\n\t\t\t\t<div class=\"elementor-element elementor-element-b7ab2e1 elementor-widget elementor-widget-heading\" data-id=\"b7ab2e1\" data-element_type=\"widget\" data-e-type=\"widget\" data-widget_type=\"heading.default\">\n\t\t\t\t<div class=\"elementor-widget-container\">\n\t\t\t\t\t<h3 class=\"elementor-heading-title elementor-size-default\">Votre D\u00e9fenseur des Droits et de l'Acc\u00e8s \u00e0 la Justice<\/h3>\t\t\t\t<\/div>\n\t\t\t\t<\/div>\n\t\t\t\t<div class=\"elementor-element elementor-element-be9f127 elementor-widget-divider--view-line elementor-widget elementor-widget-divider\" data-id=\"be9f127\" data-element_type=\"widget\" data-e-type=\"widget\" data-widget_type=\"divider.default\">\n\t\t\t\t<div class=\"elementor-widget-container\">\n\t\t\t\t\t\t\t<div class=\"elementor-divider\">\n\t\t\t<span class=\"elementor-divider-separator\">\n\t\t\t\t\t\t<\/span>\n\t\t<\/div>\n\t\t\t\t\t\t<\/div>\n\t\t\t\t<\/div>\n\t\t\t\t<div class=\"elementor-element elementor-element-1393ce3 elementor-widget elementor-widget-heading\" data-id=\"1393ce3\" data-element_type=\"widget\" data-e-type=\"widget\" data-widget_type=\"heading.default\">\n\t\t\t\t<div class=\"elementor-widget-container\">\n\t\t\t\t\t<h4 class=\"elementor-heading-title elementor-size-default\">Pour que vos droits soient respect\u00e9s, toujours.<\/h4>\t\t\t\t<\/div>\n\t\t\t\t<\/div>\n\t\t\t\t<div class=\"elementor-element elementor-element-8836124 elementor-widget elementor-widget-spacer\" data-id=\"8836124\" data-element_type=\"widget\" data-e-type=\"widget\" data-widget_type=\"spacer.default\">\n\t\t\t\t<div class=\"elementor-widget-container\">\n\t\t\t\t\t\t\t<div class=\"elementor-spacer\">\n\t\t\t<div class=\"elementor-spacer-inner\"><\/div>\n\t\t<\/div>\n\t\t\t\t\t\t<\/div>\n\t\t\t\t<\/div>\n\t\t\t\t\t<\/div>\n\t\t\t\t<\/div>\n\t\t<div class=\"elementor-element elementor-element-ba19e3c e-grid e-con-boxed e-con e-parent\" data-id=\"ba19e3c\" data-element_type=\"container\" data-e-type=\"container\">\n\t\t\t\t\t<div class=\"e-con-inner\">\n\t\t<div class=\"elementor-element elementor-element-7dd56a1 e-grid e-con-full e-con e-child\" data-id=\"7dd56a1\" data-element_type=\"container\" data-e-type=\"container\">\n\t\t\t\t<div class=\"elementor-element elementor-element-3e30fdf elementor-widget elementor-widget-image\" data-id=\"3e30fdf\" data-element_type=\"widget\" data-e-type=\"widget\" data-widget_type=\"image.default\">\n\t\t\t\t<div class=\"elementor-widget-container\">\n\t\t\t\t\t\t\t\t\t\t\t\t<figure class=\"wp-caption\">\n\t\t\t\t\t\t\t\t\t\t<img fetchpriority=\"high\" decoding=\"async\" width=\"768\" height=\"512\" src=\"https:\/\/naghmouche.com\/wp-content\/uploads\/2023\/03\/490203803_1212916774167339_1961289929256029286_n-768x512.jpg\" class=\"attachment-medium_large size-medium_large wp-image-3845\" alt=\"\" srcset=\"https:\/\/naghmouche.com\/wp-content\/uploads\/2023\/03\/490203803_1212916774167339_1961289929256029286_n-768x512.jpg 768w, https:\/\/naghmouche.com\/wp-content\/uploads\/2023\/03\/490203803_1212916774167339_1961289929256029286_n-300x200.jpg 300w, https:\/\/naghmouche.com\/wp-content\/uploads\/2023\/03\/490203803_1212916774167339_1961289929256029286_n-1024x682.jpg 1024w, https:\/\/naghmouche.com\/wp-content\/uploads\/2023\/03\/490203803_1212916774167339_1961289929256029286_n-1536x1023.jpg 1536w, https:\/\/naghmouche.com\/wp-content\/uploads\/2023\/03\/490203803_1212916774167339_1961289929256029286_n.jpg 1600w\" sizes=\"(max-width: 768px) 100vw, 768px\" \/>\t\t\t\t\t\t\t\t\t\t\t<figcaption class=\"widget-image-caption wp-caption-text\"><\/figcaption>\n\t\t\t\t\t\t\t\t\t\t<\/figure>\n\t\t\t\t\t\t\t\t\t<\/div>\n\t\t\t\t<\/div>\n\t\t\t\t<div class=\"elementor-element elementor-element-26a4aac elementor-widget elementor-widget-html\" data-id=\"26a4aac\" data-element_type=\"widget\" data-e-type=\"widget\" data-widget_type=\"html.default\">\n\t\t\t\t<div class=\"elementor-widget-container\">\n\t\t\t\t\t<style>\r\nul.force-list {\r\n  padding-left: 0;\r\n  margin: 10px 0;\r\n  \r\n}\r\np{\r\n     font-family: \"Epilogue\", sans-serif !important;\r\n  font-size: 16px;\r\n  color: #000;\r\n  text-align: justify;\r\n}\r\nul.force-list li {\r\n  position: relative;\r\n  padding-left: 20px;\r\n  margin-bottom: 8px;\r\n  display: block;\r\n  font-family: \"Epilogue\", sans-serif !important;\r\n  font-size: 16px;\r\n  color: #000;\r\n}\r\n\r\nul.force-list li::before {\r\n  content: \"\u2022\";\r\n  position: absolute;\r\n  left: 0;\r\n  top: 0;\r\n  color: #000;\r\n  font-size: 30px;\r\n  line-height: 1;\r\n  \r\n  \r\n}\r\n<\/style>\r\n<p>\r\n    En tant que <b>D\u00e9fenseur des droits et fournisseur d'aide juridique<\/b>, ma mission est simple : veiller au respect de vos droits et libert\u00e9s et garantir l'\u00e9galit\u00e9 de tous face \u00e0 la loi et aux administrations.<br><br>\r\nVous faites face \u00e0 une difficult\u00e9 et vous pensez que vos droits ne sont pas respect\u00e9s ? Je suis \u00e0 votre disposition pour vous \u00e9couter, vous informer et vous accompagner gratuitement dans vos d\u00e9marches.    \r\n    \r\n<\/p>\t\t\t\t<\/div>\n\t\t\t\t<\/div>\n\t\t\t\t<\/div>\n\t\t\t\t<div class=\"elementor-element elementor-element-d247db9 elementor-widget elementor-widget-html\" data-id=\"d247db9\" data-element_type=\"widget\" data-e-type=\"widget\" data-widget_type=\"html.default\">\n\t\t\t\t<div class=\"elementor-widget-container\">\n\t\t\t\t\t<style>\r\nul.force-list {\r\n  padding-left: 0;\r\n  margin: 10px 0;\r\n  \r\n}\r\np{\r\n     font-family: \"Epilogue\", sans-serif !important;\r\n  font-size: 16px;\r\n  color: #000;\r\n  text-align: justify;\r\n}\r\nul.force-list li {\r\n  position: relative;\r\n  padding-left: 20px;\r\n  margin-bottom: 8px;\r\n  display: block;\r\n  font-family: \"Epilogue\", sans-serif !important;\r\n  font-size: 16px;\r\n  color: #000;\r\n}\r\n\r\nul.force-list li::before {\r\n  content: \"\u2022\";\r\n  position: absolute;\r\n  left: 0;\r\n  top: 0;\r\n  color: #000;\r\n  font-size: 30px;\r\n  line-height: 1;\r\n  \r\n  \r\n}\r\n<\/style>\r\n<p>\r\n<b>Mes domaines d'intervention :<\/b><br>\r\n\r\nJ'interviens pour vous apporter un soutien et des solutions dans diverses situations :<br>\r\n<ul class=\"force-list\"><li><b>Relations avec les services publics : <\/b>Vous rencontrez un probl\u00e8me avec une administration (imp\u00f4ts, allocations, organismes sociaux, etc.) ? Je vous aide \u00e0 mieux comprendre vos droits et \u00e0 r\u00e9soudre les blocages.<\/li>\r\n<li><b>Lutte contre les Discriminations :<\/b> Si vous \u00eates victime ou t\u00e9moin d\u2019une discrimination (li\u00e9e \u00e0 l'origine, au handicap, au sexe, \u00e0 l'\u00e2ge, etc.), je vous accompagne pour faire valoir le principe d'\u00e9galit\u00e9 et vous d\u00e9fendre.<\/li>\r\n<li><b>D\u00e9fense des droits de l'enfant : <\/b>Je suis attentif au respect des droits de l'enfant dans tous les domaines (\u00e9ducation, sant\u00e9, protection sociale, etc.).<\/li>\r\n\r\n<li><b>Probl\u00e8mes de d\u00e9ontologie :<\/b> Si vous estimez qu'un professionnel de la s\u00e9curit\u00e9 n'a pas respect\u00e9 les r\u00e8gles de bonne conduite, je peux intervenir pour faire la lumi\u00e8re sur la situation.<\/li><\/ul>\r\n<p>\r\n<b>Une aide confidentielle et impartiale<\/b><br>\r\nJe prends le temps d'\u00e9tudier votre situation de mani\u00e8re impartiale et confidentielle pour identifier les recours possibles et les solutions amiables ou contentieuses.<br><br>\r\n<b>Contactez-moi<\/b><br>\r\nN'h\u00e9sitez pas \u00e0 me contacter. Ensemble, nous examinerons votre situation et trouverons la voie la plus efficace pour d\u00e9fendre vos droits.\r\n<\/p>\t\t\t\t<\/div>\n\t\t\t\t<\/div>\n\t\t\t\t\t<\/div>\n\t\t\t\t<\/div>\n\t\t\t\t<section class=\"elementor-section elementor-top-section elementor-element elementor-element-af82bf8 elementor-section-full_width elementor-section-stretched elementor-section-height-default elementor-section-height-default\" data-id=\"af82bf8\" data-element_type=\"section\" data-e-type=\"section\" data-settings=\"{&quot;stretch_section&quot;:&quot;section-stretched&quot;}\">\n\t\t\t\t\t\t<div class=\"elementor-container elementor-column-gap-no\">\n\t\t\t\t\t<div class=\"elementor-column elementor-col-100 elementor-top-column elementor-element elementor-element-9d44022\" data-id=\"9d44022\" data-element_type=\"column\" data-e-type=\"column\">\n\t\t\t<div class=\"elementor-widget-wrap elementor-element-populated\">\n\t\t\t\t\t\t<div class=\"elementor-element elementor-element-2b5e2e3 elementor-widget elementor-widget-spacer\" data-id=\"2b5e2e3\" data-element_type=\"widget\" data-e-type=\"widget\" data-widget_type=\"spacer.default\">\n\t\t\t\t<div class=\"elementor-widget-container\">\n\t\t\t\t\t\t\t<div class=\"elementor-spacer\">\n\t\t\t<div class=\"elementor-spacer-inner\"><\/div>\n\t\t<\/div>\n\t\t\t\t\t\t<\/div>\n\t\t\t\t<\/div>\n\t\t\t\t<div class=\"elementor-element elementor-element-cbd8d4f elementor-widget elementor-widget-blaz-helpdesk\" data-id=\"cbd8d4f\" data-element_type=\"widget\" data-e-type=\"widget\" data-widget_type=\"blaz-helpdesk.default\">\n\t\t\t\t<div class=\"elementor-widget-container\">\n\t\t\t\t\t\n    <section>\n      <div class=\"container\">\n        <div class=\"row align-items-center\">\n          <div class=\"col-lg-6\">\n            <div class=\"man-join\">\n                              <img decoding=\"async\" alt=\"rescue\" class=\"w-100 ps-sm-5\" src=\"https:\/\/naghmouche.com\/wp-content\/uploads\/2025\/01\/flag.jpg\">\n                            <img decoding=\"async\" class=\"man-img\" alt=\"man\" src=\"https:\/\/naghmouche.com\/wp-content\/uploads\/2025\/01\/Mr-naghmouchePhoto.png\">              <div class=\"help-number\">\n                <h6>PORTEE DES VOLONTAIRES<\/h6>                <h4>SERVICE D'ASSISTANCE<\/h4>                <h3><a href=\"callto:066-301-7108\">066-301-7108<\/a><\/h3>                <a href=\"https:\/\/naghmouche.com\/?page_id=436\">Contactez-nous<\/a>              <\/div>\n            <\/div>\n          <\/div>\n          <div class=\"col-lg-6 ps-sm-5\">\n            <div class=\"train-with\">\n                             <h2>NOUS REJOINDRE<\/h2>               <h5>Rejoignez notre vision pour faire progresser la nation vers le sommet<\/h5>               <p>Vous avez des questions, des id\u00e9es de collaboration, ou vous souhaitez simplement en savoir plus sur notre travail ? N'h\u00e9sitez pas \u00e0 nous contacter via le formulaire ci-dessous. Nous lisons attentivement chaque message et ferons de notre mieux pour vous r\u00e9pondre dans les plus brefs d\u00e9lais.<\/p>               <a href=\"https:\/\/naghmouche.com\/?page_id=436\" class=\"button-style\">Rejoignez nous<\/a>            <\/div>\n          <\/div>\n        <\/div>\n      <\/div>\n    <\/section>\n\n\t\t\t\t<\/div>\n\t\t\t\t<\/div>\n\t\t\t\t\t<\/div>\n\t\t<\/div>\n\t\t\t\t\t<\/div>\n\t\t<\/section>\n\t\t\t\t<section class=\"elementor-section elementor-top-section elementor-element elementor-element-761b97b elementor-section-full_width elementor-section-stretched elementor-section-height-default elementor-section-height-default\" data-id=\"761b97b\" data-element_type=\"section\" data-e-type=\"section\" data-settings=\"{&quot;stretch_section&quot;:&quot;section-stretched&quot;}\">\n\t\t\t\t\t\t<div class=\"elementor-container elementor-column-gap-no\">\n\t\t\t\t\t<div class=\"elementor-column elementor-col-100 elementor-top-column elementor-element elementor-element-9e85ab7\" data-id=\"9e85ab7\" data-element_type=\"column\" data-e-type=\"column\">\n\t\t\t<div class=\"elementor-widget-wrap elementor-element-populated\">\n\t\t\t\t\t\t<div class=\"elementor-element elementor-element-2f0c078 elementor-widget elementor-widget-spacer\" data-id=\"2f0c078\" data-element_type=\"widget\" data-e-type=\"widget\" data-widget_type=\"spacer.default\">\n\t\t\t\t<div class=\"elementor-widget-container\">\n\t\t\t\t\t\t\t<div class=\"elementor-spacer\">\n\t\t\t<div class=\"elementor-spacer-inner\"><\/div>\n\t\t<\/div>\n\t\t\t\t\t\t<\/div>\n\t\t\t\t<\/div>\n\t\t\t\t<div class=\"elementor-element elementor-element-3e0ddd1 elementor-widget elementor-widget-instagram-photos-gallery\" data-id=\"3e0ddd1\" data-element_type=\"widget\" data-e-type=\"widget\" data-widget_type=\"instagram-photos-gallery.default\">\n\t\t\t\t<div class=\"elementor-widget-container\">\n\t\t\t\t\t\n\t\t<section class=\"gallery-img gap no-top\">\n\t\t\t<div class=\"container-fluid\">\n\t\t\t\t<div class=\"row\">\n\t\t\t\t\t<div class=\"col-lg-4 col-md-6\">\n\t\t\t\t\t\t<div class=\"gallery\">\n\t\t\t\t\t\t\t<figure>\n\t\t\t\t\t\t\t\t<img decoding=\"async\" src=\"https:\/\/naghmouche.com\/wp-content\/uploads\/2025\/01\/02-images.png\" alt=\"blog image\">\n\t\t\t\t\t\t\t\t<a data-fancybox=\"gallery\" href=\"https:\/\/naghmouche.com\/wp-content\/uploads\/2025\/01\/02-images.png\">\n\t\t\t\t\t\t\t\t\t<i class=\"fa fa-plus\"><\/i>\n\t\t\t\t\t\t\t\t<\/a>\n\n\t\t\t\t\t\t\t<\/figure>\n\t\t\t\t\t\t<\/div>\n\t\t\t\t\t<\/div>\n\t\t\t\t\t<div class=\"col-lg-8 col-md-6\">\n\t\t\t\t\t\t<div class=\"row\">\n\t\t\t\t\t\t\t<div class=\"col-lg-4 col-md-4\">\n\t\t\t\t\t\t\t\t<div class=\"gallery\">\n\t\t\t\t\t\t\t\t\t<figure>\n\t\t\t\t\t\t\t\t\t\t<img decoding=\"async\" src=\"https:\/\/naghmouche.com\/wp-content\/uploads\/2021\/12\/photo1.jpg\" alt=\"blog image\">\n\t\t\t\t\t\t\t\t\t\t<a data-fancybox=\"gallery\" href=\"https:\/\/naghmouche.com\/wp-content\/uploads\/2021\/12\/photo1.jpg\">\n\t\t\t\t\t\t\t\t\t\t\t<i class=\"fa fa-plus\"><\/i>\n\t\t\t\t\t\t\t\t\t\t<\/a>\n\n\t\t\t\t\t\t\t\t\t<\/figure>\n\t\t\t\t\t\t\t\t<\/div>\n\t\t\t\t\t\t\t<\/div>\n\t\t\t\t\t\t\t<div class=\"col-lg-4 col-md-4\">\n\t\t\t\t\t\t\t\t<div class=\"gallery\">\n\t\t\t\t\t\t\t\t\t<figure>\n\t\t\t\t\t\t\t\t\t\t<img decoding=\"async\" src=\"https:\/\/naghmouche.com\/wp-content\/uploads\/2021\/12\/photo2.jpg\" alt=\"blog image\">\n\t\t\t\t\t\t\t\t\t\t<a data-fancybox=\"gallery\" href=\"https:\/\/naghmouche.com\/wp-content\/uploads\/2021\/12\/photo2.jpg\">\n\t\t\t\t\t\t\t\t\t\t\t<i class=\"fa fa-plus\"><\/i>\n\t\t\t\t\t\t\t\t\t\t<\/a>\n\n\t\t\t\t\t\t\t\t\t<\/figure>\n\t\t\t\t\t\t\t\t<\/div>\n\t\t\t\t\t\t\t<\/div>\n\t\t\t\t\t\t\t<div class=\"col-lg-4 col-md-4\">\n\t\t\t\t\t\t\t\t<div class=\"gallery\">\n\t\t\t\t\t\t\t\t\t<figure>\n\t\t\t\t\t\t\t\t\t\t<img decoding=\"async\" src=\"https:\/\/naghmouche.com\/wp-content\/uploads\/2021\/12\/photo3.jpg\" alt=\"blog image\">\n\t\t\t\t\t\t\t\t\t\t<a data-fancybox=\"gallery\" href=\"https:\/\/naghmouche.com\/wp-content\/uploads\/2021\/12\/photo3.jpg\">\n\t\t\t\t\t\t\t\t\t\t\t<i class=\"fa fa-plus\"><\/i>\n\t\t\t\t\t\t\t\t\t\t<\/a>\n\n\t\t\t\t\t\t\t\t\t<\/figure>\n\t\t\t\t\t\t\t\t<\/div>\n\t\t\t\t\t\t\t<\/div>\n\t\t\t\t\t\t<\/div>\n\t\t\t\t\t<\/div>\n\t\t\t\t\t<div class=\"col-lg-8 col-md-6\">\n\t\t\t\t\t\t<div class=\"row\">\n\t\t\t\t\t\t\t<div class=\"col-lg-4 col-md-6\">\n\t\t\t\t\t\t\t\t<div class=\"gallery\">\n\t\t\t\t\t\t\t\t\t<figure>\n\t\t\t\t\t\t\t\t\t\t<img decoding=\"async\" src=\"https:\/\/naghmouche.com\/wp-content\/uploads\/2025\/01\/05.jpg\" alt=\"blog image\">\n\t\t\t\t\t\t\t\t\t\t<a data-fancybox=\"gallery\" href=\"https:\/\/naghmouche.com\/wp-content\/uploads\/2025\/01\/05.jpg\">\n\t\t\t\t\t\t\t\t\t\t\t<i class=\"fa fa-plus\"><\/i>\n\t\t\t\t\t\t\t\t\t\t<\/a>\n\n\t\t\t\t\t\t\t\t\t<\/figure>\n\t\t\t\t\t\t\t\t<\/div>\n\t\t\t\t\t\t\t<\/div>\n\t\t\t\t\t\t\t<div class=\"col-lg-4 col-md-6\">\n\t\t\t\t\t\t\t\t<div class=\"gallery\">\n\t\t\t\t\t\t\t\t\t<figure>\n\t\t\t\t\t\t\t\t\t\t<img decoding=\"async\" src=\"https:\/\/naghmouche.com\/wp-content\/uploads\/2025\/01\/in-the-street.png\" alt=\"blog image\">\n\t\t\t\t\t\t\t\t\t\t<a data-fancybox=\"gallery\" href=\"https:\/\/naghmouche.com\/wp-content\/uploads\/2025\/01\/in-the-street.png\">\n\t\t\t\t\t\t\t\t\t\t\t<i class=\"fa fa-plus\"><\/i>\n\t\t\t\t\t\t\t\t\t\t<\/a>\n\n\t\t\t\t\t\t\t\t\t<\/figure>\n\t\t\t\t\t\t\t\t<\/div>\n\t\t\t\t\t\t\t<\/div>\n\t\t\t\t\t\t\t<div class=\"col-lg-4 col-md-6\">\n\t\t\t\t\t\t\t\t<div class=\"gallery\">\n\t\t\t\t\t\t\t\t\t<figure>\n\t\t\t\t\t\t\t\t\t\t<img decoding=\"async\" src=\"https:\/\/naghmouche.com\/wp-content\/uploads\/2024\/01\/22.jpg\" alt=\"blog image\">\n\t\t\t\t\t\t\t\t\t\t<a data-fancybox=\"gallery\" href=\"https:\/\/naghmouche.com\/wp-content\/uploads\/2024\/01\/22.jpg\">\n\t\t\t\t\t\t\t\t\t\t\t<i class=\"fa fa-plus\"><\/i>\n\t\t\t\t\t\t\t\t\t\t<\/a>\n\n\t\t\t\t\t\t\t\t\t<\/figure>\n\t\t\t\t\t\t\t\t<\/div>\n\t\t\t\t\t\t\t<\/div>\n\t\t\t\t\t\t<\/div>\n\t\t\t\t\t<\/div>\n\t\t\t\t\t<div class=\"col-lg-4 col-md-6\">\n\t\t\t\t\t\t<div class=\"gallery\">\n\t\t\t\t\t\t\t<figure>\n\t\t\t\t\t\t\t\t<img decoding=\"async\" src=\"https:\/\/naghmouche.com\/wp-content\/uploads\/2025\/01\/24-1.jpg\" alt=\"blog image\">\n\t\t\t\t\t\t\t\t<a data-fancybox=\"gallery\" href=\"https:\/\/naghmouche.com\/wp-content\/uploads\/2025\/01\/24-1.jpg\">\n\t\t\t\t\t\t\t\t\t<i class=\"fa fa-plus\"><\/i>\n\t\t\t\t\t\t\t\t<\/a>\n\n\t\t\t\t\t\t\t<\/figure>\n\t\t\t\t\t\t<\/div>\n\t\t\t\t\t<\/div>\n\t\t\t\t<\/div>\n\t\t\t<\/div>\n\t\t<\/section>\n\n\t\t\t\t<\/div>\n\t\t\t\t<\/div>\n\t\t\t\t<div class=\"elementor-element elementor-element-275a086 elementor-widget elementor-widget-spacer\" data-id=\"275a086\" data-element_type=\"widget\" data-e-type=\"widget\" data-widget_type=\"spacer.default\">\n\t\t\t\t<div class=\"elementor-widget-container\">\n\t\t\t\t\t\t\t<div class=\"elementor-spacer\">\n\t\t\t<div class=\"elementor-spacer-inner\"><\/div>\n\t\t<\/div>\n\t\t\t\t\t\t<\/div>\n\t\t\t\t<\/div>\n\t\t\t\t\t<\/div>\n\t\t<\/div>\n\t\t\t\t\t<\/div>\n\t\t<\/section>\n\t\t\t\t<\/div>\n\t\t","protected":false},"excerpt":{"rendered":"<p>Votre D\u00e9fenseur des Droits et de l&#8217;Acc\u00e8s \u00e0 la Justice Pour que vos droits soient respect\u00e9s, toujours. En tant que D\u00e9fenseur des droits et fournisseur d&#8217;aide juridique, ma mission est simple : veiller au respect de vos droits et libert\u00e9s et garantir l&#8217;\u00e9galit\u00e9 de tous face \u00e0 la loi et [&hellip;]<\/p>\n","protected":false},"author":1,"featured_media":0,"parent":3165,"menu_order":0,"comment_status":"closed","ping_status":"closed","template":"","meta":{"footnotes":""},"class_list":["post-3005","page","type-page","status-publish","hentry"],"_links":{"self":[{"href":"https:\/\/naghmouche.com\/index.php?rest_route=\/wp\/v2\/pages\/3005","targetHints":{"allow":["GET"]}}],"collection":[{"href":"https:\/\/naghmouche.com\/index.php?rest_route=\/wp\/v2\/pages"}],"about":[{"href":"https:\/\/naghmouche.com\/index.php?rest_route=\/wp\/v2\/types\/page"}],"author":[{"embeddable":true,"href":"https:\/\/naghmouche.com\/index.php?rest_route=\/wp\/v2\/users\/1"}],"replies":[{"embeddable":true,"href":"https:\/\/naghmouche.com\/index.php?rest_route=%2Fwp%2Fv2%2Fcomments&post=3005"}],"version-history":[{"count":14,"href":"https:\/\/naghmouche.com\/index.php?rest_route=\/wp\/v2\/pages\/3005\/revisions"}],"predecessor-version":[{"id":4407,"href":"https:\/\/naghmouche.com\/index.php?rest_route=\/wp\/v2\/pages\/3005\/revisions\/4407"}],"up":[{"embeddable":true,"href":"https:\/\/naghmouche.com\/index.php?rest_route=\/wp\/v2\/pages\/3165"}],"wp:attachment":[{"href":"https:\/\/naghmouche.com\/index.php?rest_route=%2Fwp%2Fv2%2Fmedia&parent=3005"}],"curies":[{"name":"wp","href":"https:\/\/api.w.org\/{rel}","templated":true}]}}