{"id":2980,"date":"2024-12-24T11:29:16","date_gmt":"2024-12-24T11:29:16","guid":{"rendered":"https:\/\/naghmouche.com\/?page_id=2980"},"modified":"2025-11-17T16:59:37","modified_gmt":"2025-11-17T16:59:37","slug":"videos-et-photos","status":"publish","type":"page","link":"https:\/\/naghmouche.com\/?page_id=2980","title":{"rendered":"Vid\u00e9os et photos"},"content":{"rendered":"\t\t<div data-elementor-type=\"wp-page\" data-elementor-id=\"2980\" class=\"elementor elementor-2980\">\n\t\t\t\t\t\t<section class=\"elementor-section elementor-top-section elementor-element elementor-element-dc283b9 elementor-section-full_width elementor-section-stretched elementor-section-height-default elementor-section-height-default\" data-id=\"dc283b9\" data-element_type=\"section\" data-e-type=\"section\" data-settings=\"{&quot;stretch_section&quot;:&quot;section-stretched&quot;}\">\n\t\t\t\t\t\t<div class=\"elementor-container elementor-column-gap-no\">\n\t\t\t\t\t<div class=\"elementor-column elementor-col-100 elementor-top-column elementor-element elementor-element-f623a15\" data-id=\"f623a15\" data-element_type=\"column\" data-e-type=\"column\">\n\t\t\t<div class=\"elementor-widget-wrap elementor-element-populated\">\n\t\t\t\t\t\t<div class=\"elementor-element elementor-element-bc3b212 elementor-widget elementor-widget-campaign_grid\" data-id=\"bc3b212\" data-element_type=\"widget\" data-e-type=\"widget\" data-widget_type=\"campaign_grid.default\">\n\t\t\t\t<div class=\"elementor-widget-container\">\n\t\t\t\t\t\n\n    <section class=\"hm2-operation-section\">\n\t\t<div class=\"auto-container\"><div class=\"heading\"><p>CAUSES D'URGENCE DANS LE MONDE ENTIER<\/p><h2>Campagnes de volontaires<\/h2>\n\t\t\t<\/div>\n\t\t\t\n            <div class=\"row clearfix\">\t\n\t\t\t\t\n\t\t\t\t\t\t\t\t<div class=\"hm2-operate-block col-lg-4 col-md-6 col-sm-12\">\n\t\t\t\t\t\t\t\t\t<div class=\"inner-box\">\n\t\t\t\t\t\t\t\t\t\t<div class=\"image\">\n\t\t\t\t\t\t\t\t\t\t\t<a href=\"https:\/\/naghmouche.com\/?campaign=powering-change-your-donation-shapes-our-future-2\"><img decoding=\"async\" src=\"https:\/\/naghmouche.com\/wp-content\/uploads\/bfi_thumb\/photo1-rexklqjoca3x2qdyo03bulbfd9atcu26lh86pntep4.jpg\" alt=\"Donation Campaign\" \/><\/a>\n\t\t\t\t\t\t\t\t\t\t<\/div>\n\t\t\t\t\t\t\t\t\t\t<div class=\"lower-content\">\n\t\t\t\t\t\t\t\t\t\t\t<div class=\"post-date\">La campagne est termin\u00e9e<\/div>\n\t\t\t\t\t\t\t\t\t\t\t<h4><a href=\"https:\/\/naghmouche.com\/?campaign=powering-change-your-donation-shapes-our-future-2\">Alimenter le changement : votre don fa\u00e7onne notre avenir<\/a><\/h4>\n\t\t\t\t\t\t\t\t\t\t\t<div class=\"post-info\">&#36;1,250.00 <span><i class=\"icon fa fa-heart\"><\/i>Donation Raised<\/span><\/div>\n\t\t\t\t\t\t\t\t\t\t<\/div>\n\t\t\t\t\t\t\t\t\t<\/div>\n\t\t\t\t\t\t\t\t<\/div>\t\n\t\t\t\t\n\t\t\t\t\t\t\t\t<div class=\"hm2-operate-block col-lg-4 col-md-6 col-sm-12\">\n\t\t\t\t\t\t\t\t\t<div class=\"inner-box\">\n\t\t\t\t\t\t\t\t\t\t<div class=\"image\">\n\t\t\t\t\t\t\t\t\t\t\t<a href=\"https:\/\/naghmouche.com\/?campaign=fueling-democracy-contribute-to-campaign-today\"><img decoding=\"async\" src=\"https:\/\/naghmouche.com\/wp-content\/uploads\/bfi_thumb\/photo2-rexklqjoca3x2qdyo03bulbfd9atcu26lh86pntep4.jpg\" alt=\"Donation Campaign\" \/><\/a>\n\t\t\t\t\t\t\t\t\t\t<\/div>\n\t\t\t\t\t\t\t\t\t\t<div class=\"lower-content\">\n\t\t\t\t\t\t\t\t\t\t\t<div class=\"post-date\">La campagne est termin\u00e9e<\/div>\n\t\t\t\t\t\t\t\t\t\t\t<h4><a href=\"https:\/\/naghmouche.com\/?campaign=fueling-democracy-contribute-to-campaign-today\">Alimenter la d\u00e9mocratie\u00a0: contribuez \u00e0 la campagne d\u00e8s aujourd&#8217;hui<\/a><\/h4>\n\t\t\t\t\t\t\t\t\t\t\t<div class=\"post-info\">&#36;1,750.00 <span><i class=\"icon fa fa-heart\"><\/i>Donation Raised<\/span><\/div>\n\t\t\t\t\t\t\t\t\t\t<\/div>\n\t\t\t\t\t\t\t\t\t<\/div>\n\t\t\t\t\t\t\t\t<\/div>\t\n\t\t\t\t\n\t\t\t\t\t\t\t\t<div class=\"hm2-operate-block col-lg-4 col-md-6 col-sm-12\">\n\t\t\t\t\t\t\t\t\t<div class=\"inner-box\">\n\t\t\t\t\t\t\t\t\t\t<div class=\"image\">\n\t\t\t\t\t\t\t\t\t\t\t<a href=\"https:\/\/naghmouche.com\/?campaign=championing-values-join-the-donor-circle-for-elections\"><img decoding=\"async\" src=\"https:\/\/naghmouche.com\/wp-content\/uploads\/bfi_thumb\/photo3-rexklqjoca3x2qdyo03bulbfd9atcu26lh86pntep4.jpg\" alt=\"Donation Campaign\" \/><\/a>\n\t\t\t\t\t\t\t\t\t\t<\/div>\n\t\t\t\t\t\t\t\t\t\t<div class=\"lower-content\">\n\t\t\t\t\t\t\t\t\t\t\t<div class=\"post-date\">La campagne est termin\u00e9e<\/div>\n\t\t\t\t\t\t\t\t\t\t\t<h4><a href=\"https:\/\/naghmouche.com\/?campaign=championing-values-join-the-donor-circle-for-elections\">D\u00e9fendre les valeurs\u00a0: rejoignez le cercle des donateurs pour les \u00e9lections<\/a><\/h4>\n\t\t\t\t\t\t\t\t\t\t\t<div class=\"post-info\">&#36;1,350.00 <span><i class=\"icon fa fa-heart\"><\/i>Donation Raised<\/span><\/div>\n\t\t\t\t\t\t\t\t\t\t<\/div>\n\t\t\t\t\t\t\t\t\t<\/div>\n\t\t\t\t\t\t\t\t<\/div><\/div><div class=\"lower-text\"><\/div>\n\t\t<\/div>\n\t<\/section>\t\t\t\t<\/div>\n\t\t\t\t<\/div>\n\t\t\t\t\t<\/div>\n\t\t<\/div>\n\t\t\t\t\t<\/div>\n\t\t<\/section>\n\t\t\t\t<section class=\"elementor-section elementor-top-section elementor-element elementor-element-b2a4b4e elementor-section-full_width elementor-section-stretched elementor-section-height-default elementor-section-height-default\" data-id=\"b2a4b4e\" data-element_type=\"section\" data-e-type=\"section\" data-settings=\"{&quot;stretch_section&quot;:&quot;section-stretched&quot;,&quot;background_background&quot;:&quot;classic&quot;}\">\n\t\t\t\t\t\t<div class=\"elementor-container elementor-column-gap-no\">\n\t\t\t\t\t<div class=\"elementor-column elementor-col-100 elementor-top-column elementor-element elementor-element-7b8641c\" data-id=\"7b8641c\" data-element_type=\"column\" data-e-type=\"column\">\n\t\t\t<div class=\"elementor-widget-wrap elementor-element-populated\">\n\t\t\t\t\t\t<div class=\"elementor-element elementor-element-239927d elementor-widget elementor-widget-blazIntroboxes\" data-id=\"239927d\" data-element_type=\"widget\" data-e-type=\"widget\" data-widget_type=\"blazIntroboxes.default\">\n\t\t\t\t<div class=\"elementor-widget-container\">\n\t\t\t\t\t\n\t\n\t<section class=\"gap\">\n\t\t<div class=\"container\">\n\t\t\t<div class=\"row\">\n\t\t\t\n\t\t\t\t\t\t<div class=\"col-lg-4 col-md-6\">\n\t\t\t\t\t\t\t<div class=\"rescue-mission\">\n\t\t\t\t\t\t\t\t<figure>\n\t\t\t\t\t\t\t\t\t<img decoding=\"async\" alt=\"Manifeste Parti\" class=\"w-100\" src=\"https:\/\/naghmouche.com\/wp-content\/uploads\/2025\/01\/03.jpg\">\n\t\t\t\t\t\t\t\t<\/figure>\n\t\t\t\t\t\t\t\t<div class=\"rescue-data\">\n\t\t\t\t\t\t\t\t\t<div class=\"mission\"><\/div>\n\t\t\t\t\t\t\t\t\t\t<figure>\n\t\t\t\t\t\t\t\t\t\t\t<img decoding=\"async\" alt=\"Manifeste Parti\"  src=\"https:\/\/naghmouche.com\/wp-content\/plugins\/ingeniofy\/elementor-widgets\/widgets_classes\/..\/..\/assets\/images\/rescue-icon-1.png\">\n\t\t\t\t\t\t\t\t\t\t<\/figure>\n\t\t\t\t\t\t\t\t\t<h3><a href=\"#\">Manifeste Parti<\/a><\/h3>\n\t\t\t\t\t\t\t\t\t<p>Lorem ipsum dolor sit amet, conse ctetur adipiscing eiusmod tempor li incididun<\/p>\n\t\t\t\t\t\t\t\t\t<a href=\"#\">Lire la suite<\/a>\n\t\t\t\t\t\t\t\t<\/div>\n\t\t\t\t\t\t\t<\/div>\n\t\t\t\t\t\t<\/div>\n\t\t\t\n\t\t\t\t\t\t<div class=\"col-lg-4 col-md-6\">\n\t\t\t\t\t\t\t<div class=\"rescue-mission\">\n\t\t\t\t\t\t\t\t<figure>\n\t\t\t\t\t\t\t\t\t<img decoding=\"async\" alt=\"S'inscrire Voter\" class=\"w-100\" src=\"https:\/\/naghmouche.com\/wp-content\/uploads\/2025\/01\/03-img.jpg\">\n\t\t\t\t\t\t\t\t<\/figure>\n\t\t\t\t\t\t\t\t<div class=\"rescue-data\">\n\t\t\t\t\t\t\t\t\t<div class=\"mission\"><\/div>\n\t\t\t\t\t\t\t\t\t\t<figure>\n\t\t\t\t\t\t\t\t\t\t\t<img decoding=\"async\" alt=\"S'inscrire Voter\"  src=\"https:\/\/naghmouche.com\/wp-content\/uploads\/2024\/12\/rescue-icon-2.png\">\n\t\t\t\t\t\t\t\t\t\t<\/figure>\n\t\t\t\t\t\t\t\t\t<h3><a href=\"#\">S'inscrire Voter<\/a><\/h3>\n\t\t\t\t\t\t\t\t\t<p>Lorem ipsum dolor sit amet, conse ctetur adipiscing eiusmod tempor li incididun<\/p>\n\t\t\t\t\t\t\t\t\t<a href=\"#\">Inscrivez-vous<\/a>\n\t\t\t\t\t\t\t\t<\/div>\n\t\t\t\t\t\t\t<\/div>\n\t\t\t\t\t\t<\/div>\n\t\t\t\n\t\t\t\t\t\t<div class=\"col-lg-4 col-md-6\">\n\t\t\t\t\t\t\t<div class=\"rescue-mission\">\n\t\t\t\t\t\t\t\t<figure>\n\t\t\t\t\t\t\t\t\t<img decoding=\"async\" alt=\"Rejoignez-Nous\" class=\"w-100\" src=\"https:\/\/naghmouche.com\/wp-content\/uploads\/2025\/01\/57.jpg\">\n\t\t\t\t\t\t\t\t<\/figure>\n\t\t\t\t\t\t\t\t<div class=\"rescue-data\">\n\t\t\t\t\t\t\t\t\t<div class=\"mission\"><\/div>\n\t\t\t\t\t\t\t\t\t\t<figure>\n\t\t\t\t\t\t\t\t\t\t\t<img decoding=\"async\" alt=\"Rejoignez-Nous\"  src=\"https:\/\/naghmouche.com\/wp-content\/uploads\/2024\/12\/rescue-icon-3.png\">\n\t\t\t\t\t\t\t\t\t\t<\/figure>\n\t\t\t\t\t\t\t\t\t<h3><a href=\"#\">Rejoignez-Nous<\/a><\/h3>\n\t\t\t\t\t\t\t\t\t<p>Lorem ipsum dolor sit amet, conse ctetur adipiscing eiusmod tempor li incididun<\/p>\n\t\t\t\t\t\t\t\t\t<a href=\"#\">Rejoignez-nous<\/a>\n\t\t\t\t\t\t\t\t<\/div>\n\t\t\t\t\t\t\t<\/div>\n\t\t\t\t\t\t<\/div>\n\t\t\t<\/div>\n\t\t<\/div>\n\t<\/section>\t\t\t\t<\/div>\n\t\t\t\t<\/div>\n\t\t\t\t\t<\/div>\n\t\t<\/div>\n\t\t\t\t\t<\/div>\n\t\t<\/section>\n\t\t\t\t<section class=\"elementor-section elementor-top-section elementor-element elementor-element-ab1cd52 elementor-section-full_width elementor-section-stretched elementor-section-height-default elementor-section-height-default\" data-id=\"ab1cd52\" data-element_type=\"section\" data-e-type=\"section\" data-settings=\"{&quot;stretch_section&quot;:&quot;section-stretched&quot;}\">\n\t\t\t\t\t\t<div class=\"elementor-container elementor-column-gap-no\">\n\t\t\t\t\t<div class=\"elementor-column elementor-col-100 elementor-top-column elementor-element elementor-element-af43a95\" data-id=\"af43a95\" data-element_type=\"column\" data-e-type=\"column\">\n\t\t\t<div class=\"elementor-widget-wrap elementor-element-populated\">\n\t\t\t\t\t\t<div class=\"elementor-element elementor-element-de3b61b elementor-widget elementor-widget-safety_cta\" data-id=\"de3b61b\" data-element_type=\"widget\" data-e-type=\"widget\" data-widget_type=\"safety_cta.default\">\n\t\t\t\t<div class=\"elementor-widget-container\">\n\t\t\t\t\t\n\n\t\t<section class=\"hm2-safety-section\">\n\t\t\t<div class=\"auto-container\">\n\t\t\t\t<!-- hm2 Sec Title -->\n\t\t\t\t<div class=\"title-box centered train-with\">\n\t\t\t\t\t\t\t\t\t\t\t<div class=\"title\">D\u00e9fendez vos droits, votez pour l'\u00e9galit\u00e9<\/div>\n\t\t\t\t\t\t\t\t\t\t\t\t\t\t\t\t<h3>D\u00e9fendre vos droits et garantir l'\u00e9galit\u00e9 des droits. Favoriser le changement pour un avenir meilleur. Votons maintenant. <br \/>Inscriptions ouvertes.<\/h3>\n\t\t\t\t\t\t\t\t\t\t\t\t\t\t\t\t<a   href=\"https:\/\/naghmouche.com\/?page_id=436\" class=\"button-style\">Inscription<\/a>\n\t\t\t\t\t\t\t\t\t<\/div>\n\t\t\t<\/div>\n\n\t\t\t\t\t<\/section>\n\n\t\t\t\t<\/div>\n\t\t\t\t<\/div>\n\t\t\t\t\t<\/div>\n\t\t<\/div>\n\t\t\t\t\t<\/div>\n\t\t<\/section>\n\t\t\t\t<section class=\"elementor-section elementor-top-section elementor-element elementor-element-0014ecc elementor-section-full_width elementor-section-stretched elementor-section-height-default elementor-section-height-default\" data-id=\"0014ecc\" data-element_type=\"section\" data-e-type=\"section\" data-settings=\"{&quot;stretch_section&quot;:&quot;section-stretched&quot;,&quot;background_background&quot;:&quot;classic&quot;}\">\n\t\t\t\t\t\t<div class=\"elementor-container elementor-column-gap-no\">\n\t\t\t\t\t<div class=\"elementor-column elementor-col-100 elementor-top-column elementor-element elementor-element-83b97ad\" data-id=\"83b97ad\" data-element_type=\"column\" data-e-type=\"column\">\n\t\t\t<div class=\"elementor-widget-wrap elementor-element-populated\">\n\t\t\t\t\t\t<div class=\"elementor-element elementor-element-a898b05 elementor-widget elementor-widget-blog_grid_simple\" data-id=\"a898b05\" data-element_type=\"widget\" data-e-type=\"widget\" data-widget_type=\"blog_grid_simple.default\">\n\t\t\t\t<div class=\"elementor-widget-container\">\n\t\t\t\t\t\n   \n   <!-- hm2 News Section -->\n    <section class=\"hm2-news-section\">\n\t\t<div class=\"auto-container\"><div class=\"heading\"><p>Articles distingu\u00e9s dans le monde entier<\/p><h2>Actualit\u00e9s et articles du parti politique<\/h2>\n\t\t\t<\/div>\n            <div class=\"row clearfix\">\n\t\t\t\t\t<div class=\"hm2-news-block col-lg-4 col-md-6 col-sm-12\">\n\t\t\t\t\t\t<div class=\"inner-box\">\n\t\t\t\t\t\t\t<div class=\"post-date\">\n\t\t\t\t\t\t\t\t<span>Avr<\/span>08\n\t\t\t\t\t\t\t<\/div>\n\t\t\t\t\t\t\t<h4><a href=\"https:\/\/naghmouche.com\/?p=219\">\u0644\u0642\u0627\u0621 \u0631\u0633\u0645\u064a \u0641\u064a \u0628\u0644\u062f\u064a\u0629 \u0628\u064a\u0632\u0648\u0646<\/a><\/h4>\n\t\t\t\t\t\t\t<div class=\"text\">8 \u0623\u0641\u0631\u064a\u0644 2025 | \u0644\u0642\u0627\u0621 \u0631\u0633\u0645\u064a \u0641\u064a \u0628\u0644\u062f\u064a\u0629 \u0628\u064a\u0632\u0648\u0646\u062a\u0634\u0631\u0641\u062a \u0643\u0631\u0626\u064a\u0633 \u0645\u0646\u0638\u0645\u0629 \u0627\u0644\u062a\u0636\u0627\u0645\u0646 \u0648\u0627\u0644\u0625\u0646\u0633\u0627\u0646\u064a\u0629 \u0627\u0644\u062f\u0648\u0644\u064a\u0629 (OSHI)\u060c...<\/div>\n\t\t\t\t\t\t\t<ul class=\"post-meta\">\n\t\t\t\t\t\t\t\t<li><a href=\"https:\/\/naghmouche.com\/?p=219\"><span class=\"icon fa fa-user\"><\/span>\u0634\u0632\u064a\u0644 \u0639\u062b\u0645\u0627\u0646 \u0646\u063a\u0645\u0648\u0634<\/a><\/li>\n\t\t\t\t\t\t\t\t<li><a href=\"https:\/\/naghmouche.com\/?author=2\"><span class=\"icon fa fa-comment\"><\/span>5 Comments<\/a><\/li>\n\t\t\t\t\t\t\t<\/ul>\n\t\t\t\t\t\t<\/div>\n\t\t\t\t\t<\/div>\n\t\t\t\t\t<div class=\"hm2-news-block col-lg-4 col-md-6 col-sm-12\">\n\t\t\t\t\t\t<div class=\"inner-box\">\n\t\t\t\t\t\t\t<div class=\"post-date\">\n\t\t\t\t\t\t\t\t<span>Avr<\/span>08\n\t\t\t\t\t\t\t<\/div>\n\t\t\t\t\t\t\t<h4><a href=\"https:\/\/naghmouche.com\/?p=218\">\u0645\u062f\u0627\u062e\u0644\u0629 \u062d\u0648\u0644 \u0645\u0633\u062a\u0642\u0628\u0644 \u0627\u0644\u064a\u0645\u0646 \u2013 \u0645\u062c\u0644\u0633 \u0627\u0644\u0634\u064a\u0648\u062e  Palais du Luxembourg<\/a><\/h4>\n\t\t\t\t\t\t\t<div class=\"text\">\u0641\u064a \u0625\u0637\u0627\u0631 \u0627\u0644\u0646\u062f\u0648\u0629 \u0627\u0644\u062a\u064a \u0627\u0646\u0639\u0642\u062f\u062a \u0628\u0645\u062c\u0644\u0633 \u0627\u0644\u0634\u064a\u0648\u062e \u0642\u0635\u0631 \u0644\u064a\u0643\u0633\u0645\u0628\u0648\u0631\u063a\u0628\u0641\u0631\u0646\u0633\u0627 \u062d\u0648\u0644 \u0645\u0633\u062a\u0642\u0628\u0644 \u0627\u0644\u064a\u0645\u0646\u060c \u0628\u062d\u0636\u0648\u0631 \u0648\u0632\u064a\u0631 \u0627\u0644\u0627\u0642\u062a\u0635\u0627\u062f...<\/div>\n\t\t\t\t\t\t\t<ul class=\"post-meta\">\n\t\t\t\t\t\t\t\t<li><a href=\"https:\/\/naghmouche.com\/?p=218\"><span class=\"icon fa fa-user\"><\/span>\u0634\u0632\u064a\u0644 \u0639\u062b\u0645\u0627\u0646 \u0646\u063a\u0645\u0648\u0634<\/a><\/li>\n\t\t\t\t\t\t\t\t<li><a href=\"https:\/\/naghmouche.com\/?author=2\"><span class=\"icon fa fa-comment\"><\/span>2 Comments<\/a><\/li>\n\t\t\t\t\t\t\t<\/ul>\n\t\t\t\t\t\t<\/div>\n\t\t\t\t\t<\/div>\n\t\t\t\t\t<div class=\"hm2-news-block col-lg-4 col-md-6 col-sm-12\">\n\t\t\t\t\t\t<div class=\"inner-box\">\n\t\t\t\t\t\t\t<div class=\"post-date\">\n\t\t\t\t\t\t\t\t<span>Mar<\/span>23\n\t\t\t\t\t\t\t<\/div>\n\t\t\t\t\t\t\t<h4><a href=\"https:\/\/naghmouche.com\/?p=216\">\u0645\u0646\u0627\u0633\u0628\u0629 \u0630\u0643\u0631\u0649 \u0639\u064a\u062f \u0627\u0644\u0646\u0635\u0631 19 \u0645\u0627\u0631\u0633  1962<\/a><\/h4>\n\t\t\t\t\t\t\t<div class=\"text\">\ud83d\udfe2 \u0628\u0645\u0646\u0627\u0633\u0628\u0629 \u0630\u0643\u0631\u0649 \u0639\u064a\u062f \u0627\u0644\u0646\u0635\u0631 19 \u0645\u0627\u0631\u0633 1962 \ud83c\udde9\ud83c\uddff \u0648 \u062a\u062d\u062a \u0625\u0634\u0631\u0627\u0641 \u0627\u0644\u0633\u064a\u062f \u0646\u063a\u0645\u0648\u0634 \u0634\u0632\u064a\u0644...<\/div>\n\t\t\t\t\t\t\t<ul class=\"post-meta\">\n\t\t\t\t\t\t\t\t<li><a href=\"https:\/\/naghmouche.com\/?p=216\"><span class=\"icon fa fa-user\"><\/span>\u0634\u0632\u064a\u0644 \u0639\u062b\u0645\u0627\u0646 \u0646\u063a\u0645\u0648\u0634<\/a><\/li>\n\t\t\t\t\t\t\t\t<li><a href=\"https:\/\/naghmouche.com\/?author=2\"><span class=\"icon fa fa-comment\"><\/span>5 Comments<\/a><\/li>\n\t\t\t\t\t\t\t<\/ul>\n\t\t\t\t\t\t<\/div>\n\t\t\t\t\t<\/div>\n\t\t\t<\/div>\n\t\t\t\n\t\t\t<div class=\"lower-text\"><p>Causes d'urgence dans le monde entier. D\u00e9couvrez d'<a href=\"https:\/\/naghmouche.com\/?page_id=425\">autres op\u00e9rations<\/a>.<\/p>\n<\/div>\n\t\t\t\n\t\t<\/div>\n\t<\/section>\t\t\t\t<\/div>\n\t\t\t\t<\/div>\n\t\t\t\t\t<\/div>\n\t\t<\/div>\n\t\t\t\t\t<\/div>\n\t\t<\/section>\n\t\t\t\t<\/div>\n\t\t","protected":false},"excerpt":{"rendered":"<p>CAUSES D&#8217;URGENCE DANS LE MONDE ENTIER Campagnes de volontaires 46 jours restants Alimenter le changement : votre don fa\u00e7onne notre avenir &#36;1,250.00 Donation Raised 45 jours restants Alimenter la d\u00e9mocratie\u00a0: contribuez \u00e0 la campagne d\u00e8s aujourd&#8217;hui &#36;1,750.00 Donation Raised 43 jours restants D\u00e9fendre les valeurs\u00a0: rejoignez le cercle des donateurs [&hellip;]<\/p>\n","protected":false},"author":1,"featured_media":0,"parent":0,"menu_order":0,"comment_status":"closed","ping_status":"closed","template":"","meta":{"footnotes":""},"class_list":["post-2980","page","type-page","status-publish","hentry"],"_links":{"self":[{"href":"https:\/\/naghmouche.com\/index.php?rest_route=\/wp\/v2\/pages\/2980","targetHints":{"allow":["GET"]}}],"collection":[{"href":"https:\/\/naghmouche.com\/index.php?rest_route=\/wp\/v2\/pages"}],"about":[{"href":"https:\/\/naghmouche.com\/index.php?rest_route=\/wp\/v2\/types\/page"}],"author":[{"embeddable":true,"href":"https:\/\/naghmouche.com\/index.php?rest_route=\/wp\/v2\/users\/1"}],"replies":[{"embeddable":true,"href":"https:\/\/naghmouche.com\/index.php?rest_route=%2Fwp%2Fv2%2Fcomments&post=2980"}],"version-history":[{"count":8,"href":"https:\/\/naghmouche.com\/index.php?rest_route=\/wp\/v2\/pages\/2980\/revisions"}],"predecessor-version":[{"id":4273,"href":"https:\/\/naghmouche.com\/index.php?rest_route=\/wp\/v2\/pages\/2980\/revisions\/4273"}],"wp:attachment":[{"href":"https:\/\/naghmouche.com\/index.php?rest_route=%2Fwp%2Fv2%2Fmedia&parent=2980"}],"curies":[{"name":"wp","href":"https:\/\/api.w.org\/{rel}","templated":true}]}}