{"id":2975,"date":"2024-12-24T11:15:48","date_gmt":"2024-12-24T11:15:48","guid":{"rendered":"https:\/\/naghmouche.com\/?page_id=2975"},"modified":"2025-11-17T16:57:28","modified_gmt":"2025-11-17T16:57:28","slug":"articles","status":"publish","type":"page","link":"https:\/\/naghmouche.com\/?page_id=2975","title":{"rendered":"Articles"},"content":{"rendered":"\t\t<div data-elementor-type=\"wp-page\" data-elementor-id=\"2975\" class=\"elementor elementor-2975\">\n\t\t\t\t\t\t<section class=\"elementor-section elementor-top-section elementor-element elementor-element-d3f7310 elementor-section-full_width elementor-section-stretched elementor-section-height-default elementor-section-height-default\" data-id=\"d3f7310\" data-element_type=\"section\" data-e-type=\"section\" data-settings=\"{&quot;stretch_section&quot;:&quot;section-stretched&quot;}\">\n\t\t\t\t\t\t<div class=\"elementor-container elementor-column-gap-no\">\n\t\t\t\t\t<div class=\"elementor-column elementor-col-100 elementor-top-column elementor-element elementor-element-e1fc219\" data-id=\"e1fc219\" data-element_type=\"column\" data-e-type=\"column\">\n\t\t\t<div class=\"elementor-widget-wrap elementor-element-populated\">\n\t\t\t\t\t\t<div class=\"elementor-element elementor-element-a0ac972 elementor-widget elementor-widget-news_grid\" data-id=\"a0ac972\" data-element_type=\"widget\" data-e-type=\"widget\" data-widget_type=\"news_grid.default\">\n\t\t\t\t<div class=\"elementor-widget-container\">\n\t\t\t\t\t\n   \n\t<section class=\"gap\">\n    \t<div class=\"container\">\n    \t\t<div class=\"heading\"><p>Publications r\u00e9centes<\/p><h2>Articles publi\u00e9s<\/h2><\/div>\n    \t\t<div class=\"row\">\n\t\t\t\t\t\t\t\n\t\t\t\t\t\t\t<div class=\"col-lg-5\">\n\t\t\t\t\t\t\t\t<div class=\"news-blog\">\t\n\t\t\t\t\t\t\t\t<img decoding=\"async\" alt=\"blog-img\" src=\"https:\/\/naghmouche.com\/wp-content\/uploads\/bfi_thumb\/489667490_1211729870952696_7685183001675968080_n-rexklub2z5kn0i3mdnw4k8wjdoq8qzrlrhc4ljnvr4.jpg\" alt=\"Featured Image\">\n\t\t\t\t\t\t\t\t\t<h6>08<span>Avr, 2025<\/span><\/h6><div class = \"news-meta\"><p>\u0627\u0644\u0625\u0646\u0633\u0627\u0646\u064a\u0629<\/p>\n\t\t\t\t\t\t\t\t\t\t<h3><a href=\"https:\/\/naghmouche.com\/?p=219\">\u0644\u0642\u0627\u0621 \u0631\u0633\u0645\u064a \u0641\u064a \u0628\u0644\u062f\u064a\u0629 \u0628\u064a\u0632\u0648\u0646<\/a><\/h3>\n\t\t\t\t\t\t\t\t\t\t<div class=\"blog-img-news\"><img alt='' src='https:\/\/secure.gravatar.com\/avatar\/264e53d93759bde067fd01ef2698f98d1253c730d12f021116f02eebcfa9ace6?s=60&#038;d=mm&#038;r=g' srcset='https:\/\/secure.gravatar.com\/avatar\/264e53d93759bde067fd01ef2698f98d1253c730d12f021116f02eebcfa9ace6?s=120&#038;d=mm&#038;r=g 2x' class='avatar avatar-60 photo wt-author-img' height='60' width='60' \/><span><a href=\"https:\/\/naghmouche.com\/?author=2\" title=\"\">by \u0634\u0632\u064a\u0644 \u0639\u062b\u0645\u0627\u0646 \u0646\u063a\u0645\u0648\u0634<\/a><\/span>\n\t\t\t\t\t\t\t\t\t\t<\/div><\/div>\n\t\t\t\t\t\t\t\t<\/div>\n\t\t\t\t\t\t\t<\/div>\n\t\t\t\t\t\t\t\n\t\t\t\t\t\t\t<div class=\"col-lg-7\">\n\t\t\t\t\t\t\t\t<div class=\"row\">\n\t\t\t\t\t\t\t\t\t<div class=\"col-lg-6\">\n\t\t\t\t\t\t\t\t\t\t<div class=\"news-blog\">\n\t\t\t\t\t\t\t\t\t\t<img decoding=\"async\" alt=\"blog-img\" src=\"https:\/\/naghmouche.com\/wp-content\/uploads\/bfi_thumb\/489695601_1210467974412219_482142142955252450_n-rexklrhiacedg0la3l9otjz82937uw3pu1cwl0wjr4.jpg\" alt=\"Featured Image\">\n\t\t\t\t\t\t\t\t\t\t\t<h6>08<span>Avr, 2025<\/span><\/h6><p>\u0627\u0644\u062a\u0636\u0627\u0645\u0646<\/p>\n\t\t\t\t\t\t\t\t\t\t\t\t<h3><a href=\"https:\/\/naghmouche.com\/?p=218\">\u0645\u062f\u0627\u062e\u0644\u0629 \u062d\u0648\u0644 \u0645\u0633\u062a\u0642\u0628\u0644 \u0627\u0644\u064a\u0645\u0646 \u2013 \u0645\u062c\u0644\u0633...<\/a><\/h3>\n\t\t\t\t\t\t\t\t\t\t\t\t<div class=\"blog-img-news\"><img alt='' src='https:\/\/secure.gravatar.com\/avatar\/264e53d93759bde067fd01ef2698f98d1253c730d12f021116f02eebcfa9ace6?s=60&#038;d=mm&#038;r=g' srcset='https:\/\/secure.gravatar.com\/avatar\/264e53d93759bde067fd01ef2698f98d1253c730d12f021116f02eebcfa9ace6?s=120&#038;d=mm&#038;r=g 2x' class='avatar avatar-60 photo wt-author-img' height='60' width='60' \/><span><a href=\"https:\/\/naghmouche.com\/?author=2\" title=\"\">by \u0634\u0632\u064a\u0644 \u0639\u062b\u0645\u0627\u0646 \u0646\u063a\u0645\u0648\u0634<\/a><\/span>\n\t\t\t\t\t\t\t\t\t\t\t\t<\/div>\n\t\t\t\t\t\t\t\t\t\t<\/div>\n\t\t\t\t\t\t\t\t\t<\/div>\n\t\t\t\t\t\t\t\t\t<div class=\"col-lg-6\">\n\t\t\t\t\t\t\t\t\t\t<div class=\"news-blog\">\n\t\t\t\t\t\t\t\t\t\t<img decoding=\"async\" alt=\"blog-img\" src=\"https:\/\/naghmouche.com\/wp-content\/uploads\/bfi_thumb\/485834740_1195271382598545_8451323133147433963_n-rexklrhiacedg0la3l9otjz82937uw3pu1cwl0wjr4.jpg\" alt=\"Featured Image\">\n\t\t\t\t\t\t\t\t\t\t\t<h6>23<span>Mar, 2025<\/span><\/h6><p>\u0627\u0644\u0625\u0646\u0633\u0627\u0646\u064a\u0629<\/p>\n\t\t\t\t\t\t\t\t\t\t\t\t<h3><a href=\"https:\/\/naghmouche.com\/?p=216\">\u0645\u0646\u0627\u0633\u0628\u0629 \u0630\u0643\u0631\u0649 \u0639\u064a\u062f \u0627\u0644\u0646\u0635\u0631 19 \u0645\u0627\u0631\u0633...<\/a><\/h3>\n\t\t\t\t\t\t\t\t\t\t\t\t<div class=\"blog-img-news\"><img alt='' src='https:\/\/secure.gravatar.com\/avatar\/264e53d93759bde067fd01ef2698f98d1253c730d12f021116f02eebcfa9ace6?s=60&#038;d=mm&#038;r=g' srcset='https:\/\/secure.gravatar.com\/avatar\/264e53d93759bde067fd01ef2698f98d1253c730d12f021116f02eebcfa9ace6?s=120&#038;d=mm&#038;r=g 2x' class='avatar avatar-60 photo wt-author-img' height='60' width='60' \/><span><a href=\"https:\/\/naghmouche.com\/?author=2\" title=\"\">by \u0634\u0632\u064a\u0644 \u0639\u062b\u0645\u0627\u0646 \u0646\u063a\u0645\u0648\u0634<\/a><\/span>\n\t\t\t\t\t\t\t\t\t\t\t\t<\/div>\n\t\t\t\t\t\t\t\t\t\t<\/div>\n\t\t\t\t\t\t\t\t\t<\/div>\n\t\t\t\t\t\t\t\t\t\t\n\t\t\t\t\t\t\t\t\t\t\t<\/div>\n\t\t\t\t\t\t\t\t\t\t<\/div>\t\n    \t\t\t<a href=\"https:\/\/naghmouche.com\/?page_id=425\" class=\"button-style fill\">Voir tous les articles<\/a>\t\n    \t\t<\/div>\n    \t<\/div>\n\t<\/section>\t\t\t\t<\/div>\n\t\t\t\t<\/div>\n\t\t\t\t\t<\/div>\n\t\t<\/div>\n\t\t\t\t\t<\/div>\n\t\t<\/section>\n\t\t\t\t<section class=\"elementor-section elementor-top-section elementor-element elementor-element-f874581 elementor-section-full_width elementor-section-stretched elementor-section-height-default elementor-section-height-default\" data-id=\"f874581\" data-element_type=\"section\" data-e-type=\"section\" data-settings=\"{&quot;stretch_section&quot;:&quot;section-stretched&quot;}\">\n\t\t\t\t\t\t<div class=\"elementor-container elementor-column-gap-no\">\n\t\t\t\t\t<div class=\"elementor-column elementor-col-100 elementor-top-column elementor-element elementor-element-2dc1ecb\" data-id=\"2dc1ecb\" data-element_type=\"column\" data-e-type=\"column\">\n\t\t\t<div class=\"elementor-widget-wrap elementor-element-populated\">\n\t\t\t\t\t\t<div class=\"elementor-element elementor-element-6f0abd7 elementor-widget elementor-widget-helpdesk-cta\" data-id=\"6f0abd7\" data-element_type=\"widget\" data-e-type=\"widget\" data-widget_type=\"helpdesk-cta.default\">\n\t\t\t\t<div class=\"elementor-widget-container\">\n\t\t\t\t\t\n\n    <section class=\"hm2-help-section\" style=\"background-image: url(https:\/\/naghmouche.com\/wp-content\/uploads\/2025\/01\/flag-02.jpg)\">\n      <div class=\"auto-container\">\n                  <div class=\"side-image\">\n            <img decoding=\"async\" src=\"https:\/\/naghmouche.com\/wp-content\/uploads\/2025\/01\/Mr-naghmouche-photo.png.png\" alt=\"\" \/>\n          <\/div>\n                <div class=\"row clearfix\">\n\n          <!-- Help Column -->\n          <div class=\"help-column col-lg-4 col-md-12 col-sm-12\">\n            <div class=\"inner-column\">\n                                          <div class=\"phone\">+33 663 017 108 <span><\/span><\/div>               <a href=\"mailto: contact@naghmouche.com\" class=\"email\">contact@naghmouche.com<\/a>               <a   href=\"https:\/\/naghmouche.com\/?page_id=436\" class=\"question\">Posez une question en ligne<\/a>             <\/div>\n          <\/div>\n\n          <!-- Content Column -->\n          <div class=\"content-column col-lg-8 col-md-12 col-sm-12\">\n            <div class=\"inner-column\">\n              <div class=\"title\">Entra\u00eenez-vous avec les meilleurs pour \u00eatre le meilleur<\/div>              <h2>VENEZ & NOUS REJOINDRE <span>En savoir plus sur nos plans et politiques du manifeste<\/span><\/h2>              <div class=\"text\">Nous vous proposons des actions pratiques, des conseils et des ressources pour vous pr\u00e9parer \u00e0 une gamme de sc\u00e9narios.<\/div>              <a   href=\"https:\/\/naghmouche.com\/?page_id=436\" class=\"button-style fill\">Rejoignez-nous<\/a>            <\/div>\n          <\/div>\n\n        <\/div>\n      <\/div>\n    <\/section>\n\n\t\t\t\t<\/div>\n\t\t\t\t<\/div>\n\t\t\t\t\t<\/div>\n\t\t<\/div>\n\t\t\t\t\t<\/div>\n\t\t<\/section>\n\t\t\t\t<section class=\"elementor-section elementor-top-section elementor-element elementor-element-a09ef15 elementor-section-full_width elementor-section-stretched elementor-section-height-default elementor-section-height-default\" data-id=\"a09ef15\" data-element_type=\"section\" data-e-type=\"section\" data-settings=\"{&quot;stretch_section&quot;:&quot;section-stretched&quot;}\">\n\t\t\t\t\t\t<div class=\"elementor-container elementor-column-gap-no\">\n\t\t\t\t\t<div class=\"elementor-column elementor-col-100 elementor-top-column elementor-element elementor-element-e581e24\" data-id=\"e581e24\" data-element_type=\"column\" data-e-type=\"column\">\n\t\t\t<div class=\"elementor-widget-wrap elementor-element-populated\">\n\t\t\t\t\t\t<div class=\"elementor-element elementor-element-afe2ddd elementor-widget elementor-widget-instagram-photos-gallery\" data-id=\"afe2ddd\" data-element_type=\"widget\" data-e-type=\"widget\" data-widget_type=\"instagram-photos-gallery.default\">\n\t\t\t\t<div class=\"elementor-widget-container\">\n\t\t\t\t\t\n\t\t<section class=\"gallery-img gap no-top\">\n\t\t\t<div class=\"container-fluid\">\n\t\t\t\t<div class=\"row\">\n\t\t\t\t\t<div class=\"col-lg-4 col-md-6\">\n\t\t\t\t\t\t<div class=\"gallery\">\n\t\t\t\t\t\t\t<figure>\n\t\t\t\t\t\t\t\t<img decoding=\"async\" src=\"https:\/\/naghmouche.com\/wp-content\/uploads\/2025\/01\/03.jpg\" alt=\"blog image\">\n\t\t\t\t\t\t\t\t<a data-fancybox=\"gallery\" href=\"https:\/\/naghmouche.com\/wp-content\/uploads\/2025\/01\/03.jpg\">\n\t\t\t\t\t\t\t\t\t<i class=\"fa fa-plus\"><\/i>\n\t\t\t\t\t\t\t\t<\/a>\n\n\t\t\t\t\t\t\t<\/figure>\n\t\t\t\t\t\t<\/div>\n\t\t\t\t\t<\/div>\n\t\t\t\t\t<div class=\"col-lg-8 col-md-6\">\n\t\t\t\t\t\t<div class=\"row\">\n\t\t\t\t\t\t\t<div class=\"col-lg-4 col-md-4\">\n\t\t\t\t\t\t\t\t<div class=\"gallery\">\n\t\t\t\t\t\t\t\t\t<figure>\n\t\t\t\t\t\t\t\t\t\t<img decoding=\"async\" src=\"https:\/\/naghmouche.com\/wp-content\/uploads\/2025\/01\/32.jpg\" alt=\"blog image\">\n\t\t\t\t\t\t\t\t\t\t<a data-fancybox=\"gallery\" href=\"https:\/\/naghmouche.com\/wp-content\/uploads\/2025\/01\/32.jpg\">\n\t\t\t\t\t\t\t\t\t\t\t<i class=\"fa fa-plus\"><\/i>\n\t\t\t\t\t\t\t\t\t\t<\/a>\n\n\t\t\t\t\t\t\t\t\t<\/figure>\n\t\t\t\t\t\t\t\t<\/div>\n\t\t\t\t\t\t\t<\/div>\n\t\t\t\t\t\t\t<div class=\"col-lg-4 col-md-4\">\n\t\t\t\t\t\t\t\t<div class=\"gallery\">\n\t\t\t\t\t\t\t\t\t<figure>\n\t\t\t\t\t\t\t\t\t\t<img decoding=\"async\" src=\"https:\/\/naghmouche.com\/wp-content\/uploads\/2025\/01\/in-the-street.png\" alt=\"blog image\">\n\t\t\t\t\t\t\t\t\t\t<a data-fancybox=\"gallery\" href=\"https:\/\/naghmouche.com\/wp-content\/uploads\/2025\/01\/in-the-street.png\">\n\t\t\t\t\t\t\t\t\t\t\t<i class=\"fa fa-plus\"><\/i>\n\t\t\t\t\t\t\t\t\t\t<\/a>\n\n\t\t\t\t\t\t\t\t\t<\/figure>\n\t\t\t\t\t\t\t\t<\/div>\n\t\t\t\t\t\t\t<\/div>\n\t\t\t\t\t\t\t<div class=\"col-lg-4 col-md-4\">\n\t\t\t\t\t\t\t\t<div class=\"gallery\">\n\t\t\t\t\t\t\t\t\t<figure>\n\t\t\t\t\t\t\t\t\t\t<img decoding=\"async\" src=\"https:\/\/naghmouche.com\/wp-content\/uploads\/2025\/01\/27.jpg\" alt=\"blog image\">\n\t\t\t\t\t\t\t\t\t\t<a data-fancybox=\"gallery\" href=\"https:\/\/naghmouche.com\/wp-content\/uploads\/2025\/01\/27.jpg\">\n\t\t\t\t\t\t\t\t\t\t\t<i class=\"fa fa-plus\"><\/i>\n\t\t\t\t\t\t\t\t\t\t<\/a>\n\n\t\t\t\t\t\t\t\t\t<\/figure>\n\t\t\t\t\t\t\t\t<\/div>\n\t\t\t\t\t\t\t<\/div>\n\t\t\t\t\t\t<\/div>\n\t\t\t\t\t<\/div>\n\t\t\t\t\t<div class=\"col-lg-8 col-md-6\">\n\t\t\t\t\t\t<div class=\"row\">\n\t\t\t\t\t\t\t<div class=\"col-lg-4 col-md-6\">\n\t\t\t\t\t\t\t\t<div class=\"gallery\">\n\t\t\t\t\t\t\t\t\t<figure>\n\t\t\t\t\t\t\t\t\t\t<img decoding=\"async\" src=\"https:\/\/naghmouche.com\/wp-content\/uploads\/2025\/01\/05.jpg\" alt=\"blog image\">\n\t\t\t\t\t\t\t\t\t\t<a data-fancybox=\"gallery\" href=\"https:\/\/naghmouche.com\/wp-content\/uploads\/2025\/01\/05.jpg\">\n\t\t\t\t\t\t\t\t\t\t\t<i class=\"fa fa-plus\"><\/i>\n\t\t\t\t\t\t\t\t\t\t<\/a>\n\n\t\t\t\t\t\t\t\t\t<\/figure>\n\t\t\t\t\t\t\t\t<\/div>\n\t\t\t\t\t\t\t<\/div>\n\t\t\t\t\t\t\t<div class=\"col-lg-4 col-md-6\">\n\t\t\t\t\t\t\t\t<div class=\"gallery\">\n\t\t\t\t\t\t\t\t\t<figure>\n\t\t\t\t\t\t\t\t\t\t<img decoding=\"async\" src=\"https:\/\/naghmouche.com\/wp-content\/uploads\/2025\/01\/02.jpg\" alt=\"blog image\">\n\t\t\t\t\t\t\t\t\t\t<a data-fancybox=\"gallery\" href=\"https:\/\/naghmouche.com\/wp-content\/uploads\/2025\/01\/02.jpg\">\n\t\t\t\t\t\t\t\t\t\t\t<i class=\"fa fa-plus\"><\/i>\n\t\t\t\t\t\t\t\t\t\t<\/a>\n\n\t\t\t\t\t\t\t\t\t<\/figure>\n\t\t\t\t\t\t\t\t<\/div>\n\t\t\t\t\t\t\t<\/div>\n\t\t\t\t\t\t\t<div class=\"col-lg-4 col-md-6\">\n\t\t\t\t\t\t\t\t<div class=\"gallery\">\n\t\t\t\t\t\t\t\t\t<figure>\n\t\t\t\t\t\t\t\t\t\t<img decoding=\"async\" src=\"https:\/\/naghmouche.com\/wp-content\/uploads\/2025\/01\/24-1.jpg\" alt=\"blog image\">\n\t\t\t\t\t\t\t\t\t\t<a data-fancybox=\"gallery\" href=\"https:\/\/naghmouche.com\/wp-content\/uploads\/2025\/01\/24-1.jpg\">\n\t\t\t\t\t\t\t\t\t\t\t<i class=\"fa fa-plus\"><\/i>\n\t\t\t\t\t\t\t\t\t\t<\/a>\n\n\t\t\t\t\t\t\t\t\t<\/figure>\n\t\t\t\t\t\t\t\t<\/div>\n\t\t\t\t\t\t\t<\/div>\n\t\t\t\t\t\t<\/div>\n\t\t\t\t\t<\/div>\n\t\t\t\t\t<div class=\"col-lg-4 col-md-6\">\n\t\t\t\t\t\t<div class=\"gallery\">\n\t\t\t\t\t\t\t<figure>\n\t\t\t\t\t\t\t\t<img decoding=\"async\" src=\"https:\/\/naghmouche.com\/wp-content\/uploads\/2025\/01\/48.jpg\" alt=\"blog image\">\n\t\t\t\t\t\t\t\t<a data-fancybox=\"gallery\" href=\"https:\/\/naghmouche.com\/wp-content\/uploads\/2025\/01\/48.jpg\">\n\t\t\t\t\t\t\t\t\t<i class=\"fa fa-plus\"><\/i>\n\t\t\t\t\t\t\t\t<\/a>\n\n\t\t\t\t\t\t\t<\/figure>\n\t\t\t\t\t\t<\/div>\n\t\t\t\t\t<\/div>\n\t\t\t\t<\/div>\n\t\t\t<\/div>\n\t\t<\/section>\n\n\t\t\t\t<\/div>\n\t\t\t\t<\/div>\n\t\t\t\t\t<\/div>\n\t\t<\/div>\n\t\t\t\t\t<\/div>\n\t\t<\/section>\n\t\t\t\t<\/div>\n\t\t","protected":false},"excerpt":{"rendered":"<p>Publications r\u00e9centes Articles publi\u00e9s 08Avr, 2025 \u0627\u0644\u0625\u0646\u0633\u0627\u0646\u064a\u0629 \u0644\u0642\u0627\u0621 \u0631\u0633\u0645\u064a \u0641\u064a \u0628\u0644\u062f\u064a\u0629 \u0628\u064a\u0632\u0648\u0646 by \u0634\u0632\u064a\u0644 \u0639\u062b\u0645\u0627\u0646 \u0646\u063a\u0645\u0648\u0634 08Avr, 2025 \u0627\u0644\u062a\u0636\u0627\u0645\u0646 \u0645\u062f\u0627\u062e\u0644\u0629 \u062d\u0648\u0644 \u0645\u0633\u062a\u0642\u0628\u0644 \u0627\u0644\u064a\u0645\u0646 \u2013 \u0645\u062c\u0644\u0633&#8230; by \u0634\u0632\u064a\u0644 \u0639\u062b\u0645\u0627\u0646 \u0646\u063a\u0645\u0648\u0634 23Mar, 2025 \u0627\u0644\u0625\u0646\u0633\u0627\u0646\u064a\u0629 \u0645\u0646\u0627\u0633\u0628\u0629 \u0630\u0643\u0631\u0649 \u0639\u064a\u062f \u0627\u0644\u0646\u0635\u0631 19 \u0645\u0627\u0631\u0633&#8230; by \u0634\u0632\u064a\u0644 \u0639\u062b\u0645\u0627\u0646 \u0646\u063a\u0645\u0648\u0634 Voir tous les articles +33 663 017 108 [&hellip;]<\/p>\n","protected":false},"author":1,"featured_media":0,"parent":3238,"menu_order":0,"comment_status":"closed","ping_status":"closed","template":"","meta":{"footnotes":""},"class_list":["post-2975","page","type-page","status-publish","hentry"],"_links":{"self":[{"href":"https:\/\/naghmouche.com\/index.php?rest_route=\/wp\/v2\/pages\/2975","targetHints":{"allow":["GET"]}}],"collection":[{"href":"https:\/\/naghmouche.com\/index.php?rest_route=\/wp\/v2\/pages"}],"about":[{"href":"https:\/\/naghmouche.com\/index.php?rest_route=\/wp\/v2\/types\/page"}],"author":[{"embeddable":true,"href":"https:\/\/naghmouche.com\/index.php?rest_route=\/wp\/v2\/users\/1"}],"replies":[{"embeddable":true,"href":"https:\/\/naghmouche.com\/index.php?rest_route=%2Fwp%2Fv2%2Fcomments&post=2975"}],"version-history":[{"count":16,"href":"https:\/\/naghmouche.com\/index.php?rest_route=\/wp\/v2\/pages\/2975\/revisions"}],"predecessor-version":[{"id":4396,"href":"https:\/\/naghmouche.com\/index.php?rest_route=\/wp\/v2\/pages\/2975\/revisions\/4396"}],"up":[{"embeddable":true,"href":"https:\/\/naghmouche.com\/index.php?rest_route=\/wp\/v2\/pages\/3238"}],"wp:attachment":[{"href":"https:\/\/naghmouche.com\/index.php?rest_route=%2Fwp%2Fv2%2Fmedia&parent=2975"}],"curies":[{"name":"wp","href":"https:\/\/api.w.org\/{rel}","templated":true}]}}