{"id":2915,"date":"2024-12-23T13:04:13","date_gmt":"2024-12-23T13:04:13","guid":{"rendered":"https:\/\/naghmouche.com\/?page_id=2915"},"modified":"2026-01-16T16:52:53","modified_gmt":"2026-01-16T16:52:53","slug":"equipe","status":"publish","type":"page","link":"https:\/\/naghmouche.com\/?page_id=2915","title":{"rendered":"L\u2019\u00e9quipe"},"content":{"rendered":"\t\t<div data-elementor-type=\"wp-page\" data-elementor-id=\"2915\" class=\"elementor elementor-2915\">\n\t\t\t\t\t\t<section class=\"elementor-section elementor-top-section elementor-element elementor-element-eeea3fa elementor-section-full_width elementor-section-stretched elementor-section-height-default elementor-section-height-default\" data-id=\"eeea3fa\" data-element_type=\"section\" data-e-type=\"section\" data-settings=\"{&quot;stretch_section&quot;:&quot;section-stretched&quot;}\">\n\t\t\t\t\t\t<div class=\"elementor-container elementor-column-gap-no\">\n\t\t\t\t\t<div class=\"elementor-column elementor-col-100 elementor-top-column elementor-element elementor-element-8508cb8\" data-id=\"8508cb8\" data-element_type=\"column\" data-e-type=\"column\">\n\t\t\t<div class=\"elementor-widget-wrap elementor-element-populated\">\n\t\t\t\t\t\t<div class=\"elementor-element elementor-element-aa1e676 elementor-widget elementor-widget-team-members\" data-id=\"aa1e676\" data-element_type=\"widget\" data-e-type=\"widget\" data-widget_type=\"team-members.default\">\n\t\t\t\t<div class=\"elementor-widget-container\">\n\t\t\t\t\t\n\t\n\t<section>\n\t\t<div class=\"w-100 pt-100 pb-55 position-relative\">\n\t\t\t<div class=\"container\">\n\t\t\t\t<ul class=\"team-wrap d-flex flex-wrap justify-content-center w-100 list-unstyled mb-0\">\n\t\t\t\t\t\t\t\n\t\t\t\t\t\t\t<li class=\"team-box text-center mb-45 w-100\">\n\t\t\t\t\t\t\t\t<div class=\"team-img rounded-circle position-relative overflow-hidden\">\n\t\t\t\t\t\t\t\t\t<img decoding=\"async\" class=\"rounded-circle img-fluid\" src=\"https:\/\/naghmouche.com\/wp-content\/uploads\/bfi_thumb\/team-2.jpg-rexkltd4s1cn8b2jr4cd8r1orau6qtx66277majk2m.webp\" alt=\"Team Members\">\n\t\t\t\t\t\t\t\t\t\t\t<div class=\"team-social position-absolute\">\n\t\t\t\t\t\t\t\t\t\t\t\t<a class=\"rounded-circle\" href=\"https:\/\/facebook.com\" title=\"Facebook\" target=\"_blank\"><i class=\"fab fa-facebook-f\"><\/i><\/a>\n\t\t\t\t\t\t\t\t\t\t\t<\/div>\n\t\t\t\t\t\t\t\t<\/div>\n\t\t\t\t\t\t\t\t<div class=\"team-info w-100\">\n\t\t\t\t\t\t\t\t\t<h3 class=\"mb-0\">Layla Gabriella<\/h3><span class=\"d-block\">Volontaire<\/span>\n\t\t\t\t\t\t\t\t<\/div>\n\t\t\t\t\t\t\t<\/li>\n\t\t\t\t\t\t\t\n\t\t\t\t\t\t\t<li class=\"team-box text-center mb-45 w-100\">\n\t\t\t\t\t\t\t\t<div class=\"team-img rounded-circle position-relative overflow-hidden\">\n\t\t\t\t\t\t\t\t\t<img decoding=\"async\" class=\"rounded-circle img-fluid\" src=\"https:\/\/naghmouche.com\/wp-content\/uploads\/bfi_thumb\/team-4.jpg-rexkltd4s1cn8b2jr4cd8r1orau6qtx66277majk2m.webp\" alt=\"Team Members\">\n\t\t\t\t\t\t\t\t\t\t\t<div class=\"team-social position-absolute\">\n\t\t\t\t\t\t\t\t\t\t\t\t<a class=\"rounded-circle\" href=\"https:\/\/facebook.com\" title=\"Facebook\" target=\"_blank\"><i class=\"fab fa-facebook-f\"><\/i><\/a>\n\t\t\t\t\t\t\t\t\t\t\t<\/div>\n\t\t\t\t\t\t\t\t<\/div>\n\t\t\t\t\t\t\t\t<div class=\"team-info w-100\">\n\t\t\t\t\t\t\t\t\t<h3 class=\"mb-0\">Kyle Johnson<\/h3><span class=\"d-block\">Gestionnaire Web<\/span>\n\t\t\t\t\t\t\t\t<\/div>\n\t\t\t\t\t\t\t<\/li>\n\t\t\t\t\t\t\t\n\t\t\t\t\t\t\t<li class=\"team-box text-center mb-45 w-100\">\n\t\t\t\t\t\t\t\t<div class=\"team-img rounded-circle position-relative overflow-hidden\">\n\t\t\t\t\t\t\t\t\t<img decoding=\"async\" class=\"rounded-circle img-fluid\" src=\"https:\/\/naghmouche.com\/wp-content\/uploads\/bfi_thumb\/team-5.jpg-rexkluayyvdxjx16lmqzt8t5copjyj0wi6up3ki5we.webp\" alt=\"Team Members\">\n\t\t\t\t\t\t\t\t\t\t\t<div class=\"team-social position-absolute\">\n\t\t\t\t\t\t\t\t\t\t\t\t<a class=\"rounded-circle\" href=\"https:\/\/facebook.com\" title=\"Facebook\" target=\"_blank\"><i class=\"fab fa-facebook-f\"><\/i><\/a>\n\t\t\t\t\t\t\t\t\t\t\t<\/div>\n\t\t\t\t\t\t\t\t<\/div>\n\t\t\t\t\t\t\t\t<div class=\"team-info w-100\">\n\t\t\t\t\t\t\t\t\t<h3 class=\"mb-0\">Shiela Down<\/h3><span class=\"d-block\">Volontaire<\/span>\n\t\t\t\t\t\t\t\t<\/div>\n\t\t\t\t\t\t\t<\/li>\n\t\t\t\t\t\t\t\n\t\t\t\t\t\t\t<li class=\"team-box text-center mb-45 w-100\">\n\t\t\t\t\t\t\t\t<div class=\"team-img rounded-circle position-relative overflow-hidden\">\n\t\t\t\t\t\t\t\t\t<img decoding=\"async\" class=\"rounded-circle img-fluid\" src=\"https:\/\/naghmouche.com\/wp-content\/uploads\/bfi_thumb\/team-3.jpg-rexklsfal7bcwp3wwlxqo9a85wytj4tftxjq50ky8u.webp\" alt=\"Team Members\">\n\t\t\t\t\t\t\t\t\t\t\t<div class=\"team-social position-absolute\">\n\t\t\t\t\t\t\t\t\t\t\t\t<a class=\"rounded-circle\" href=\"https:\/\/facebook.com\" title=\"Facebook\" target=\"_blank\"><i class=\"fab fa-facebook-f\"><\/i><\/a>\n\t\t\t\t\t\t\t\t\t\t\t<\/div>\n\t\t\t\t\t\t\t\t<\/div>\n\t\t\t\t\t\t\t\t<div class=\"team-info w-100\">\n\t\t\t\t\t\t\t\t\t<h3 class=\"mb-0\">John Epic<\/h3><span class=\"d-block\">Responsable des m\u00e9dias sociaux<\/span>\n\t\t\t\t\t\t\t\t<\/div>\n\t\t\t\t\t\t\t<\/li>\n\t\t\t\t\t\t\t\n\t\t\t\t\t\t\t<li class=\"team-box text-center mb-45 w-100\">\n\t\t\t\t\t\t\t\t<div class=\"team-img rounded-circle position-relative overflow-hidden\">\n\t\t\t\t\t\t\t\t\t<img decoding=\"async\" class=\"rounded-circle img-fluid\" src=\"https:\/\/naghmouche.com\/wp-content\/uploads\/bfi_thumb\/Untitled-9-qj8f4o1073d4s9zflmpgpvo84u2wlau6qm0r21gpjy-rexklqjm7j8s9h6n7l4hj9raz5833qlz5o8r6gnqla.jpg\" alt=\"Team Members\">\n\t\t\t\t\t\t\t\t\t\t\t<div class=\"team-social position-absolute\">\n\t\t\t\t\t\t\t\t\t\t\t\t<a class=\"rounded-circle\" href=\"https:\/\/facebook.com\" title=\"Facebook\" target=\"_blank\"><i class=\"fab fa-facebook-f\"><\/i><\/a>\n\t\t\t\t\t\t\t\t\t\t\t<\/div>\n\t\t\t\t\t\t\t\t<\/div>\n\t\t\t\t\t\t\t\t<div class=\"team-info w-100\">\n\t\t\t\t\t\t\t\t\t<h3 class=\"mb-0\">Niel Favors<\/h3><span class=\"d-block\">Volontaire<\/span>\n\t\t\t\t\t\t\t\t<\/div>\n\t\t\t\t\t\t\t<\/li>\n\t\t\t\t\t\t\t\n\t\t\t\t\t\t\t<li class=\"team-box text-center mb-45 w-100\">\n\t\t\t\t\t\t\t\t<div class=\"team-img rounded-circle position-relative overflow-hidden\">\n\t\t\t\t\t\t\t\t\t<img decoding=\"async\" class=\"rounded-circle img-fluid\" src=\"https:\/\/naghmouche.com\/wp-content\/uploads\/bfi_thumb\/team-1.jpg-rexkltd4s1cn8b2jr4cd8r1orau6qtx66277majk2m.webp\" alt=\"Team Members\">\n\t\t\t\t\t\t\t\t\t\t\t<div class=\"team-social position-absolute\">\n\t\t\t\t\t\t\t\t\t\t\t\t<a class=\"rounded-circle\" href=\"https:\/\/facebook.com\" title=\"Facebook\" target=\"_blank\"><i class=\"fab fa-facebook-f\"><\/i><\/a>\n\t\t\t\t\t\t\t\t\t\t\t<\/div>\n\t\t\t\t\t\t\t\t<\/div>\n\t\t\t\t\t\t\t\t<div class=\"team-info w-100\">\n\t\t\t\t\t\t\t\t\t<h3 class=\"mb-0\">Riffiy ElDoe<\/h3><span class=\"d-block\">Directeur de campagne<\/span>\n\t\t\t\t\t\t\t\t<\/div>\n\t\t\t\t\t\t\t<\/li>\n\t\t\t\t\t\t\t\n\t\t\t\t\t\t\t<li class=\"team-box text-center mb-45 w-100\">\n\t\t\t\t\t\t\t\t<div class=\"team-img rounded-circle position-relative overflow-hidden\">\n\t\t\t\t\t\t\t\t\t<img decoding=\"async\" class=\"rounded-circle img-fluid\" src=\"https:\/\/naghmouche.com\/wp-content\/uploads\/bfi_thumb\/Untitled-8-qj8f4k9nfr7zhu4w7l2yfwmdralfqif9e3et4xma8u-rexklqjm7j8s9h6n7l4hj9raz5833qlz5o8r6gnqla.jpg\" alt=\"Team Members\">\n\t\t\t\t\t\t\t\t\t\t\t<div class=\"team-social position-absolute\">\n\t\t\t\t\t\t\t\t\t\t\t\t<a class=\"rounded-circle\" href=\"https:\/\/facebook.com\" title=\"Facebook\" target=\"_blank\"><i class=\"fab fa-facebook-f\"><\/i><\/a>\n\t\t\t\t\t\t\t\t\t\t\t<\/div>\n\t\t\t\t\t\t\t\t<\/div>\n\t\t\t\t\t\t\t\t<div class=\"team-info w-100\">\n\t\t\t\t\t\t\t\t\t<h3 class=\"mb-0\">Miskin Shaw<\/h3><span class=\"d-block\">Planificateur de manifeste<\/span>\n\t\t\t\t\t\t\t\t<\/div>\n\t\t\t\t\t\t\t<\/li>\n\t\t\t\t\t\t\t\n\t\t\t\t\t\t\t<li class=\"team-box text-center mb-45 w-100\">\n\t\t\t\t\t\t\t\t<div class=\"team-img rounded-circle position-relative overflow-hidden\">\n\t\t\t\t\t\t\t\t\t<img decoding=\"async\" class=\"rounded-circle img-fluid\" src=\"https:\/\/naghmouche.com\/wp-content\/uploads\/bfi_thumb\/team-2.jpg-rexkltd4s1cn8b2jr4cd8r1orau6qtx66277majk2m.webp\" alt=\"Team Members\">\n\t\t\t\t\t\t\t\t\t\t\t<div class=\"team-social position-absolute\">\n\t\t\t\t\t\t\t\t\t\t\t\t<a class=\"rounded-circle\" href=\"https:\/\/facebook.com\" title=\"Facebook\" target=\"_blank\"><i class=\"fab fa-facebook-f\"><\/i><\/a>\n\t\t\t\t\t\t\t\t\t\t\t<\/div>\n\t\t\t\t\t\t\t\t<\/div>\n\t\t\t\t\t\t\t\t<div class=\"team-info w-100\">\n\t\t\t\t\t\t\t\t\t<h3 class=\"mb-0\">Channing Hew<\/h3><span class=\"d-block\">Organisatrice<\/span>\n\t\t\t\t\t\t\t\t<\/div>\n\t\t\t\t\t\t\t<\/li>\n\t\t\t\t\t\t\t\n\t\t\t\t\t\t\t<li class=\"team-box text-center mb-45 w-100\">\n\t\t\t\t\t\t\t\t<div class=\"team-img rounded-circle position-relative overflow-hidden\">\n\t\t\t\t\t\t\t\t\t<img decoding=\"async\" class=\"rounded-circle img-fluid\" src=\"https:\/\/naghmouche.com\/wp-content\/uploads\/bfi_thumb\/Untitled-10-qj8f4to1c3kupxr8op584u8zp5b3vhgkrdxnxp8cim-rexklqjm7j8s9h6n7l4hj9raz5833qlz5o8r6gnqla.jpg\" alt=\"Team Members\">\n\t\t\t\t\t\t\t\t\t\t\t<div class=\"team-social position-absolute\">\n\t\t\t\t\t\t\t\t\t\t\t\t<a class=\"rounded-circle\" href=\"https:\/\/facebook.com\" title=\"Facebook\" target=\"_blank\"><i class=\"fab fa-facebook-f\"><\/i><\/a>\n\t\t\t\t\t\t\t\t\t\t\t<\/div>\n\t\t\t\t\t\t\t\t<\/div>\n\t\t\t\t\t\t\t\t<div class=\"team-info w-100\">\n\t\t\t\t\t\t\t\t\t<h3 class=\"mb-0\">Fisher Strong<\/h3><span class=\"d-block\">Gestionnaire d'\u00e9v\u00e9nements<\/span>\n\t\t\t\t\t\t\t\t<\/div>\n\t\t\t\t\t\t\t<\/li>\n\t\t\t\t\t\t\t\n\t\t\t\t\t\t\t<li class=\"team-box text-center mb-45 w-100\">\n\t\t\t\t\t\t\t\t<div class=\"team-img rounded-circle position-relative overflow-hidden\">\n\t\t\t\t\t\t\t\t\t<img decoding=\"async\" class=\"rounded-circle img-fluid\" src=\"https:\/\/naghmouche.com\/wp-content\/uploads\/bfi_thumb\/team-6.jpg-rexkltd4s1cn8b2jr4cd8r1orau6qtx66277majk2m.webp\" alt=\"Team Members\">\n\t\t\t\t\t\t\t\t\t\t\t<div class=\"team-social position-absolute\">\n\t\t\t\t\t\t\t\t\t\t\t\t<a class=\"rounded-circle\" href=\"https:\/\/facebook.com\" title=\"Facebook\" target=\"_blank\"><i class=\"fab fa-facebook-f\"><\/i><\/a>\n\t\t\t\t\t\t\t\t\t\t\t<\/div>\n\t\t\t\t\t\t\t\t<\/div>\n\t\t\t\t\t\t\t\t<div class=\"team-info w-100\">\n\t\t\t\t\t\t\t\t\t<h3 class=\"mb-0\">Nelson Field<\/h3><span class=\"d-block\">Organisateur des \u00e9lections<\/span>\n\t\t\t\t\t\t\t\t<\/div>\n\t\t\t\t\t\t\t<\/li>\n\t\t\t\t<\/ul><!-- Team Wrap -->\n\t\t\t<\/div>\n\t\t<\/div>\n\t<\/section>\t\t\t\t<\/div>\n\t\t\t\t<\/div>\n\t\t\t\t\t<\/div>\n\t\t<\/div>\n\t\t\t\t\t<\/div>\n\t\t<\/section>\n\t\t\t\t<section class=\"elementor-section elementor-top-section elementor-element elementor-element-f0e47f1 elementor-section-full_width elementor-section-stretched elementor-section-height-default elementor-section-height-default\" data-id=\"f0e47f1\" data-element_type=\"section\" data-e-type=\"section\" data-settings=\"{&quot;stretch_section&quot;:&quot;section-stretched&quot;}\">\n\t\t\t\t\t\t<div class=\"elementor-container elementor-column-gap-no\">\n\t\t\t\t\t<div class=\"elementor-column elementor-col-100 elementor-top-column elementor-element elementor-element-1c40b04\" data-id=\"1c40b04\" data-element_type=\"column\" data-e-type=\"column\">\n\t\t\t<div class=\"elementor-widget-wrap elementor-element-populated\">\n\t\t\t\t\t\t<div class=\"elementor-element elementor-element-6247afc elementor-widget elementor-widget-politick_welcome\" data-id=\"6247afc\" data-element_type=\"widget\" data-e-type=\"widget\" data-widget_type=\"politick_welcome.default\">\n\t\t\t\t<div class=\"elementor-widget-container\">\n\t\t\t\t\t\n\t\t<section class=\"gap no-top fire-brigade\">\n\t\t\t<div class=\"container\">\n\t\t\t\t\t\t\t\t\t<div class=\"heading\">\n\t\t\t\t\t\t\t\t\t\t\t\t<h2>Nous sommes toujours pr\u00eats <br \/> \u00e0 vous aider \u00e0 r\u00e9soudre vos probl\u00e8mes<\/h2>\t\t\t\t\t<\/div>\n\t\t\t\t\t\t\t\t<div class=\"row align-items-center\">\n\t\t\t\t\t<div class=\"col-lg-6\">\n\t\t\t\t\t<div class=\"incident-img\">\n<img decoding=\"async\" alt=\"\" src=\"https:\/\/naghmouche.com\/wp-content\/uploads\/2025\/01\/in-the-street.png\"><div class=\"bus-img\">\n<img decoding=\"async\" class=\"bus\" alt=\"\" src=\"https:\/\/naghmouche.com\/wp-content\/uploads\/2025\/01\/small-img-1.png\"><div class=\"video-play\">\n<a data-fancybox=\"\" href=\"https:\/\/www.youtube.com\/watch?v=gH4rPVHxfhA\"><i class=\"fa fa-play\"><\/i><\/a>\n<\/div>\n<\/div>\n<\/div> \t\t\t\t\n\t\t\t\t\t\t\n\t\t\t\t\t\t\n\t\t\t\t\t\t\n\t\t\t\t\t\t\n\t\t\t\t\t<\/div>\n\t\t\t\t\t<div class=\"col-lg-6 \">\n\t\t\t\t\t\t<div class=\"incident-data\">\n\t\t\t\t\t\t\t<p>Lorem ipsum dolor sit amet, consectetur adipiscing eiusmod tempor incididunt ut labore et dolore magn ipsum dolor sit amet. Lorem ipsum dolor sit amet, co eiusmod tempor incididunt ut labore et dolore magn ipsum dolor sit amet.<\/p>\n\t\t\t\t\t\t\t\t\t\t\t\t\t\t\t\t\t\t\t\t\n\n\t\t\t\t\t\t<\/div>\n\t\t\t\t\t<\/div>\n\t\t\t\t<\/div>\n\t\t<\/section>\n\n\t\t\t\t\t\t<\/div>\n\t\t\t\t<\/div>\n\t\t\t\t\t<\/div>\n\t\t<\/div>\n\t\t\t\t\t<\/div>\n\t\t<\/section>\n\t\t\t\t<section class=\"elementor-section elementor-top-section elementor-element elementor-element-7a2d40d elementor-section-full_width elementor-section-stretched elementor-section-height-default elementor-section-height-default\" data-id=\"7a2d40d\" data-element_type=\"section\" data-e-type=\"section\" data-settings=\"{&quot;stretch_section&quot;:&quot;section-stretched&quot;}\">\n\t\t\t\t\t\t<div class=\"elementor-container elementor-column-gap-no\">\n\t\t\t\t\t<div class=\"elementor-column elementor-col-100 elementor-top-column elementor-element elementor-element-7d7636e\" data-id=\"7d7636e\" data-element_type=\"column\" data-e-type=\"column\">\n\t\t\t<div class=\"elementor-widget-wrap elementor-element-populated\">\n\t\t\t\t\t\t<div class=\"elementor-element elementor-element-0ebc561 elementor-widget elementor-widget-blaz-helpdesk\" data-id=\"0ebc561\" data-element_type=\"widget\" data-e-type=\"widget\" data-widget_type=\"blaz-helpdesk.default\">\n\t\t\t\t<div class=\"elementor-widget-container\">\n\t\t\t\t\t\n    <section>\n      <div class=\"container\">\n        <div class=\"row align-items-center\">\n          <div class=\"col-lg-6\">\n            <div class=\"man-join\">\n                              <img decoding=\"async\" alt=\"rescue\" class=\"w-100 ps-sm-5\" src=\"https:\/\/naghmouche.com\/wp-content\/uploads\/2026\/01\/Chazil.png\">\n                                          <div class=\"help-number\">\n                                                                <a href=\"https:\/\/naghmouche.com\/?page_id=436\">Contactez-nous<\/a>              <\/div>\n            <\/div>\n          <\/div>\n          <div class=\"col-lg-6 ps-sm-5\">\n            <div class=\"train-with\">\n                             <h2>NOUS REJOINDRE<\/h2>               <h5>Rejoignez notre vision pour faire progresser la nation vers le sommet<\/h5>               <p>Vous avez des questions, des id\u00e9es de collaboration, ou vous souhaitez simplement en savoir plus sur notre travail ? N'h\u00e9sitez pas \u00e0 nous contacter via le formulaire ci-dessous. Nous lisons attentivement chaque message et ferons de notre mieux pour vous r\u00e9pondre dans les plus brefs d\u00e9lais.<\/p>               <a href=\"https:\/\/naghmouche.com\/?page_id=436\" class=\"button-style\">Rejoignez nous<\/a>            <\/div>\n          <\/div>\n        <\/div>\n      <\/div>\n    <\/section>\n\n\t\t\t\t<\/div>\n\t\t\t\t<\/div>\n\t\t\t\t\t<\/div>\n\t\t<\/div>\n\t\t\t\t\t<\/div>\n\t\t<\/section>\n\t\t<div class=\"elementor-element elementor-element-f7409fc e-grid e-con-boxed e-con e-parent\" data-id=\"f7409fc\" data-element_type=\"container\" data-e-type=\"container\">\n\t\t\t\t\t<div class=\"e-con-inner\">\n\t\t\t\t<div class=\"elementor-element elementor-element-d0422aa elementor-widget elementor-widget-spacer\" data-id=\"d0422aa\" data-element_type=\"widget\" data-e-type=\"widget\" data-widget_type=\"spacer.default\">\n\t\t\t\t<div class=\"elementor-widget-container\">\n\t\t\t\t\t\t\t<div class=\"elementor-spacer\">\n\t\t\t<div class=\"elementor-spacer-inner\"><\/div>\n\t\t<\/div>\n\t\t\t\t\t\t<\/div>\n\t\t\t\t<\/div>\n\t\t\t\t\t<\/div>\n\t\t\t\t<\/div>\n\t\t\t\t<section class=\"elementor-section elementor-top-section elementor-element elementor-element-b1952d3 elementor-section-full_width elementor-section-stretched elementor-section-height-default elementor-section-height-default\" data-id=\"b1952d3\" data-element_type=\"section\" data-e-type=\"section\" data-settings=\"{&quot;stretch_section&quot;:&quot;section-stretched&quot;}\">\n\t\t\t\t\t\t<div class=\"elementor-container elementor-column-gap-no\">\n\t\t\t\t\t<div class=\"elementor-column elementor-col-100 elementor-top-column elementor-element elementor-element-6e5dd3b\" data-id=\"6e5dd3b\" data-element_type=\"column\" data-e-type=\"column\">\n\t\t\t<div class=\"elementor-widget-wrap elementor-element-populated\">\n\t\t\t\t\t\t<div class=\"elementor-element elementor-element-7019dc5 elementor-widget elementor-widget-instagram-photos-gallery\" data-id=\"7019dc5\" data-element_type=\"widget\" data-e-type=\"widget\" data-widget_type=\"instagram-photos-gallery.default\">\n\t\t\t\t<div class=\"elementor-widget-container\">\n\t\t\t\t\t\n\t\t<section class=\"gallery-img gap no-top\">\n\t\t\t<div class=\"container-fluid\">\n\t\t\t\t<div class=\"row\">\n\t\t\t\t\t<div class=\"col-lg-4 col-md-6\">\n\t\t\t\t\t\t<div class=\"gallery\">\n\t\t\t\t\t\t\t<figure>\n\t\t\t\t\t\t\t\t<img decoding=\"async\" src=\"https:\/\/naghmouche.com\/wp-content\/uploads\/2025\/01\/03.jpg\" alt=\"blog image\">\n\t\t\t\t\t\t\t\t<a data-fancybox=\"gallery\" href=\"https:\/\/naghmouche.com\/wp-content\/uploads\/2025\/01\/03.jpg\">\n\t\t\t\t\t\t\t\t\t<i class=\"fa fa-plus\"><\/i>\n\t\t\t\t\t\t\t\t<\/a>\n\n\t\t\t\t\t\t\t<\/figure>\n\t\t\t\t\t\t<\/div>\n\t\t\t\t\t<\/div>\n\t\t\t\t\t<div class=\"col-lg-8 col-md-6\">\n\t\t\t\t\t\t<div class=\"row\">\n\t\t\t\t\t\t\t<div class=\"col-lg-4 col-md-4\">\n\t\t\t\t\t\t\t\t<div class=\"gallery\">\n\t\t\t\t\t\t\t\t\t<figure>\n\t\t\t\t\t\t\t\t\t\t<img decoding=\"async\" src=\"https:\/\/naghmouche.com\/wp-content\/uploads\/2025\/01\/32.jpg\" alt=\"blog image\">\n\t\t\t\t\t\t\t\t\t\t<a data-fancybox=\"gallery\" href=\"https:\/\/naghmouche.com\/wp-content\/uploads\/2025\/01\/32.jpg\">\n\t\t\t\t\t\t\t\t\t\t\t<i class=\"fa fa-plus\"><\/i>\n\t\t\t\t\t\t\t\t\t\t<\/a>\n\n\t\t\t\t\t\t\t\t\t<\/figure>\n\t\t\t\t\t\t\t\t<\/div>\n\t\t\t\t\t\t\t<\/div>\n\t\t\t\t\t\t\t<div class=\"col-lg-4 col-md-4\">\n\t\t\t\t\t\t\t\t<div class=\"gallery\">\n\t\t\t\t\t\t\t\t\t<figure>\n\t\t\t\t\t\t\t\t\t\t<img decoding=\"async\" src=\"https:\/\/naghmouche.com\/wp-content\/uploads\/2025\/01\/in-the-street.png\" alt=\"blog image\">\n\t\t\t\t\t\t\t\t\t\t<a data-fancybox=\"gallery\" href=\"https:\/\/naghmouche.com\/wp-content\/uploads\/2025\/01\/in-the-street.png\">\n\t\t\t\t\t\t\t\t\t\t\t<i class=\"fa fa-plus\"><\/i>\n\t\t\t\t\t\t\t\t\t\t<\/a>\n\n\t\t\t\t\t\t\t\t\t<\/figure>\n\t\t\t\t\t\t\t\t<\/div>\n\t\t\t\t\t\t\t<\/div>\n\t\t\t\t\t\t\t<div class=\"col-lg-4 col-md-4\">\n\t\t\t\t\t\t\t\t<div class=\"gallery\">\n\t\t\t\t\t\t\t\t\t<figure>\n\t\t\t\t\t\t\t\t\t\t<img decoding=\"async\" src=\"https:\/\/naghmouche.com\/wp-content\/uploads\/2025\/01\/27.jpg\" alt=\"blog image\">\n\t\t\t\t\t\t\t\t\t\t<a data-fancybox=\"gallery\" href=\"https:\/\/naghmouche.com\/wp-content\/uploads\/2025\/01\/27.jpg\">\n\t\t\t\t\t\t\t\t\t\t\t<i class=\"fa fa-plus\"><\/i>\n\t\t\t\t\t\t\t\t\t\t<\/a>\n\n\t\t\t\t\t\t\t\t\t<\/figure>\n\t\t\t\t\t\t\t\t<\/div>\n\t\t\t\t\t\t\t<\/div>\n\t\t\t\t\t\t<\/div>\n\t\t\t\t\t<\/div>\n\t\t\t\t\t<div class=\"col-lg-8 col-md-6\">\n\t\t\t\t\t\t<div class=\"row\">\n\t\t\t\t\t\t\t<div class=\"col-lg-4 col-md-6\">\n\t\t\t\t\t\t\t\t<div class=\"gallery\">\n\t\t\t\t\t\t\t\t\t<figure>\n\t\t\t\t\t\t\t\t\t\t<img decoding=\"async\" src=\"https:\/\/naghmouche.com\/wp-content\/uploads\/2025\/01\/05.jpg\" alt=\"blog image\">\n\t\t\t\t\t\t\t\t\t\t<a data-fancybox=\"gallery\" href=\"https:\/\/naghmouche.com\/wp-content\/uploads\/2025\/01\/05.jpg\">\n\t\t\t\t\t\t\t\t\t\t\t<i class=\"fa fa-plus\"><\/i>\n\t\t\t\t\t\t\t\t\t\t<\/a>\n\n\t\t\t\t\t\t\t\t\t<\/figure>\n\t\t\t\t\t\t\t\t<\/div>\n\t\t\t\t\t\t\t<\/div>\n\t\t\t\t\t\t\t<div class=\"col-lg-4 col-md-6\">\n\t\t\t\t\t\t\t\t<div class=\"gallery\">\n\t\t\t\t\t\t\t\t\t<figure>\n\t\t\t\t\t\t\t\t\t\t<img decoding=\"async\" src=\"https:\/\/naghmouche.com\/wp-content\/uploads\/2025\/01\/02.jpg\" alt=\"blog image\">\n\t\t\t\t\t\t\t\t\t\t<a data-fancybox=\"gallery\" href=\"https:\/\/naghmouche.com\/wp-content\/uploads\/2025\/01\/02.jpg\">\n\t\t\t\t\t\t\t\t\t\t\t<i class=\"fa fa-plus\"><\/i>\n\t\t\t\t\t\t\t\t\t\t<\/a>\n\n\t\t\t\t\t\t\t\t\t<\/figure>\n\t\t\t\t\t\t\t\t<\/div>\n\t\t\t\t\t\t\t<\/div>\n\t\t\t\t\t\t\t<div class=\"col-lg-4 col-md-6\">\n\t\t\t\t\t\t\t\t<div class=\"gallery\">\n\t\t\t\t\t\t\t\t\t<figure>\n\t\t\t\t\t\t\t\t\t\t<img decoding=\"async\" src=\"https:\/\/naghmouche.com\/wp-content\/uploads\/2025\/01\/24-1.jpg\" alt=\"blog image\">\n\t\t\t\t\t\t\t\t\t\t<a data-fancybox=\"gallery\" href=\"https:\/\/naghmouche.com\/wp-content\/uploads\/2025\/01\/24-1.jpg\">\n\t\t\t\t\t\t\t\t\t\t\t<i class=\"fa fa-plus\"><\/i>\n\t\t\t\t\t\t\t\t\t\t<\/a>\n\n\t\t\t\t\t\t\t\t\t<\/figure>\n\t\t\t\t\t\t\t\t<\/div>\n\t\t\t\t\t\t\t<\/div>\n\t\t\t\t\t\t<\/div>\n\t\t\t\t\t<\/div>\n\t\t\t\t\t<div class=\"col-lg-4 col-md-6\">\n\t\t\t\t\t\t<div class=\"gallery\">\n\t\t\t\t\t\t\t<figure>\n\t\t\t\t\t\t\t\t<img decoding=\"async\" src=\"https:\/\/naghmouche.com\/wp-content\/uploads\/2025\/01\/48.jpg\" alt=\"blog image\">\n\t\t\t\t\t\t\t\t<a data-fancybox=\"gallery\" href=\"https:\/\/naghmouche.com\/wp-content\/uploads\/2025\/01\/48.jpg\">\n\t\t\t\t\t\t\t\t\t<i class=\"fa fa-plus\"><\/i>\n\t\t\t\t\t\t\t\t<\/a>\n\n\t\t\t\t\t\t\t<\/figure>\n\t\t\t\t\t\t<\/div>\n\t\t\t\t\t<\/div>\n\t\t\t\t<\/div>\n\t\t\t<\/div>\n\t\t<\/section>\n\n\t\t\t\t<\/div>\n\t\t\t\t<\/div>\n\t\t\t\t\t<\/div>\n\t\t<\/div>\n\t\t\t\t\t<\/div>\n\t\t<\/section>\n\t\t\t\t<\/div>\n\t\t","protected":false},"excerpt":{"rendered":"<p>Layla Gabriella Volontaire Kyle Johnson Gestionnaire Web Shiela Down Volontaire John Epic Responsable des m\u00e9dias sociaux Niel Favors Volontaire Riffiy ElDoe Directeur de campagne Miskin Shaw Planificateur de manifeste Channing Hew Organisatrice Fisher Strong Gestionnaire d&#8217;\u00e9v\u00e9nements Nelson Field Organisateur des \u00e9lections Nous sommes toujours pr\u00eats \u00e0 vous aider \u00e0 r\u00e9soudre [&hellip;]<\/p>\n","protected":false},"author":1,"featured_media":0,"parent":357,"menu_order":0,"comment_status":"closed","ping_status":"closed","template":"","meta":{"footnotes":""},"class_list":["post-2915","page","type-page","status-publish","hentry"],"_links":{"self":[{"href":"https:\/\/naghmouche.com\/index.php?rest_route=\/wp\/v2\/pages\/2915","targetHints":{"allow":["GET"]}}],"collection":[{"href":"https:\/\/naghmouche.com\/index.php?rest_route=\/wp\/v2\/pages"}],"about":[{"href":"https:\/\/naghmouche.com\/index.php?rest_route=\/wp\/v2\/types\/page"}],"author":[{"embeddable":true,"href":"https:\/\/naghmouche.com\/index.php?rest_route=\/wp\/v2\/users\/1"}],"replies":[{"embeddable":true,"href":"https:\/\/naghmouche.com\/index.php?rest_route=%2Fwp%2Fv2%2Fcomments&post=2915"}],"version-history":[{"count":37,"href":"https:\/\/naghmouche.com\/index.php?rest_route=\/wp\/v2\/pages\/2915\/revisions"}],"predecessor-version":[{"id":4476,"href":"https:\/\/naghmouche.com\/index.php?rest_route=\/wp\/v2\/pages\/2915\/revisions\/4476"}],"up":[{"embeddable":true,"href":"https:\/\/naghmouche.com\/index.php?rest_route=\/wp\/v2\/pages\/357"}],"wp:attachment":[{"href":"https:\/\/naghmouche.com\/index.php?rest_route=%2Fwp%2Fv2%2Fmedia&parent=2915"}],"curies":[{"name":"wp","href":"https:\/\/api.w.org\/{rel}","templated":true}]}}