{"id":183,"date":"2022-01-08T03:36:57","date_gmt":"2022-01-08T03:36:57","guid":{"rendered":"https:\/\/nautm.com\/wp\/politiek\/?page_id=183"},"modified":"2025-04-04T10:36:52","modified_gmt":"2025-04-04T10:36:52","slug":"press-releases","status":"publish","type":"page","link":"https:\/\/naghmouche.com\/?page_id=183","title":{"rendered":"Communiqu\u00e9s de presse"},"content":{"rendered":"\t\t<div data-elementor-type=\"wp-page\" data-elementor-id=\"183\" class=\"elementor elementor-183\">\n\t\t\t\t\t\t<section class=\"elementor-section elementor-top-section elementor-element elementor-element-c7922d4 elementor-section-full_width elementor-section-stretched elementor-section-height-default elementor-section-height-default\" data-id=\"c7922d4\" data-element_type=\"section\" data-e-type=\"section\" data-settings=\"{&quot;stretch_section&quot;:&quot;section-stretched&quot;}\">\n\t\t\t\t\t\t<div class=\"elementor-container elementor-column-gap-no\">\n\t\t\t\t\t<div class=\"elementor-column elementor-col-100 elementor-top-column elementor-element elementor-element-39008b1\" data-id=\"39008b1\" data-element_type=\"column\" data-e-type=\"column\">\n\t\t\t<div class=\"elementor-widget-wrap elementor-element-populated\">\n\t\t\t\t\t\t<div class=\"elementor-element elementor-element-873f64f elementor-widget elementor-widget-blog_grid_simple\" data-id=\"873f64f\" data-element_type=\"widget\" data-e-type=\"widget\" data-widget_type=\"blog_grid_simple.default\">\n\t\t\t\t<div class=\"elementor-widget-container\">\n\t\t\t\t\t\n   \n   <!-- hm2 News Section -->\n    <section class=\"hm2-news-section\">\n\t\t<div class=\"auto-container\"><div class=\"heading\"><p>Obtenir les derni\u00e8res mises \u00e0 jour des cha\u00eenes m\u00e9diatiques<\/p><h2>D\u00e9couvrez les communiqu\u00e9s de presse<\/h2>\n\t\t\t<\/div>\n            <div class=\"row clearfix\">\n\t\t\t\t\t<div class=\"hm2-news-block col-lg-4 col-md-6 col-sm-12\">\n\t\t\t\t\t\t<div class=\"inner-box\">\n\t\t\t\t\t\t\t<div class=\"post-date\">\n\t\t\t\t\t\t\t\t<span>Avr<\/span>08\n\t\t\t\t\t\t\t<\/div>\n\t\t\t\t\t\t\t<h4><a href=\"https:\/\/naghmouche.com\/?p=219\">\u0644\u0642\u0627\u0621 \u0631\u0633\u0645\u064a \u0641\u064a \u0628\u0644\u062f\u064a\u0629 \u0628\u064a\u0632\u0648\u0646<\/a><\/h4>\n\t\t\t\t\t\t\t<div class=\"text\">8 \u0623\u0641\u0631\u064a\u0644 2025 | \u0644\u0642\u0627\u0621 \u0631\u0633\u0645\u064a \u0641\u064a \u0628\u0644\u062f\u064a\u0629 \u0628\u064a\u0632\u0648\u0646\u062a\u0634\u0631\u0641\u062a \u0643\u0631\u0626\u064a\u0633 \u0645\u0646\u0638\u0645\u0629 \u0627\u0644\u062a\u0636\u0627\u0645\u0646 \u0648\u0627\u0644\u0625\u0646\u0633\u0627\u0646\u064a\u0629 \u0627\u0644\u062f\u0648\u0644\u064a\u0629 (OSHI)\u060c...<\/div>\n\t\t\t\t\t\t\t<ul class=\"post-meta\">\n\t\t\t\t\t\t\t\t<li><a href=\"https:\/\/naghmouche.com\/?p=219\"><span class=\"icon fa fa-user\"><\/span>\u0634\u0632\u064a\u0644 \u0639\u062b\u0645\u0627\u0646 \u0646\u063a\u0645\u0648\u0634<\/a><\/li>\n\t\t\t\t\t\t\t\t<li><a href=\"https:\/\/naghmouche.com\/?author=2\"><span class=\"icon fa fa-comment\"><\/span>5 Comments<\/a><\/li>\n\t\t\t\t\t\t\t<\/ul>\n\t\t\t\t\t\t<\/div>\n\t\t\t\t\t<\/div>\n\t\t\t\t\t<div class=\"hm2-news-block col-lg-4 col-md-6 col-sm-12\">\n\t\t\t\t\t\t<div class=\"inner-box\">\n\t\t\t\t\t\t\t<div class=\"post-date\">\n\t\t\t\t\t\t\t\t<span>Avr<\/span>08\n\t\t\t\t\t\t\t<\/div>\n\t\t\t\t\t\t\t<h4><a href=\"https:\/\/naghmouche.com\/?p=218\">\u0645\u062f\u0627\u062e\u0644\u0629 \u062d\u0648\u0644 \u0645\u0633\u062a\u0642\u0628\u0644 \u0627\u0644\u064a\u0645\u0646 \u2013 \u0645\u062c\u0644\u0633 \u0627\u0644\u0634\u064a\u0648\u062e  Palais du Luxembourg<\/a><\/h4>\n\t\t\t\t\t\t\t<div class=\"text\">\u0641\u064a \u0625\u0637\u0627\u0631 \u0627\u0644\u0646\u062f\u0648\u0629 \u0627\u0644\u062a\u064a \u0627\u0646\u0639\u0642\u062f\u062a \u0628\u0645\u062c\u0644\u0633 \u0627\u0644\u0634\u064a\u0648\u062e \u0642\u0635\u0631 \u0644\u064a\u0643\u0633\u0645\u0628\u0648\u0631\u063a\u0628\u0641\u0631\u0646\u0633\u0627 \u062d\u0648\u0644 \u0645\u0633\u062a\u0642\u0628\u0644 \u0627\u0644\u064a\u0645\u0646\u060c \u0628\u062d\u0636\u0648\u0631 \u0648\u0632\u064a\u0631 \u0627\u0644\u0627\u0642\u062a\u0635\u0627\u062f...<\/div>\n\t\t\t\t\t\t\t<ul class=\"post-meta\">\n\t\t\t\t\t\t\t\t<li><a href=\"https:\/\/naghmouche.com\/?p=218\"><span class=\"icon fa fa-user\"><\/span>\u0634\u0632\u064a\u0644 \u0639\u062b\u0645\u0627\u0646 \u0646\u063a\u0645\u0648\u0634<\/a><\/li>\n\t\t\t\t\t\t\t\t<li><a href=\"https:\/\/naghmouche.com\/?author=2\"><span class=\"icon fa fa-comment\"><\/span>2 Comments<\/a><\/li>\n\t\t\t\t\t\t\t<\/ul>\n\t\t\t\t\t\t<\/div>\n\t\t\t\t\t<\/div>\n\t\t\t\t\t<div class=\"hm2-news-block col-lg-4 col-md-6 col-sm-12\">\n\t\t\t\t\t\t<div class=\"inner-box\">\n\t\t\t\t\t\t\t<div class=\"post-date\">\n\t\t\t\t\t\t\t\t<span>Mar<\/span>23\n\t\t\t\t\t\t\t<\/div>\n\t\t\t\t\t\t\t<h4><a href=\"https:\/\/naghmouche.com\/?p=216\">\u0645\u0646\u0627\u0633\u0628\u0629 \u0630\u0643\u0631\u0649 \u0639\u064a\u062f \u0627\u0644\u0646\u0635\u0631 19 \u0645\u0627\u0631\u0633  1962<\/a><\/h4>\n\t\t\t\t\t\t\t<div class=\"text\">\ud83d\udfe2 \u0628\u0645\u0646\u0627\u0633\u0628\u0629 \u0630\u0643\u0631\u0649 \u0639\u064a\u062f \u0627\u0644\u0646\u0635\u0631 19 \u0645\u0627\u0631\u0633 1962 \ud83c\udde9\ud83c\uddff \u0648 \u062a\u062d\u062a \u0625\u0634\u0631\u0627\u0641 \u0627\u0644\u0633\u064a\u062f \u0646\u063a\u0645\u0648\u0634 \u0634\u0632\u064a\u0644...<\/div>\n\t\t\t\t\t\t\t<ul class=\"post-meta\">\n\t\t\t\t\t\t\t\t<li><a href=\"https:\/\/naghmouche.com\/?p=216\"><span class=\"icon fa fa-user\"><\/span>\u0634\u0632\u064a\u0644 \u0639\u062b\u0645\u0627\u0646 \u0646\u063a\u0645\u0648\u0634<\/a><\/li>\n\t\t\t\t\t\t\t\t<li><a href=\"https:\/\/naghmouche.com\/?author=2\"><span class=\"icon fa fa-comment\"><\/span>5 Comments<\/a><\/li>\n\t\t\t\t\t\t\t<\/ul>\n\t\t\t\t\t\t<\/div>\n\t\t\t\t\t<\/div>\n\t\t\t\t\t<div class=\"hm2-news-block col-lg-4 col-md-6 col-sm-12\">\n\t\t\t\t\t\t<div class=\"inner-box\">\n\t\t\t\t\t\t\t<div class=\"post-date\">\n\t\t\t\t\t\t\t\t<span>Jan<\/span>09\n\t\t\t\t\t\t\t<\/div>\n\t\t\t\t\t\t\t<h4><a href=\"https:\/\/naghmouche.com\/?p=206\">\u0645\u0642\u0627\u0628\u0644\u0629 \u0628\u0645\u0642\u0631 \u0645\u062c\u0644\u0633 \u0627\u0644\u0623\u0645\u0629 \u0627\u0644\u062c\u0632\u0627\u0626\u0631\u064a &#8211; Algerian Council of the Nation<\/a><\/h4>\n\t\t\t\t\t\t\t<div class=\"text\">\u062a\u0634\u0631\u0641\u0646\u0627 \u0628\u0645\u0642\u0627\u0628\u0644\u0629 \u0627\u0644\u0633\u064a\u0646\u0627\u062a\u0648\u0631 \u0645\u062d\u0645\u062f \u0639\u0645\u0631\u0627\u0646 \u0631\u0626\u064a\u0633 \u0644\u062c\u0646\u0629 \u0627\u0644\u0634\u0624\u0648\u0646 \u0627\u0644\u062e\u0627\u0631\u062c\u064a\u0629 \u0648\u0627\u0644\u062a\u0639\u0627\u0648\u0646 \u0627\u0644\u062f\u0648\u0644\u064a \u0648\u0627\u0644\u062c\u0627\u0644\u064a\u0629 \u0627\u0644\u062c\u0632\u0627\u0626\u0631\u064a\u0629 \u0641\u064a \u0627\u0644\u062e\u0627\u0631\u062c...<\/div>\n\t\t\t\t\t\t\t<ul class=\"post-meta\">\n\t\t\t\t\t\t\t\t<li><a href=\"https:\/\/naghmouche.com\/?p=206\"><span class=\"icon fa fa-user\"><\/span>\u0634\u0632\u064a\u0644 \u0639\u062b\u0645\u0627\u0646 \u0646\u063a\u0645\u0648\u0634<\/a><\/li>\n\t\t\t\t\t\t\t\t<li><a href=\"https:\/\/naghmouche.com\/?author=2\"><span class=\"icon fa fa-comment\"><\/span>6 Comments<\/a><\/li>\n\t\t\t\t\t\t\t<\/ul>\n\t\t\t\t\t\t<\/div>\n\t\t\t\t\t<\/div>\n\t\t\t<\/div>\n\t\t\t\n\t\t\t<div class=\"lower-text\"><p>Causes d'urgence dans le monde entier. D\u00e9couvrez d'<a href=\"https:\/\/naghmouche.com\/?page_id=425\">autres op\u00e9rations<\/a>.<\/p>\n<\/div>\n\t\t\t\n\t\t<\/div>\n\t<\/section>\t\t\t\t<\/div>\n\t\t\t\t<\/div>\n\t\t\t\t\t<\/div>\n\t\t<\/div>\n\t\t\t\t\t<\/div>\n\t\t<\/section>\n\t\t\t\t<\/div>\n\t\t","protected":false},"excerpt":{"rendered":"<p>Obtenir les derni\u00e8res mises \u00e0 jour des cha\u00eenes m\u00e9diatiques D\u00e9couvrez les communiqu\u00e9s de presse Jan12 Un leadership \u00e0 l&rsquo;\u00e9coute : rejoignez le mouvement pour le changement Construction is simply dummy text of the printing and typesetting industry. Lorem Ipsum has been&#8230; Thomas Smith 2 Comments Jan11 Revitalisons notre nation : [&hellip;]<\/p>\n","protected":false},"author":1,"featured_media":0,"parent":0,"menu_order":0,"comment_status":"closed","ping_status":"closed","template":"","meta":{"footnotes":""},"class_list":["post-183","page","type-page","status-publish","hentry"],"_links":{"self":[{"href":"https:\/\/naghmouche.com\/index.php?rest_route=\/wp\/v2\/pages\/183","targetHints":{"allow":["GET"]}}],"collection":[{"href":"https:\/\/naghmouche.com\/index.php?rest_route=\/wp\/v2\/pages"}],"about":[{"href":"https:\/\/naghmouche.com\/index.php?rest_route=\/wp\/v2\/types\/page"}],"author":[{"embeddable":true,"href":"https:\/\/naghmouche.com\/index.php?rest_route=\/wp\/v2\/users\/1"}],"replies":[{"embeddable":true,"href":"https:\/\/naghmouche.com\/index.php?rest_route=%2Fwp%2Fv2%2Fcomments&post=183"}],"version-history":[{"count":4,"href":"https:\/\/naghmouche.com\/index.php?rest_route=\/wp\/v2\/pages\/183\/revisions"}],"predecessor-version":[{"id":3571,"href":"https:\/\/naghmouche.com\/index.php?rest_route=\/wp\/v2\/pages\/183\/revisions\/3571"}],"wp:attachment":[{"href":"https:\/\/naghmouche.com\/index.php?rest_route=%2Fwp%2Fv2%2Fmedia&parent=183"}],"curies":[{"name":"wp","href":"https:\/\/api.w.org\/{rel}","templated":true}]}}